{"id":1000,"date":"2017-10-14T07:03:09","date_gmt":"2017-10-14T07:03:09","guid":{"rendered":"https:\/\/grenzgaengerversicherung.at\/cross-border-commuters-information\/how-do-i-insure-my-family"},"modified":"2025-12-18T10:32:03","modified_gmt":"2025-12-18T10:32:03","slug":"how-do-i-insure-my-family","status":"publish","type":"page","link":"https:\/\/grenzgaengerversicherung.at\/en\/cross-border-commuters-information\/how-do-i-insure-my-family","title":{"rendered":"How do I insure my family"},"content":{"rendered":"<div class=\"wpb-content-wrapper\"><p class=\"ai-optimize-6 ai-optimize-introduction\">[vc_row][vc_column][vc_column_text]\n<h1 class=\"ai-optimize-7\"><span style=\"font-family: verdana, geneva, sans-serif;\"><strong>Family health insurance solution(s) for cross-border commuters<\/strong><br \/>\n<em>Cross-border commuters from Austria to Switzerland \/ Liechtenstein<\/em><\/span><\/h1>\n<p class=\"ai-optimize-8\">[\/vc_column_text][vc_column_text]\n<p class=\"ai-optimize-9\" style=\"text-align: justify;\"><span style=\"font-family: verdana, geneva, sans-serif; font-size: 12pt;\">As a cross-border commuter from Austria to Switzerland or Liechtenstein, there are <a href=\"https:\/\/grenzgaengerversicherung.at\/en\/cross-border-commuters-health-insurance\" target=\"_blank\" rel=\"noopener\"><strong>3 variants of health insurance<\/strong><\/a> are available. A health insurance solution from Switzerland, statutory health insurance in Austria (\u00d6GK) or private health insurance for cross-border commuters (cross-border commuter insurance). <\/span><\/p>\n<p class=\"ai-optimize-10\" style=\"text-align: justify;\"><span style=\"font-family: verdana, geneva, sans-serif; font-size: 12pt;\">Which of these options suits you and your family best depends very much on your situation. Factors such as age, state of health, family situation, number of children and the desired level of benefits influence the decision. <\/span><\/p>\n<p class=\"ai-optimize-11\">[\/vc_column_text][vc_single_image image=&#8221;937&#8243; img_size=&#8221;full&#8221; alignment=&#8221;center&#8221;][\/vc_column][\/vc_row][vc_row][vc_column][vc_column_text]\n<p class=\"ai-optimize-12\" style=\"text-align: justify;\"><span style=\"font-family: verdana, geneva, sans-serif; font-size: 12pt;\">As a <strong>rule, private health insurance for cross-border commuters is the best option for the cross-border commuter himself<\/strong>, since, to put it in a nutshell, the level of benefits is by far the highest and the insurance premiums are normally also much cheaper than with the other two options.<\/span><\/p>\n<p class=\"ai-optimize-13\">[\/vc_column_text][vc_empty_space][vc_column_text]\n<h2 class=\"ai-optimize-14\"><strong><span style=\"font-family: verdana, geneva, sans-serif;\">How do I insure my family if I opt for private health insurance as a cross-border commuter?<\/span><\/strong><\/h2>\n<p class=\"ai-optimize-15\">[\/vc_column_text][vc_column_text]\n<h2 class=\"ai-optimize-16\"><span style=\"font-family: verdana, geneva, sans-serif;\">So let&#8217;s assume that you opt for private cross-border health insurance! But how will you insure the rest of your family? <\/span><\/h2>\n<p class=\"ai-optimize-17\" style=\"text-align: justify;\"><span style=\"font-size: 12pt;\"><span style=\"font-family: verdana, geneva, sans-serif;\">Below we try to give you an insight into the various options, but would like to make it clear straight away that the topic of health insurance is a very important and very individual one for the family. We therefore recommend a free and non-binding consultation with one of our cross-border commuter experts, because at the end of the day, the most important thing is that you   <\/span><span style=\"font-family: verdana, geneva, sans-serif;\">the best health insurance solution for you<\/span><span style=\"font-family: verdana, geneva, sans-serif;\"> best health insurance solution for you and your family.<\/span><\/span><\/p>\n<p class=\"ai-optimize-18\">[\/vc_column_text][\/vc_column][\/vc_row][vc_row][vc_column][vc_empty_space][vc_column_text]\n<h2 class=\"ai-optimize-19\" style=\"text-align: left;\"><strong><span style=\"font-family: verdana, geneva, sans-serif;\">Health insurance options for family members of privately insured cross-border commuters<\/span><\/strong><\/h2>\n<p>&nbsp;<\/p>\n<h3 class=\"ai-optimize-20\" style=\"text-align: left;\"><span style=\"font-family: verdana, geneva, sans-serif;\">Option 1: Your partner is already insured under the statutory health insurance scheme (e.g. \u00d6GK, BVAEB or SVS)<\/span><\/h3>\n<p class=\"ai-optimize-21\" style=\"text-align: justify;\"><span style=\"font-family: verdana, geneva, sans-serif; font-size: 12pt;\">In this case, nothing changes. Your partner remains in the statutory health insurance scheme. The children &#8211; if there are any &#8211; will of course continue to be covered by your partner&#8217;s statutory health insurance free of charge.  <\/span><\/p>\n<p>&nbsp;<\/p>\n<p class=\"ai-optimize-22\" style=\"text-align: justify;\"><span style=\"font-family: verdana, geneva, sans-serif; font-size: 12pt;\"><strong>Additional information &#8211; Who is covered by statutory health insurance in Austria?<br \/>\n<\/strong>In Austria, all employees who earn above the marginal earnings threshold are automatically covered by statutory health insurance. The same applies to all those who are registered with the AMS (Public Employment Service) and receive unemployment benefit. In addition, all women who receive child benefit. For students and people who are marginally employed, \u00d6GK offers very favorable options for voluntary insurance. Anyone who is not automatically covered by statutory health insurance can also take out voluntary insurance with \u00d6GK. More on this later.     <\/span><\/p>\n<p class=\"ai-optimize-23\">[\/vc_column_text][vc_empty_space][\/vc_column][\/vc_row][vc_row bg_type=&#8221;bg_color&#8221; bg_color_value=&#8221;#000f8a&#8221;][vc_column width=&#8221;2\/3&#8243;][vc_column_text]\n<h2 class=\"ai-optimize-24\"><span style=\"color: #ffffff;\"><strong><span style=\"font-family: verdana, geneva, sans-serif;\">Professional cross-border commuter advice incl. net salary calculation <\/span><\/strong><\/span><\/h2>\n<p class=\"ai-optimize-25\"><span style=\"font-family: verdana, geneva, sans-serif; font-size: 12pt; color: #ffffff;\">&gt;  Free and non-binding advice since 2003<\/span><br \/>\n<span style=\"font-family: verdana, geneva, sans-serif; font-size: 12pt; color: #ffffff;\">&gt;  Net wage calculation &amp; practical tax tips<\/span><br \/>\n<span style=\"color: #ffffff;\"> <span style=\"font-family: verdana, geneva, sans-serif; font-size: 12pt;\">&gt; Best and cheapest health insurance for cross-border commuters<br \/>\n&gt; Tips on choosing a bank account and currency exchange<br \/>\n<\/span><span style=\"font-family: verdana, geneva, sans-serif; font-size: 12pt;\">&gt; Help with registering with the tax office and much more<\/span><\/span>[\/vc_column_text][\/vc_column][vc_column width=&#8221;1\/3&#8243;][vc_empty_space height=&#8221;90px&#8221;][vc_btn title=&#8221;Arrange a consultation now&#8221; color=&#8221;turquoise&#8221; align=&#8221;center&#8221; link=&#8221;url:https%3A%2F%2Fbook.timify.com%2Fservices%3FaccountId%3D5dd58034ea99b411773abb33%26hideCloseButton%3Dtrue|title:Arrange%20a%20consultation%20now|target:_blank|&#8221;][\/vc_column][\/vc_row][vc_row][vc_column][vc_empty_space][vc_column_text]\n<h3 class=\"ai-optimize-26\" style=\"text-align: left;\"><span style=\"font-family: verdana, geneva, sans-serif;\">Variant 2: Your partner is either not insured or is currently still co-insured through you<\/span><\/h3>\n<p class=\"ai-optimize-27\" style=\"text-align: justify;\"><span style=\"font-family: verdana, geneva, sans-serif; font-size: 12pt;\"><strong>There are two options for this scenario.<\/strong>  You can voluntarily insure your partner and any children under the statutory insurance scheme (\u00d6GK self-insurance) or you can have your partner and, of course, any children insured under your new private cross-border commuter health insurance scheme.<\/span><\/p>\n<p>&nbsp;<\/p>\n<h4 class=\"ai-optimize-28\" style=\"text-align: left;\"><span style=\"font-size: 12pt;\"><strong><span style=\"font-family: verdana, geneva, sans-serif;\">Option 1: Voluntary self-insurance with statutory health insurance (\u00d6GK)<\/span><\/strong><\/span><\/h4>\n<p class=\"ai-optimize-29\" style=\"text-align: justify;\"><span style=\"font-family: verdana, geneva, sans-serif; font-size: 12pt;\">This insurance costs EUR 565.25 per month (as at 2026). Your children, if you have any, are automatically covered by statutory health insurance free of premiums. If your partner has no income of their own, the monthly contribution is calculated on the basis of approximately one third of your net income. <strong>The usual contributions are around EUR 150.00 per month.<\/strong>  <\/span><\/p>\n<p>&nbsp;<\/p>\n<p class=\"ai-optimize-30\" style=\"text-align: justify;\"><span style=\"font-family: verdana, geneva, sans-serif; font-size: 12pt;\"><strong>Expert tip 1:<\/strong> If you are considering this option, you should definitely send the Austrian Health Insurance Fund (\u00d6GK) your last income tax assessment for calculation. If you do not yet have one because you are just starting to work, then submit the income tax assessment as soon as you have it. If you only provide the \u00d6GK with your payslip, the health insurance company will assume that you have a net Swiss salary, which will massively increase your monthly contribution. The Austrian net salary is stated on the income tax assessment notice, i.e. your actual net salary, which has also been reduced by the Austrian tax. Only with this can a correct calculation be carried out.    <\/span><\/p>\n<p class=\"ai-optimize-31\" style=\"text-align: justify;\"><span style=\"font-size: 12pt;\"><strong><span style=\"font-family: verdana, geneva, sans-serif;\"><span style=\"font-family: verdana, geneva, sans-serif; font-size: 12pt;\">Expert tip 2:  <\/span><\/span><\/strong><span style=\"font-family: verdana, geneva, sans-serif;\">If your partner and possibly your children are covered by statutory health insurance, then additional private health insurance is a big issue for many families. We will be happy to discuss whether this makes sense for you and your family, what it costs and what options the insurance companies have in a free, no-obligation consultation. <\/span><\/span><\/p>\n<p>&nbsp;<\/p>\n<h4 class=\"ai-optimize-32\" style=\"text-align: left;\"><span style=\"font-size: 12pt;\"><strong><span style=\"font-family: verdana, geneva, sans-serif;\">Option 2: Co-insurance in the cross-border commuter insurance (private health insurance)<\/span><\/strong><\/span><\/h4>\n<p class=\"ai-optimize-33\" style=\"text-align: justify;\"><span style=\"font-family: verdana, geneva, sans-serif; font-size: 12pt;\">You have the option of insuring your partner and, of course, your children in the cross-border commuter insurance for an additional premium. The premiums depend, among other things, on the number of persons, their age and state of health. <\/span><\/p>\n<p>&nbsp;<\/p>\n<p class=\"ai-optimize-34\" style=\"text-align: justify;\"><span style=\"font-size: 12pt;\"><strong><span style=\"font-family: verdana, geneva, sans-serif;\">Expert tip 3:  <\/span><\/strong><span style=\"font-family: verdana, geneva, sans-serif;\">As this is a very individual topic, we recommend that you arrange a free, no-obligation consultation with one of our cross-border commuter experts.  <strong>Martin H\u00e4usler (Managing Director B-Quadrat): \u201cIn our consultations, we calculate all the options and compare them with each other. That way, we always find the best health insurance solution for your family!\u201d   <\/strong><\/span><span style=\"font-family: verdana, geneva, sans-serif;\">Benefit from our experience. We have been advising and supporting cross-border commuters since 2003 and are really happy to help you. <\/span><\/span><\/p>\n<p class=\"ai-optimize-35\">[\/vc_column_text][\/vc_column][\/vc_row][vc_row][vc_column][vc_btn title=&#8221;Questions? Contact us now! &#8221; style=&#8221;3d&#8221; color=&#8221;info&#8221; link=&#8221;url:https%3A%2F%2Fgrenzgaengerversicherung.at%2Fen%2Fcontact-us|&#8221;][\/vc_column][\/vc_row]\n<\/div>","protected":false},"excerpt":{"rendered":"<p>[vc_row][vc_column][vc_column_text] Family health insurance solution(s) for cross-border commuters Cross-border commuters from Austria to Switzerland \/ Liechtenstein [\/vc_column_text][vc_column_text] As a cross-border commuter from Austria to Switzerland or Liechtenstein, there are 3 variants of health insurance are available. A health insurance solution from Switzerland, statutory health insurance in Austria<\/p>\n","protected":false},"author":1,"featured_media":0,"parent":998,"menu_order":0,"comment_status":"closed","ping_status":"closed","template":"page-FullWidth.php","meta":{"_monsterinsights_skip_tracking":false,"_monsterinsights_sitenote_active":false,"_monsterinsights_sitenote_note":"","_monsterinsights_sitenote_category":0,"footnotes":""},"class_list":["post-1000","page","type-page","status-publish","hentry"],"yoast_head":"<!-- This site is optimized with the Yoast SEO Premium plugin v25.2 (Yoast SEO v26.8) - https:\/\/yoast.com\/product\/yoast-seo-premium-wordpress\/ -->\n<title>Family insurance | Health insurance for cross-border commuters<\/title>\n<meta name=\"description\" content=\"How do I insure my family if I opt for private health insurance for cross-border commuters (cross-border commuter insurance)?\" \/>\n<meta name=\"robots\" content=\"index, follow, max-snippet:-1, max-image-preview:large, max-video-preview:-1\" \/>\n<link rel=\"canonical\" href=\"https:\/\/grenzgaengerversicherung.at\/en\/cross-border-commuters-information\/how-do-i-insure-my-family\" \/>\n<meta property=\"og:locale\" content=\"en_US\" \/>\n<meta property=\"og:type\" content=\"article\" \/>\n<meta property=\"og:title\" content=\"How do I insure my family\" \/>\n<meta property=\"og:description\" content=\"How do I insure my family if I opt for private health insurance for cross-border commuters (cross-border commuter insurance)?\" \/>\n<meta property=\"og:url\" content=\"https:\/\/grenzgaengerversicherung.at\/en\/cross-border-commuters-information\/how-do-i-insure-my-family\" \/>\n<meta property=\"og:site_name\" content=\"Cross-Border Insurance &amp; Service \u2013 by B-Quadrat | Professional advice for cross-borders\" \/>\n<meta property=\"article:publisher\" content=\"https:\/\/www.facebook.com\/BQuadratFinanzberatung\/\" \/>\n<meta property=\"article:modified_time\" content=\"2025-12-18T10:32:03+00:00\" \/>\n<meta name=\"twitter:card\" content=\"summary_large_image\" \/>\n<meta name=\"twitter:label1\" content=\"Est. reading time\" \/>\n\t<meta name=\"twitter:data1\" content=\"5 minutes\" \/>\n<script type=\"application\/ld+json\" class=\"yoast-schema-graph\">{\"@context\":\"https:\/\/schema.org\",\"@graph\":[{\"@type\":\"WebPage\",\"@id\":\"https:\/\/grenzgaengerversicherung.at\/en\/cross-border-commuters-information\/how-do-i-insure-my-family\",\"url\":\"https:\/\/grenzgaengerversicherung.at\/en\/cross-border-commuters-information\/how-do-i-insure-my-family\",\"name\":\"Family insurance | Health insurance for cross-border commuters\",\"isPartOf\":{\"@id\":\"https:\/\/grenzgaengerversicherung.at\/en#website\"},\"datePublished\":\"2017-10-14T07:03:09+00:00\",\"dateModified\":\"2025-12-18T10:32:03+00:00\",\"description\":\"How do I insure my family if I opt for private health insurance for cross-border commuters (cross-border commuter insurance)?\",\"breadcrumb\":{\"@id\":\"https:\/\/grenzgaengerversicherung.at\/en\/cross-border-commuters-information\/how-do-i-insure-my-family#breadcrumb\"},\"inLanguage\":\"en-US\",\"potentialAction\":[{\"@type\":\"ReadAction\",\"target\":[\"https:\/\/grenzgaengerversicherung.at\/en\/cross-border-commuters-information\/how-do-i-insure-my-family\"]}]},{\"@type\":\"BreadcrumbList\",\"@id\":\"https:\/\/grenzgaengerversicherung.at\/en\/cross-border-commuters-information\/how-do-i-insure-my-family#breadcrumb\",\"itemListElement\":[{\"@type\":\"ListItem\",\"position\":1,\"name\":\"Startseite\",\"item\":\"https:\/\/grenzgaengerversicherung.at\/en\"},{\"@type\":\"ListItem\",\"position\":2,\"name\":\"Cross-border commuters &amp; information\",\"item\":\"https:\/\/grenzgaengerversicherung.at\/en\/cross-border-commuters-information\"},{\"@type\":\"ListItem\",\"position\":3,\"name\":\"How do I insure my family\"}]},{\"@type\":\"WebSite\",\"@id\":\"https:\/\/grenzgaengerversicherung.at\/en#website\",\"url\":\"https:\/\/grenzgaengerversicherung.at\/en\",\"name\":\"Grenzg\u00e4nger - Versicherung & Service von B-Quadrat | Professionelle Beratung f\u00fcr Grenzg\u00e4nger\",\"description\":\"\",\"publisher\":{\"@id\":\"https:\/\/grenzgaengerversicherung.at\/en#organization\"},\"potentialAction\":[{\"@type\":\"SearchAction\",\"target\":{\"@type\":\"EntryPoint\",\"urlTemplate\":\"https:\/\/grenzgaengerversicherung.at\/en?s={search_term_string}\"},\"query-input\":{\"@type\":\"PropertyValueSpecification\",\"valueRequired\":true,\"valueName\":\"search_term_string\"}}],\"inLanguage\":\"en-US\"},{\"@type\":\"Organization\",\"@id\":\"https:\/\/grenzgaengerversicherung.at\/en#organization\",\"name\":\"Cross-Border Insurance & Service \u2013 by B-Quadrat\",\"url\":\"https:\/\/grenzgaengerversicherung.at\/en\",\"logo\":{\"@type\":\"ImageObject\",\"inLanguage\":\"en-US\",\"@id\":\"https:\/\/grenzgaengerversicherung.at\/en#\/schema\/logo\/image\/\",\"url\":\"https:\/\/grenzgaengerversicherung.at\/wp-content\/uploads\/2024\/09\/Logo_Grenzgaengerversicherung_mit-Bquadrat_Logo.png\",\"contentUrl\":\"https:\/\/grenzgaengerversicherung.at\/wp-content\/uploads\/2024\/09\/Logo_Grenzgaengerversicherung_mit-Bquadrat_Logo.png\",\"width\":380,\"height\":141,\"caption\":\"Cross-Border Insurance & Service \u2013 by B-Quadrat\"},\"image\":{\"@id\":\"https:\/\/grenzgaengerversicherung.at\/en#\/schema\/logo\/image\/\"},\"sameAs\":[\"https:\/\/www.facebook.com\/BQuadratFinanzberatung\/\",\"https:\/\/www.linkedin.com\/company\/b-quadrat-finanzberatungs-gmbh\/\"]}]}<\/script>\n<!-- \/ Yoast SEO Premium plugin. -->","yoast_head_json":{"title":"Family insurance | Health insurance for cross-border commuters","description":"How do I insure my family if I opt for private health insurance for cross-border commuters (cross-border commuter insurance)?","robots":{"index":"index","follow":"follow","max-snippet":"max-snippet:-1","max-image-preview":"max-image-preview:large","max-video-preview":"max-video-preview:-1"},"canonical":"https:\/\/grenzgaengerversicherung.at\/en\/cross-border-commuters-information\/how-do-i-insure-my-family","og_locale":"en_US","og_type":"article","og_title":"How do I insure my family","og_description":"How do I insure my family if I opt for private health insurance for cross-border commuters (cross-border commuter insurance)?","og_url":"https:\/\/grenzgaengerversicherung.at\/en\/cross-border-commuters-information\/how-do-i-insure-my-family","og_site_name":"Cross-Border Insurance & Service \u2013 by B-Quadrat | Professional advice for cross-borders","article_publisher":"https:\/\/www.facebook.com\/BQuadratFinanzberatung\/","article_modified_time":"2025-12-18T10:32:03+00:00","twitter_card":"summary_large_image","twitter_misc":{"Est. reading time":"5 minutes"},"schema":{"@context":"https:\/\/schema.org","@graph":[{"@type":"WebPage","@id":"https:\/\/grenzgaengerversicherung.at\/en\/cross-border-commuters-information\/how-do-i-insure-my-family","url":"https:\/\/grenzgaengerversicherung.at\/en\/cross-border-commuters-information\/how-do-i-insure-my-family","name":"Family insurance | Health insurance for cross-border commuters","isPartOf":{"@id":"https:\/\/grenzgaengerversicherung.at\/en#website"},"datePublished":"2017-10-14T07:03:09+00:00","dateModified":"2025-12-18T10:32:03+00:00","description":"How do I insure my family if I opt for private health insurance for cross-border commuters (cross-border commuter insurance)?","breadcrumb":{"@id":"https:\/\/grenzgaengerversicherung.at\/en\/cross-border-commuters-information\/how-do-i-insure-my-family#breadcrumb"},"inLanguage":"en-US","potentialAction":[{"@type":"ReadAction","target":["https:\/\/grenzgaengerversicherung.at\/en\/cross-border-commuters-information\/how-do-i-insure-my-family"]}]},{"@type":"BreadcrumbList","@id":"https:\/\/grenzgaengerversicherung.at\/en\/cross-border-commuters-information\/how-do-i-insure-my-family#breadcrumb","itemListElement":[{"@type":"ListItem","position":1,"name":"Startseite","item":"https:\/\/grenzgaengerversicherung.at\/en"},{"@type":"ListItem","position":2,"name":"Cross-border commuters &amp; information","item":"https:\/\/grenzgaengerversicherung.at\/en\/cross-border-commuters-information"},{"@type":"ListItem","position":3,"name":"How do I insure my family"}]},{"@type":"WebSite","@id":"https:\/\/grenzgaengerversicherung.at\/en#website","url":"https:\/\/grenzgaengerversicherung.at\/en","name":"Grenzg\u00e4nger - Versicherung & Service von B-Quadrat | Professionelle Beratung f\u00fcr Grenzg\u00e4nger","description":"","publisher":{"@id":"https:\/\/grenzgaengerversicherung.at\/en#organization"},"potentialAction":[{"@type":"SearchAction","target":{"@type":"EntryPoint","urlTemplate":"https:\/\/grenzgaengerversicherung.at\/en?s={search_term_string}"},"query-input":{"@type":"PropertyValueSpecification","valueRequired":true,"valueName":"search_term_string"}}],"inLanguage":"en-US"},{"@type":"Organization","@id":"https:\/\/grenzgaengerversicherung.at\/en#organization","name":"Cross-Border Insurance & Service \u2013 by B-Quadrat","url":"https:\/\/grenzgaengerversicherung.at\/en","logo":{"@type":"ImageObject","inLanguage":"en-US","@id":"https:\/\/grenzgaengerversicherung.at\/en#\/schema\/logo\/image\/","url":"https:\/\/grenzgaengerversicherung.at\/wp-content\/uploads\/2024\/09\/Logo_Grenzgaengerversicherung_mit-Bquadrat_Logo.png","contentUrl":"https:\/\/grenzgaengerversicherung.at\/wp-content\/uploads\/2024\/09\/Logo_Grenzgaengerversicherung_mit-Bquadrat_Logo.png","width":380,"height":141,"caption":"Cross-Border Insurance & Service \u2013 by B-Quadrat"},"image":{"@id":"https:\/\/grenzgaengerversicherung.at\/en#\/schema\/logo\/image\/"},"sameAs":["https:\/\/www.facebook.com\/BQuadratFinanzberatung\/","https:\/\/www.linkedin.com\/company\/b-quadrat-finanzberatungs-gmbh\/"]}]}},"_links":{"self":[{"href":"https:\/\/grenzgaengerversicherung.at\/en\/wp-json\/wp\/v2\/pages\/1000","targetHints":{"allow":["GET"]}}],"collection":[{"href":"https:\/\/grenzgaengerversicherung.at\/en\/wp-json\/wp\/v2\/pages"}],"about":[{"href":"https:\/\/grenzgaengerversicherung.at\/en\/wp-json\/wp\/v2\/types\/page"}],"author":[{"embeddable":true,"href":"https:\/\/grenzgaengerversicherung.at\/en\/wp-json\/wp\/v2\/users\/1"}],"replies":[{"embeddable":true,"href":"https:\/\/grenzgaengerversicherung.at\/en\/wp-json\/wp\/v2\/comments?post=1000"}],"version-history":[{"count":17,"href":"https:\/\/grenzgaengerversicherung.at\/en\/wp-json\/wp\/v2\/pages\/1000\/revisions"}],"predecessor-version":[{"id":1088,"href":"https:\/\/grenzgaengerversicherung.at\/en\/wp-json\/wp\/v2\/pages\/1000\/revisions\/1088"}],"up":[{"embeddable":true,"href":"https:\/\/grenzgaengerversicherung.at\/en\/wp-json\/wp\/v2\/pages\/998"}],"wp:attachment":[{"href":"https:\/\/grenzgaengerversicherung.at\/en\/wp-json\/wp\/v2\/media?parent=1000"}],"curies":[{"name":"wp","href":"https:\/\/api.w.org\/{rel}","templated":true}]}}