{"id":952,"date":"2019-07-16T14:19:14","date_gmt":"2019-07-16T14:19:14","guid":{"rendered":"https:\/\/grenzgaengerversicherung.at\/cross-border-commuters-company-cars"},"modified":"2025-06-04T08:56:51","modified_gmt":"2025-06-04T08:56:51","slug":"cross-border-commuters-company-cars","status":"publish","type":"page","link":"https:\/\/grenzgaengerversicherung.at\/en\/cross-border-commuters-information\/cross-border-commuters-company-cars","title":{"rendered":"Cross-border commuters &amp; company cars"},"content":{"rendered":"<div class=\"wpb-content-wrapper\">[vc_row][vc_column][vc_column_text]\n<p class=\"ai-optimize-209 ai-optimize-introduction\">[\/vc_column_text][\/vc_column][\/vc_row][vc_row][vc_column][vc_column_text]\n<p class=\"ai-optimize-196 ai-optimize-introduction\">[\/vc_column_text][\/vc_column][\/vc_row][vc_row][vc_column][vc_column_text]\n<h1 class=\"ai-optimize-197\"><strong><span style=\"font-family: verdana, geneva, sans-serif;\">Cross-border commuters &amp; company cars<\/span><\/strong><\/h1>\n<p class=\"ai-optimize-198\">[\/vc_column_text][vc_single_image image=&#8221;1065&#8243; img_size=&#8221;full&#8221; css=&#8221;&#8221;][vc_column_text css=&#8221;&#8221;]\n<p class=\"ai-optimize-199\" style=\"text-align: justify;\"><span style=\"font-family: verdana, geneva, sans-serif; font-size: 12pt;\">With one of the lowest unemployment rates in Europe and attractive wages, Switzerland remains an extremely attractive place to work. In 2020, the number of people working in Switzerland who reside in a neighboring country was 343,000. Some of these cross-border commuters use a company car registered in Switzerland in the name of their employer. Below we answer 3 important questions about cross-border commuters and company cars. <\/span><\/p>\n<h2 class=\"ai-optimize-200\" style=\"text-align: justify;\"><span style=\"font-family: verdana, geneva, sans-serif;\"><strong>1. can an employee resident in the EU continue to use their vehicle registered in Switzerland?<\/strong><\/span><\/h2>\n<p class=\"ai-optimize-201\" style=\"text-align: justify;\"><span style=\"font-family: verdana, geneva, sans-serif; font-size: 12pt;\">Within Switzerland, cross-border commuters can continue to use their company car registered in Switzerland without restriction. In the EU, only uninterrupted journeys between the place of work and the place of residence are permitted for private purposes. In addition, journeys for the performance of a task specified in the employment contract are permitted. <\/span><\/p>\n<h2 class=\"ai-optimize-202\" style=\"text-align: justify;\"><span style=\"font-family: verdana, geneva, sans-serif;\"><strong>2. what must be done if a cross-border commuter has to use his company car for private purposes within the EU?<\/strong><\/span><\/h2>\n<p class=\"ai-optimize-203\" style=\"text-align: justify;\"><span style=\"font-family: verdana, geneva, sans-serif; font-size: 12pt;\">It is possible to submit an application for \u201crelease for free circulation\u201d (often also referred to as \u201ccustoms clearance\u201d) to the customs authorities in the employee&#8217;s country of residence so that they can use their company vehicle for private journeys within the EU completely legally. However, there are costs involved, such as VAT in the country of residence, which is calculated on the basis of the market value of the vehicle. In addition, an import duty of 10% (also based on the market value of the vehicle) is levied if the car was produced outside the EU.<\/span><\/p>\n<p class=\"ai-optimize-204\">[\/vc_column_text][\/vc_column][\/vc_row][vc_row][vc_column][vc_empty_space height=&#8221;52px&#8221;][\/vc_column][\/vc_row][vc_row bg_type=&#8221;bg_color&#8221; bg_color_value=&#8221;#000f8a&#8221;][vc_column width=&#8221;2\/3&#8243;][vc_column_text]\n<h2 class=\"ai-optimize-18\"><span style=\"color: #ffffff;\"><strong><span style=\"font-family: verdana, geneva, sans-serif;\">Best cross-border commuter advice incl. net salary calculation <\/span><\/strong><\/span><\/h2>\n<p class=\"ai-optimize-19\"><span style=\"font-family: verdana, geneva, sans-serif; font-size: 12pt; color: #ffffff;\">&gt; Free and non-binding advice since 2003<\/span><br \/>\n<span style=\"font-family: verdana, geneva, sans-serif; font-size: 12pt; color: #ffffff;\">&gt; Net wage calculation &amp; practical tax tips<\/span><br \/>\n<span style=\"font-family: verdana, geneva, sans-serif; font-size: 12pt; color: #ffffff;\">&gt; Best and cheapest health insurance for cross-border commuters<br \/>\n&gt; Help with choosing the right bank account<br \/>\n<\/span><span style=\"font-family: verdana, geneva, sans-serif; font-size: 12pt; color: #000000;\"><span style=\"color: #ffffff;\">&gt; Help with registering with the tax office and much more<\/span><\/span>[\/vc_column_text][\/vc_column][vc_column width=&#8221;1\/3&#8243;][vc_empty_space height=&#8221;90px&#8221;][vc_btn title=&#8221;Arrange a consultation now&#8221; color=&#8221;danger&#8221; link=&#8221;url:https%3A%2F%2Fbook.timify.com%2Fservices%3FaccountId%3D5dd58034ea99b411773abb33%26hideCloseButton%3Dtrue|title:Arrange%20a%20consultation%20now|target:_blank|&#8221;][\/vc_column][\/vc_row][vc_row][vc_column][vc_empty_space height=&#8221;52px&#8221;][\/vc_column][\/vc_row][vc_row][vc_column][vc_column_text css=&#8221;&#8221;]\n<h2 class=\"ai-optimize-131\" style=\"text-align: justify;\"><span style=\"font-family: verdana, geneva, sans-serif;\"><strong>3. when I bought the vehicle in Switzerland, I already paid the Swiss VAT, and now I am supposed to pay the VAT in another country for the second time. Can I have one of the two refunded? <\/strong><\/span><\/h2>\n<p class=\"ai-optimize-132\" style=\"text-align: justify;\"><span style=\"font-family: verdana, geneva, sans-serif; font-size: 12pt;\">Yes, in principle it is possible to have the VAT of the cross-border commuter&#8217;s country of residence refunded. However, the vehicle must remain registered in Switzerland. However, implementation is at the discretion of the employee&#8217;s country of residence. Although this is EU law, the countries themselves are responsible for its implementation. And so there are indeed major differences depending on the country. So far, it is possible to reclaim VAT in Germany, Austria and France. <\/span><\/p>\n<h2 class=\"ai-optimize-133\" style=\"text-align: justify;\"><span style=\"font-family: verdana, geneva, sans-serif;\"><strong>Any questions? <\/strong><\/span><\/h2>\n<p class=\"ai-optimize-134\" style=\"text-align: justify;\"><span style=\"font-family: verdana, geneva, sans-serif; font-size: 12pt;\">On the homepage of <a href=\"https:\/\/europa.eu\/youreurope\/citizens\/vehicles\/cars\/company-cars\/index_de.htm#shortcut-4-als-grenzgnger-in-der-eu\" target=\"_blank\" rel=\"noopener noreferrer\">\u201cYour Europe\u201d<\/a> you will find further useful information and tips on the subject of cross-border commuters and company cars.<\/span><br \/>\n<span style=\"font-family: verdana, geneva, sans-serif; font-size: 12pt;\">The following link will take you to the national contacts for Austria &#8211; <a href=\"https:\/\/europa.eu\/youreurope\/citizens\/national-contact-points\/austria\/index_de.htm?topic=vehicles&amp;contacts=id-9e6TTR3j,id-blKumzzi,id-MocxaO1r,id-YdjuCB0L,id-7IkXsJSC,id-X6Q63slR,id-MHuHJGUA,id-PmWqGfRw,id-TdtnDg1r,id-6kvoyCaj,id-JGc5DVGa,id-gGtnMlqF,id-QLEhnyTz,id-lVwFM3mE,id-yrCV1wM4,id-MjvyXKX1,id-zEW1iGyX,id-fYP8m294,id-cWH0IxJR,id-nnxjhrrP,id-w4feBsvv,id-LrMyqKl0,id-HztlwgQ0,id-6FXoUW2A,id-yCNgNwXi,id-Kl2lvMCp,id-Gqqps96I,id-u0vcrogH,id-3Gia3ixp,id-qHKCpC6g,id-Pj1U03EL#shortcut-6-fahrzeuge\" target=\"_blank\" rel=\"noopener noreferrer\">\u201cNational contacts &#8211; All about cars\u201d<\/a>. Here you will find the contact details of the Federal Ministry for Transport, Innovation and Technology (BMVIT) where you can register a company vehicle.<\/span><\/p>\n<p class=\"ai-optimize-205\">[\/vc_column_text][\/vc_column][\/vc_row][vc_row][vc_column][vc_empty_space height=&#8221;52px&#8221;][vc_widget_sidebar sidebar_id=&#8221;sidebar-19&#8243;][\/vc_column][\/vc_row][vc_row][vc_column][vc_column_text]\n<p>&nbsp;<\/p>\n<p class=\"ai-optimize-17\">[\/vc_column_text][\/vc_column][\/vc_row][vc_row][\/vc_row][vc_column][\/vc_column]\n<\/div>","protected":false},"excerpt":{"rendered":"<p>[vc_row][vc_column][vc_column_text] [\/vc_column_text][\/vc_column][\/vc_row][vc_row][vc_column][vc_column_text] [\/vc_column_text][\/vc_column][\/vc_row][vc_row][vc_column][vc_column_text] Cross-border commuters &amp; company cars [\/vc_column_text][vc_single_image image=&#8221;1065&#8243; img_size=&#8221;full&#8221; css=&#8221;&#8221;][vc_column_text css=&#8221;&#8221;] With one of the lowest unemployment rates in Europe and attractive wages, Switzerland remains an extremely attractive place to work. In 2020, the number of people working in Switzerland who reside in a neighboring<\/p>\n","protected":false},"author":1,"featured_media":0,"parent":998,"menu_order":0,"comment_status":"closed","ping_status":"closed","template":"page-FullWidth.php","meta":{"_monsterinsights_skip_tracking":false,"_monsterinsights_sitenote_active":false,"_monsterinsights_sitenote_note":"","_monsterinsights_sitenote_category":0,"footnotes":""},"class_list":["post-952","page","type-page","status-publish","hentry"],"yoast_head":"<!-- This site is optimized with the Yoast SEO Premium plugin v25.2 (Yoast SEO v26.8) - https:\/\/yoast.com\/product\/yoast-seo-premium-wordpress\/ -->\n<title>Cross-border commuters &amp; company cars<\/title>\n<meta name=\"description\" content=\"Cross-border commuters &amp; company cars | If the company is based outside the EU, there is no leeway for private use of the company car. Find out more...\" \/>\n<meta name=\"robots\" content=\"index, follow, max-snippet:-1, max-image-preview:large, max-video-preview:-1\" \/>\n<link rel=\"canonical\" href=\"https:\/\/grenzgaengerversicherung.at\/en\/cross-border-commuters-information\/cross-border-commuters-company-cars\" \/>\n<meta property=\"og:locale\" content=\"en_US\" \/>\n<meta property=\"og:type\" content=\"article\" \/>\n<meta property=\"og:title\" content=\"Cross-border commuters &amp; company cars\" \/>\n<meta property=\"og:description\" content=\"Cross-border commuters &amp; company cars | If the company is based outside the EU, there is no leeway for private use of the company car. Find out more...\" \/>\n<meta property=\"og:url\" content=\"https:\/\/grenzgaengerversicherung.at\/en\/cross-border-commuters-information\/cross-border-commuters-company-cars\" \/>\n<meta property=\"og:site_name\" content=\"Cross-Border Insurance &amp; Service \u2013 by B-Quadrat | Professional advice for cross-borders\" \/>\n<meta property=\"article:publisher\" content=\"https:\/\/www.facebook.com\/BQuadratFinanzberatung\/\" \/>\n<meta property=\"article:modified_time\" content=\"2025-06-04T08:56:51+00:00\" \/>\n<meta name=\"twitter:card\" content=\"summary_large_image\" \/>\n<meta name=\"twitter:label1\" content=\"Est. reading time\" \/>\n\t<meta name=\"twitter:data1\" content=\"4 minutes\" \/>\n<script type=\"application\/ld+json\" class=\"yoast-schema-graph\">{\"@context\":\"https:\/\/schema.org\",\"@graph\":[{\"@type\":\"WebPage\",\"@id\":\"https:\/\/grenzgaengerversicherung.at\/en\/cross-border-commuters-information\/cross-border-commuters-company-cars\",\"url\":\"https:\/\/grenzgaengerversicherung.at\/en\/cross-border-commuters-information\/cross-border-commuters-company-cars\",\"name\":\"Cross-border commuters &amp; company cars\",\"isPartOf\":{\"@id\":\"https:\/\/grenzgaengerversicherung.at\/en#website\"},\"datePublished\":\"2019-07-16T14:19:14+00:00\",\"dateModified\":\"2025-06-04T08:56:51+00:00\",\"description\":\"Cross-border commuters & company cars | If the company is based outside the EU, there is no leeway for private use of the company car. Find out more...\",\"breadcrumb\":{\"@id\":\"https:\/\/grenzgaengerversicherung.at\/en\/cross-border-commuters-information\/cross-border-commuters-company-cars#breadcrumb\"},\"inLanguage\":\"en-US\",\"potentialAction\":[{\"@type\":\"ReadAction\",\"target\":[\"https:\/\/grenzgaengerversicherung.at\/en\/cross-border-commuters-information\/cross-border-commuters-company-cars\"]}]},{\"@type\":\"BreadcrumbList\",\"@id\":\"https:\/\/grenzgaengerversicherung.at\/en\/cross-border-commuters-information\/cross-border-commuters-company-cars#breadcrumb\",\"itemListElement\":[{\"@type\":\"ListItem\",\"position\":1,\"name\":\"Startseite\",\"item\":\"https:\/\/grenzgaengerversicherung.at\/en\"},{\"@type\":\"ListItem\",\"position\":2,\"name\":\"Cross-border commuters &amp; information\",\"item\":\"https:\/\/grenzgaengerversicherung.at\/en\/cross-border-commuters-information\"},{\"@type\":\"ListItem\",\"position\":3,\"name\":\"Cross-border commuters &amp; company cars\"}]},{\"@type\":\"WebSite\",\"@id\":\"https:\/\/grenzgaengerversicherung.at\/en#website\",\"url\":\"https:\/\/grenzgaengerversicherung.at\/en\",\"name\":\"Grenzg\u00e4nger - Versicherung & Service von B-Quadrat | Professionelle Beratung f\u00fcr Grenzg\u00e4nger\",\"description\":\"\",\"publisher\":{\"@id\":\"https:\/\/grenzgaengerversicherung.at\/en#organization\"},\"potentialAction\":[{\"@type\":\"SearchAction\",\"target\":{\"@type\":\"EntryPoint\",\"urlTemplate\":\"https:\/\/grenzgaengerversicherung.at\/en?s={search_term_string}\"},\"query-input\":{\"@type\":\"PropertyValueSpecification\",\"valueRequired\":true,\"valueName\":\"search_term_string\"}}],\"inLanguage\":\"en-US\"},{\"@type\":\"Organization\",\"@id\":\"https:\/\/grenzgaengerversicherung.at\/en#organization\",\"name\":\"Cross-Border Insurance & Service \u2013 by B-Quadrat\",\"url\":\"https:\/\/grenzgaengerversicherung.at\/en\",\"logo\":{\"@type\":\"ImageObject\",\"inLanguage\":\"en-US\",\"@id\":\"https:\/\/grenzgaengerversicherung.at\/en#\/schema\/logo\/image\/\",\"url\":\"https:\/\/grenzgaengerversicherung.at\/wp-content\/uploads\/2024\/09\/Logo_Grenzgaengerversicherung_mit-Bquadrat_Logo.png\",\"contentUrl\":\"https:\/\/grenzgaengerversicherung.at\/wp-content\/uploads\/2024\/09\/Logo_Grenzgaengerversicherung_mit-Bquadrat_Logo.png\",\"width\":380,\"height\":141,\"caption\":\"Cross-Border Insurance & Service \u2013 by B-Quadrat\"},\"image\":{\"@id\":\"https:\/\/grenzgaengerversicherung.at\/en#\/schema\/logo\/image\/\"},\"sameAs\":[\"https:\/\/www.facebook.com\/BQuadratFinanzberatung\/\",\"https:\/\/www.linkedin.com\/company\/b-quadrat-finanzberatungs-gmbh\/\"]}]}<\/script>\n<!-- \/ Yoast SEO Premium plugin. -->","yoast_head_json":{"title":"Cross-border commuters &amp; company cars","description":"Cross-border commuters & company cars | If the company is based outside the EU, there is no leeway for private use of the company car. Find out more...","robots":{"index":"index","follow":"follow","max-snippet":"max-snippet:-1","max-image-preview":"max-image-preview:large","max-video-preview":"max-video-preview:-1"},"canonical":"https:\/\/grenzgaengerversicherung.at\/en\/cross-border-commuters-information\/cross-border-commuters-company-cars","og_locale":"en_US","og_type":"article","og_title":"Cross-border commuters &amp; company cars","og_description":"Cross-border commuters & company cars | If the company is based outside the EU, there is no leeway for private use of the company car. Find out more...","og_url":"https:\/\/grenzgaengerversicherung.at\/en\/cross-border-commuters-information\/cross-border-commuters-company-cars","og_site_name":"Cross-Border Insurance & Service \u2013 by B-Quadrat | Professional advice for cross-borders","article_publisher":"https:\/\/www.facebook.com\/BQuadratFinanzberatung\/","article_modified_time":"2025-06-04T08:56:51+00:00","twitter_card":"summary_large_image","twitter_misc":{"Est. reading time":"4 minutes"},"schema":{"@context":"https:\/\/schema.org","@graph":[{"@type":"WebPage","@id":"https:\/\/grenzgaengerversicherung.at\/en\/cross-border-commuters-information\/cross-border-commuters-company-cars","url":"https:\/\/grenzgaengerversicherung.at\/en\/cross-border-commuters-information\/cross-border-commuters-company-cars","name":"Cross-border commuters &amp; company cars","isPartOf":{"@id":"https:\/\/grenzgaengerversicherung.at\/en#website"},"datePublished":"2019-07-16T14:19:14+00:00","dateModified":"2025-06-04T08:56:51+00:00","description":"Cross-border commuters & company cars | If the company is based outside the EU, there is no leeway for private use of the company car. Find out more...","breadcrumb":{"@id":"https:\/\/grenzgaengerversicherung.at\/en\/cross-border-commuters-information\/cross-border-commuters-company-cars#breadcrumb"},"inLanguage":"en-US","potentialAction":[{"@type":"ReadAction","target":["https:\/\/grenzgaengerversicherung.at\/en\/cross-border-commuters-information\/cross-border-commuters-company-cars"]}]},{"@type":"BreadcrumbList","@id":"https:\/\/grenzgaengerversicherung.at\/en\/cross-border-commuters-information\/cross-border-commuters-company-cars#breadcrumb","itemListElement":[{"@type":"ListItem","position":1,"name":"Startseite","item":"https:\/\/grenzgaengerversicherung.at\/en"},{"@type":"ListItem","position":2,"name":"Cross-border commuters &amp; information","item":"https:\/\/grenzgaengerversicherung.at\/en\/cross-border-commuters-information"},{"@type":"ListItem","position":3,"name":"Cross-border commuters &amp; company cars"}]},{"@type":"WebSite","@id":"https:\/\/grenzgaengerversicherung.at\/en#website","url":"https:\/\/grenzgaengerversicherung.at\/en","name":"Grenzg\u00e4nger - Versicherung & Service von B-Quadrat | Professionelle Beratung f\u00fcr Grenzg\u00e4nger","description":"","publisher":{"@id":"https:\/\/grenzgaengerversicherung.at\/en#organization"},"potentialAction":[{"@type":"SearchAction","target":{"@type":"EntryPoint","urlTemplate":"https:\/\/grenzgaengerversicherung.at\/en?s={search_term_string}"},"query-input":{"@type":"PropertyValueSpecification","valueRequired":true,"valueName":"search_term_string"}}],"inLanguage":"en-US"},{"@type":"Organization","@id":"https:\/\/grenzgaengerversicherung.at\/en#organization","name":"Cross-Border Insurance & Service \u2013 by B-Quadrat","url":"https:\/\/grenzgaengerversicherung.at\/en","logo":{"@type":"ImageObject","inLanguage":"en-US","@id":"https:\/\/grenzgaengerversicherung.at\/en#\/schema\/logo\/image\/","url":"https:\/\/grenzgaengerversicherung.at\/wp-content\/uploads\/2024\/09\/Logo_Grenzgaengerversicherung_mit-Bquadrat_Logo.png","contentUrl":"https:\/\/grenzgaengerversicherung.at\/wp-content\/uploads\/2024\/09\/Logo_Grenzgaengerversicherung_mit-Bquadrat_Logo.png","width":380,"height":141,"caption":"Cross-Border Insurance & Service \u2013 by B-Quadrat"},"image":{"@id":"https:\/\/grenzgaengerversicherung.at\/en#\/schema\/logo\/image\/"},"sameAs":["https:\/\/www.facebook.com\/BQuadratFinanzberatung\/","https:\/\/www.linkedin.com\/company\/b-quadrat-finanzberatungs-gmbh\/"]}]}},"_links":{"self":[{"href":"https:\/\/grenzgaengerversicherung.at\/en\/wp-json\/wp\/v2\/pages\/952","targetHints":{"allow":["GET"]}}],"collection":[{"href":"https:\/\/grenzgaengerversicherung.at\/en\/wp-json\/wp\/v2\/pages"}],"about":[{"href":"https:\/\/grenzgaengerversicherung.at\/en\/wp-json\/wp\/v2\/types\/page"}],"author":[{"embeddable":true,"href":"https:\/\/grenzgaengerversicherung.at\/en\/wp-json\/wp\/v2\/users\/1"}],"replies":[{"embeddable":true,"href":"https:\/\/grenzgaengerversicherung.at\/en\/wp-json\/wp\/v2\/comments?post=952"}],"version-history":[{"count":6,"href":"https:\/\/grenzgaengerversicherung.at\/en\/wp-json\/wp\/v2\/pages\/952\/revisions"}],"predecessor-version":[{"id":1067,"href":"https:\/\/grenzgaengerversicherung.at\/en\/wp-json\/wp\/v2\/pages\/952\/revisions\/1067"}],"up":[{"embeddable":true,"href":"https:\/\/grenzgaengerversicherung.at\/en\/wp-json\/wp\/v2\/pages\/998"}],"wp:attachment":[{"href":"https:\/\/grenzgaengerversicherung.at\/en\/wp-json\/wp\/v2\/media?parent=952"}],"curies":[{"name":"wp","href":"https:\/\/api.w.org\/{rel}","templated":true}]}}