{"id":955,"date":"2018-10-27T08:17:53","date_gmt":"2018-10-27T08:17:53","guid":{"rendered":"https:\/\/grenzgaengerversicherung.at\/ahv-pension-and-lump-sum-after-cross-border-commuting-in-switzerland"},"modified":"2025-06-04T09:12:38","modified_gmt":"2025-06-04T09:12:38","slug":"ahv-pension-and-lump-sum-after-cross-border-commuting-in-switzerland","status":"publish","type":"page","link":"https:\/\/grenzgaengerversicherung.at\/en\/cross-border-commuters-information\/ahv-pension-and-lump-sum-after-cross-border-commuting-in-switzerland","title":{"rendered":"AHV pension and lump sum after cross-border commuting in Switzerland"},"content":{"rendered":"<div class=\"wpb-content-wrapper\"><p class=\"ai-optimize-8\">[vc_row][vc_column][vc_column_text]\n<p class=\"ai-optimize-69 ai-optimize-introduction\">[\/vc_column_text][\/vc_column][\/vc_row][vc_row][vc_column][vc_column_text]\n<h1 class=\"ai-optimize-7\"><strong><span style=\"font-family: verdana, geneva, sans-serif;\">Withdrawal of capital and pension after termination of cross-border commuter activity in Switzerland<\/span><\/strong><\/h1>\n<p class=\"ai-optimize-8\">[\/vc_column_text][vc_column_text css=&#8221;&#8221;]\n<p class=\"ai-optimize-9\" style=\"text-align: justify;\"><span style=\"font-family: verdana, geneva, sans-serif; font-size: 12pt;\">Foreigners who have worked in Switzerland for a certain period of time are entitled to a pension (AHV) and capital (pension fund) from Switzerland. We explain here exactly how this works. <\/span><\/p>\n<h2 class=\"ai-optimize-10\" style=\"text-align: justify;\"><strong><span style=\"font-family: verdana, geneva, sans-serif; font-size: 12pt;\">Pillar 1 &#8211; the AHV pension<\/span><\/strong><\/h2>\n<p class=\"ai-optimize-11\" style=\"text-align: justify;\"><span style=\"font-family: verdana, geneva, sans-serif; font-size: 12pt;\">Former employees in Switzerland who have worked here for at least one year are entitled to an AHV pension. This is based on the amount of contributions paid and the number of years of contributions. The principle is simple: if you have worked in Switzerland for two years and in Austria for forty years, for example, you will receive a pension from the pension insurance schemes of both countries. This ensures that you do not \u201close\u201d any contribution years and that you receive roughly the same amount in total as if you had only ever worked in one country. In this example, you will receive a high pension from the Austrian pension insurance institution and a small AHV pension from Switzerland. <\/span><\/p>\n<p class=\"ai-optimize-12\" style=\"text-align: justify;\"><span style=\"font-family: verdana, geneva, sans-serif; font-size: 12pt;\"><strong>How do you have your Swiss AHV pension paid out?<\/strong> It is best to submit an application for an old-age pension a few months before reaching retirement age. In Switzerland, the statutory AHV retirement age is 65 for men and 64 for women. In return for a corresponding reduction, you can draw an AHV pension up to two years earlier or defer your pension for up to five years (in return for a corresponding increase). Citizens of an EU or EFTA member state must apply for an OASI pension from Switzerland at the competent social insurance office in their current place of residence. Further information on special cases can be found at <a href=\"http:\/\/www.zas.admin.ch\" target=\"_blank\" rel=\"noopener\">the Central Compensation Office ZAS<\/a> under the heading \u201cSwiss Compensation Office SAK\u201d. <\/span><\/p>\n<p class=\"ai-optimize-63\">[\/vc_column_text][\/vc_column][\/vc_row][vc_row][vc_column][vc_empty_space height=&#8221;52px&#8221;][\/vc_column][\/vc_row][vc_row bg_type=&#8221;bg_color&#8221; bg_color_value=&#8221;#000f8a&#8221;][vc_column width=&#8221;2\/3&#8243;][vc_column_text]\n<h2 class=\"ai-optimize-18\"><span style=\"color: #ffffff;\"><strong><span style=\"font-family: verdana, geneva, sans-serif;\">Best cross-border commuter advice incl. net salary calculation <\/span><\/strong><\/span><\/h2>\n<p class=\"ai-optimize-19\"><span style=\"font-family: verdana, geneva, sans-serif; font-size: 12pt; color: #ffffff;\">&gt; Free and non-binding advice since 2003<\/span><br \/>\n<span style=\"font-family: verdana, geneva, sans-serif; font-size: 12pt; color: #ffffff;\">&gt; Net wage calculation &amp; practical tax tips<\/span><br \/>\n<span style=\"font-family: verdana, geneva, sans-serif; font-size: 12pt; color: #ffffff;\">&gt; Best and cheapest health insurance for cross-border commuters<br \/>\n&gt; Help with choosing the right bank account<br \/>\n<\/span><span style=\"font-family: verdana, geneva, sans-serif; font-size: 12pt; color: #000000;\"><span style=\"color: #ffffff;\">&gt; Help with registering with the tax office and much more<\/span><\/span>[\/vc_column_text][\/vc_column][vc_column width=&#8221;1\/3&#8243;][vc_empty_space height=&#8221;90px&#8221;][vc_btn title=&#8221;Arrange a consultation now&#8221; color=&#8221;danger&#8221; link=&#8221;url:https%3A%2F%2Fbook.timify.com%2Fservices%3FaccountId%3D5dd58034ea99b411773abb33%26hideCloseButton%3Dtrue|title:Arrange%20a%20consultation%20now|target:_blank|&#8221;][\/vc_column][\/vc_row][vc_row][vc_column][vc_empty_space height=&#8221;52px&#8221;][\/vc_column][\/vc_row][vc_row][vc_column][vc_column_text css=&#8221;&#8221;]\n<h2 class=\"ai-optimize-13\" style=\"text-align: justify;\"><strong><span style=\"font-family: verdana, geneva, sans-serif; font-size: 12pt;\">Pillar 2 &#8211; the pension fund<\/span><\/strong><\/h2>\n<p class=\"ai-optimize-14\" style=\"text-align: justify;\"><span style=\"font-family: verdana, geneva, sans-serif; font-size: 12pt;\">Anyone who stops working in Switzerland before retirement age is no longer affiliated to a pension fund. If the pension fund is not notified, it will transfer the entire retirement capital to a vested benefits account of the <a href=\"https:\/\/aeis.ch\/\" target=\"_blank\" rel=\"noopener\">\u201cStiftung Auffangeinrichtung BVG<\/a>\u201d after 6 months at the earliest and after 2 years at the latest. Alternatively, you can open a <a href=\"https:\/\/www.finanzmonitor.com\/zinsvergleich-freizuegigkeitskonto\/\" target=\"_blank\" rel=\"noopener\">vested benefits account<\/a> yourself and inform your pension fund or the Substitute Occupational Benefit Institution of this. Because the interest rates of the Substitute Occupational Benefit Institution on vested benefits accounts are comparatively low, this step is usually worthwhile even years after emigration or a few years before withdrawal. <\/span><\/p>\n<p class=\"ai-optimize-15\" style=\"text-align: justify;\"><span style=\"font-family: verdana, geneva, sans-serif; font-size: 12pt;\">Pension assets deposited in a vested benefits account can only be withdrawn early in a few cases. If you emigrate to an EU country such as Austria, only the non-mandatory portion can be withdrawn at any time and without meeting certain requirements. Click <a href=\"https:\/\/www.ch.ch\/de\/pensionierung\/altersvorsorge\/2-saule--pensionskasse-\/#\">\u201cHere\u201d<\/a> for more information. <\/span><\/p>\n<p class=\"ai-optimize-16\" style=\"text-align: justify;\"><span style=\"font-family: verdana, geneva, sans-serif; font-size: 12pt;\">Money in vested benefits accounts can be withdrawn at the earliest five years before reaching retirement age (i.e. at the age of 59 for women and 60 for men). It is also possible to leave the money in the vested benefits account and withdraw it later (no later than five years after reaching ordinary retirement age). <\/span><\/p>\n<p class=\"ai-optimize-17\" style=\"text-align: justify;\"><span style=\"font-family: verdana, geneva, sans-serif; font-size: 12pt;\"><strong>Note:<\/strong> It is not possible to receive a pension from a vested benefits account. It is only possible to withdraw the capital. <\/span><\/p>\n<p class=\"ai-optimize-18\"><em><span style=\"font-size: 10pt;\"><span style=\"font-family: verdana, geneva, sans-serif;\">Source:<\/span> <span style=\"font-family: verdana, geneva, sans-serif;\"><a href=\"https:\/\/www.finanzmonitor.com\">finanzmonitor.com<\/a><\/span><\/span><\/em><\/p>\n<p class=\"ai-optimize-64\">[\/vc_column_text][\/vc_column][\/vc_row][vc_row][vc_column][vc_empty_space height=&#8221;52px&#8221;][vc_widget_sidebar sidebar_id=&#8221;sidebar-19&#8243;][\/vc_column][\/vc_row][vc_column][\/vc_column][vc_column][\/vc_column]\n<\/div>","protected":false},"excerpt":{"rendered":"<p>[vc_row][vc_column][vc_column_text] [\/vc_column_text][\/vc_column][\/vc_row][vc_row][vc_column][vc_column_text] Withdrawal of capital and pension after termination of cross-border commuter activity in Switzerland [\/vc_column_text][vc_column_text css=&#8221;&#8221;] Foreigners who have worked in Switzerland for a certain period of time are entitled to a pension (AHV) and capital (pension fund) from Switzerland. We explain here exactly how this<\/p>\n","protected":false},"author":1,"featured_media":0,"parent":998,"menu_order":0,"comment_status":"closed","ping_status":"closed","template":"page-FullWidth.php","meta":{"_monsterinsights_skip_tracking":false,"_monsterinsights_sitenote_active":false,"_monsterinsights_sitenote_note":"","_monsterinsights_sitenote_category":0,"footnotes":""},"class_list":["post-955","page","type-page","status-publish","hentry"],"yoast_head":"<!-- This site is optimized with the Yoast SEO Premium plugin v25.2 (Yoast SEO v26.8) - https:\/\/yoast.com\/product\/yoast-seo-premium-wordpress\/ -->\n<title>AHV pension &amp; lump sum after cross-border commuting in Switzerland<\/title>\n<meta name=\"description\" content=\"How do I get a pension in Switzerland as a foreigner? Will I get the money after I stop working as a cross-border commuter? Information on the AHV pension and the pension fund.\" \/>\n<meta name=\"robots\" content=\"index, follow, max-snippet:-1, max-image-preview:large, max-video-preview:-1\" \/>\n<link rel=\"canonical\" href=\"https:\/\/grenzgaengerversicherung.at\/en\/cross-border-commuters-information\/ahv-pension-and-lump-sum-after-cross-border-commuting-in-switzerland\" \/>\n<meta property=\"og:locale\" content=\"en_US\" \/>\n<meta property=\"og:type\" content=\"article\" \/>\n<meta property=\"og:title\" content=\"AHV pension and lump sum after cross-border commuting in Switzerland\" \/>\n<meta property=\"og:description\" content=\"How do I get a pension in Switzerland as a foreigner? Will I get the money after I stop working as a cross-border commuter? Information on the AHV pension and the pension fund.\" \/>\n<meta property=\"og:url\" content=\"https:\/\/grenzgaengerversicherung.at\/en\/cross-border-commuters-information\/ahv-pension-and-lump-sum-after-cross-border-commuting-in-switzerland\" \/>\n<meta property=\"og:site_name\" content=\"Cross-Border Insurance &amp; Service \u2013 by B-Quadrat | Professional advice for cross-borders\" \/>\n<meta property=\"article:publisher\" content=\"https:\/\/www.facebook.com\/BQuadratFinanzberatung\/\" \/>\n<meta property=\"article:modified_time\" content=\"2025-06-04T09:12:38+00:00\" \/>\n<meta name=\"twitter:card\" content=\"summary_large_image\" \/>\n<meta name=\"twitter:label1\" content=\"Est. reading time\" \/>\n\t<meta name=\"twitter:data1\" content=\"4 minutes\" \/>\n<script type=\"application\/ld+json\" class=\"yoast-schema-graph\">{\"@context\":\"https:\/\/schema.org\",\"@graph\":[{\"@type\":\"WebPage\",\"@id\":\"https:\/\/grenzgaengerversicherung.at\/en\/cross-border-commuters-information\/ahv-pension-and-lump-sum-after-cross-border-commuting-in-switzerland\",\"url\":\"https:\/\/grenzgaengerversicherung.at\/en\/cross-border-commuters-information\/ahv-pension-and-lump-sum-after-cross-border-commuting-in-switzerland\",\"name\":\"AHV pension & lump sum after cross-border commuting in Switzerland\",\"isPartOf\":{\"@id\":\"https:\/\/grenzgaengerversicherung.at\/en#website\"},\"datePublished\":\"2018-10-27T08:17:53+00:00\",\"dateModified\":\"2025-06-04T09:12:38+00:00\",\"description\":\"How do I get a pension in Switzerland as a foreigner? Will I get the money after I stop working as a cross-border commuter? Information on the AHV pension and the pension fund.\",\"breadcrumb\":{\"@id\":\"https:\/\/grenzgaengerversicherung.at\/en\/cross-border-commuters-information\/ahv-pension-and-lump-sum-after-cross-border-commuting-in-switzerland#breadcrumb\"},\"inLanguage\":\"en-US\",\"potentialAction\":[{\"@type\":\"ReadAction\",\"target\":[\"https:\/\/grenzgaengerversicherung.at\/en\/cross-border-commuters-information\/ahv-pension-and-lump-sum-after-cross-border-commuting-in-switzerland\"]}]},{\"@type\":\"BreadcrumbList\",\"@id\":\"https:\/\/grenzgaengerversicherung.at\/en\/cross-border-commuters-information\/ahv-pension-and-lump-sum-after-cross-border-commuting-in-switzerland#breadcrumb\",\"itemListElement\":[{\"@type\":\"ListItem\",\"position\":1,\"name\":\"Startseite\",\"item\":\"https:\/\/grenzgaengerversicherung.at\/en\"},{\"@type\":\"ListItem\",\"position\":2,\"name\":\"Cross-border commuters &amp; information\",\"item\":\"https:\/\/grenzgaengerversicherung.at\/en\/cross-border-commuters-information\"},{\"@type\":\"ListItem\",\"position\":3,\"name\":\"AHV pension and lump sum after cross-border commuting in Switzerland\"}]},{\"@type\":\"WebSite\",\"@id\":\"https:\/\/grenzgaengerversicherung.at\/en#website\",\"url\":\"https:\/\/grenzgaengerversicherung.at\/en\",\"name\":\"Grenzg\u00e4nger - Versicherung & Service von B-Quadrat | Professionelle Beratung f\u00fcr Grenzg\u00e4nger\",\"description\":\"\",\"publisher\":{\"@id\":\"https:\/\/grenzgaengerversicherung.at\/en#organization\"},\"potentialAction\":[{\"@type\":\"SearchAction\",\"target\":{\"@type\":\"EntryPoint\",\"urlTemplate\":\"https:\/\/grenzgaengerversicherung.at\/en?s={search_term_string}\"},\"query-input\":{\"@type\":\"PropertyValueSpecification\",\"valueRequired\":true,\"valueName\":\"search_term_string\"}}],\"inLanguage\":\"en-US\"},{\"@type\":\"Organization\",\"@id\":\"https:\/\/grenzgaengerversicherung.at\/en#organization\",\"name\":\"Cross-Border Insurance & Service \u2013 by B-Quadrat\",\"url\":\"https:\/\/grenzgaengerversicherung.at\/en\",\"logo\":{\"@type\":\"ImageObject\",\"inLanguage\":\"en-US\",\"@id\":\"https:\/\/grenzgaengerversicherung.at\/en#\/schema\/logo\/image\/\",\"url\":\"https:\/\/grenzgaengerversicherung.at\/wp-content\/uploads\/2024\/09\/Logo_Grenzgaengerversicherung_mit-Bquadrat_Logo.png\",\"contentUrl\":\"https:\/\/grenzgaengerversicherung.at\/wp-content\/uploads\/2024\/09\/Logo_Grenzgaengerversicherung_mit-Bquadrat_Logo.png\",\"width\":380,\"height\":141,\"caption\":\"Cross-Border Insurance & Service \u2013 by B-Quadrat\"},\"image\":{\"@id\":\"https:\/\/grenzgaengerversicherung.at\/en#\/schema\/logo\/image\/\"},\"sameAs\":[\"https:\/\/www.facebook.com\/BQuadratFinanzberatung\/\",\"https:\/\/www.linkedin.com\/company\/b-quadrat-finanzberatungs-gmbh\/\"]}]}<\/script>\n<!-- \/ Yoast SEO Premium plugin. -->","yoast_head_json":{"title":"AHV pension & lump sum after cross-border commuting in Switzerland","description":"How do I get a pension in Switzerland as a foreigner? Will I get the money after I stop working as a cross-border commuter? Information on the AHV pension and the pension fund.","robots":{"index":"index","follow":"follow","max-snippet":"max-snippet:-1","max-image-preview":"max-image-preview:large","max-video-preview":"max-video-preview:-1"},"canonical":"https:\/\/grenzgaengerversicherung.at\/en\/cross-border-commuters-information\/ahv-pension-and-lump-sum-after-cross-border-commuting-in-switzerland","og_locale":"en_US","og_type":"article","og_title":"AHV pension and lump sum after cross-border commuting in Switzerland","og_description":"How do I get a pension in Switzerland as a foreigner? Will I get the money after I stop working as a cross-border commuter? Information on the AHV pension and the pension fund.","og_url":"https:\/\/grenzgaengerversicherung.at\/en\/cross-border-commuters-information\/ahv-pension-and-lump-sum-after-cross-border-commuting-in-switzerland","og_site_name":"Cross-Border Insurance & Service \u2013 by B-Quadrat | Professional advice for cross-borders","article_publisher":"https:\/\/www.facebook.com\/BQuadratFinanzberatung\/","article_modified_time":"2025-06-04T09:12:38+00:00","twitter_card":"summary_large_image","twitter_misc":{"Est. reading time":"4 minutes"},"schema":{"@context":"https:\/\/schema.org","@graph":[{"@type":"WebPage","@id":"https:\/\/grenzgaengerversicherung.at\/en\/cross-border-commuters-information\/ahv-pension-and-lump-sum-after-cross-border-commuting-in-switzerland","url":"https:\/\/grenzgaengerversicherung.at\/en\/cross-border-commuters-information\/ahv-pension-and-lump-sum-after-cross-border-commuting-in-switzerland","name":"AHV pension & lump sum after cross-border commuting in Switzerland","isPartOf":{"@id":"https:\/\/grenzgaengerversicherung.at\/en#website"},"datePublished":"2018-10-27T08:17:53+00:00","dateModified":"2025-06-04T09:12:38+00:00","description":"How do I get a pension in Switzerland as a foreigner? Will I get the money after I stop working as a cross-border commuter? Information on the AHV pension and the pension fund.","breadcrumb":{"@id":"https:\/\/grenzgaengerversicherung.at\/en\/cross-border-commuters-information\/ahv-pension-and-lump-sum-after-cross-border-commuting-in-switzerland#breadcrumb"},"inLanguage":"en-US","potentialAction":[{"@type":"ReadAction","target":["https:\/\/grenzgaengerversicherung.at\/en\/cross-border-commuters-information\/ahv-pension-and-lump-sum-after-cross-border-commuting-in-switzerland"]}]},{"@type":"BreadcrumbList","@id":"https:\/\/grenzgaengerversicherung.at\/en\/cross-border-commuters-information\/ahv-pension-and-lump-sum-after-cross-border-commuting-in-switzerland#breadcrumb","itemListElement":[{"@type":"ListItem","position":1,"name":"Startseite","item":"https:\/\/grenzgaengerversicherung.at\/en"},{"@type":"ListItem","position":2,"name":"Cross-border commuters &amp; information","item":"https:\/\/grenzgaengerversicherung.at\/en\/cross-border-commuters-information"},{"@type":"ListItem","position":3,"name":"AHV pension and lump sum after cross-border commuting in Switzerland"}]},{"@type":"WebSite","@id":"https:\/\/grenzgaengerversicherung.at\/en#website","url":"https:\/\/grenzgaengerversicherung.at\/en","name":"Grenzg\u00e4nger - Versicherung & Service von B-Quadrat | Professionelle Beratung f\u00fcr Grenzg\u00e4nger","description":"","publisher":{"@id":"https:\/\/grenzgaengerversicherung.at\/en#organization"},"potentialAction":[{"@type":"SearchAction","target":{"@type":"EntryPoint","urlTemplate":"https:\/\/grenzgaengerversicherung.at\/en?s={search_term_string}"},"query-input":{"@type":"PropertyValueSpecification","valueRequired":true,"valueName":"search_term_string"}}],"inLanguage":"en-US"},{"@type":"Organization","@id":"https:\/\/grenzgaengerversicherung.at\/en#organization","name":"Cross-Border Insurance & Service \u2013 by B-Quadrat","url":"https:\/\/grenzgaengerversicherung.at\/en","logo":{"@type":"ImageObject","inLanguage":"en-US","@id":"https:\/\/grenzgaengerversicherung.at\/en#\/schema\/logo\/image\/","url":"https:\/\/grenzgaengerversicherung.at\/wp-content\/uploads\/2024\/09\/Logo_Grenzgaengerversicherung_mit-Bquadrat_Logo.png","contentUrl":"https:\/\/grenzgaengerversicherung.at\/wp-content\/uploads\/2024\/09\/Logo_Grenzgaengerversicherung_mit-Bquadrat_Logo.png","width":380,"height":141,"caption":"Cross-Border Insurance & Service \u2013 by B-Quadrat"},"image":{"@id":"https:\/\/grenzgaengerversicherung.at\/en#\/schema\/logo\/image\/"},"sameAs":["https:\/\/www.facebook.com\/BQuadratFinanzberatung\/","https:\/\/www.linkedin.com\/company\/b-quadrat-finanzberatungs-gmbh\/"]}]}},"_links":{"self":[{"href":"https:\/\/grenzgaengerversicherung.at\/en\/wp-json\/wp\/v2\/pages\/955","targetHints":{"allow":["GET"]}}],"collection":[{"href":"https:\/\/grenzgaengerversicherung.at\/en\/wp-json\/wp\/v2\/pages"}],"about":[{"href":"https:\/\/grenzgaengerversicherung.at\/en\/wp-json\/wp\/v2\/types\/page"}],"author":[{"embeddable":true,"href":"https:\/\/grenzgaengerversicherung.at\/en\/wp-json\/wp\/v2\/users\/1"}],"replies":[{"embeddable":true,"href":"https:\/\/grenzgaengerversicherung.at\/en\/wp-json\/wp\/v2\/comments?post=955"}],"version-history":[{"count":6,"href":"https:\/\/grenzgaengerversicherung.at\/en\/wp-json\/wp\/v2\/pages\/955\/revisions"}],"predecessor-version":[{"id":1073,"href":"https:\/\/grenzgaengerversicherung.at\/en\/wp-json\/wp\/v2\/pages\/955\/revisions\/1073"}],"up":[{"embeddable":true,"href":"https:\/\/grenzgaengerversicherung.at\/en\/wp-json\/wp\/v2\/pages\/998"}],"wp:attachment":[{"href":"https:\/\/grenzgaengerversicherung.at\/en\/wp-json\/wp\/v2\/media?parent=955"}],"curies":[{"name":"wp","href":"https:\/\/api.w.org\/{rel}","templated":true}]}}