{"id":963,"date":"2017-11-05T13:19:19","date_gmt":"2017-11-05T13:19:19","guid":{"rendered":"https:\/\/grenzgaengerversicherung.at\/private-health-insurance-for-cross-border-commuters-in-austria"},"modified":"2025-12-18T10:44:23","modified_gmt":"2025-12-18T10:44:23","slug":"private-health-insurance-for-cross-border-commuters-in-austria","status":"publish","type":"page","link":"https:\/\/grenzgaengerversicherung.at\/en\/cross-border-commuters-health-insurance\/private-health-insurance-for-cross-border-commuters-in-austria","title":{"rendered":"Private health insurance for cross-border commuters in Austria"},"content":{"rendered":"<div class=\"wpb-content-wrapper\"><p class=\"ai-optimize-6 ai-optimize-introduction\">[vc_row][vc_column][vc_column_text]\n<h1 class=\"ai-optimize-7\"><strong><span style=\"font-family: verdana, geneva, sans-serif;\">Private health insurance for cross-border commuters in Austria<\/span><\/strong><\/h1>\n<p class=\"ai-optimize-8\">[\/vc_column_text][vc_single_image image=&#8221;907&#8243; img_size=&#8221;full&#8221;][\/vc_column][\/vc_row][vc_row][vc_column width=&#8221;2\/3&#8243;][vc_column_text]\n<h2 class=\"ai-optimize-9\"><span style=\"font-family: verdana, geneva, sans-serif;\">Details on private cross-border health insurance in Austria<\/span><\/h2>\n<p class=\"ai-optimize-10\">[\/vc_column_text][vc_column_text]\n<p class=\"ai-optimize-11\" style=\"text-align: justify;\"><span style=\"font-family: verdana, geneva, sans-serif; font-size: 12pt;\">Private health insurance is the most popular health insurance option for cross-border commuters, as there are numerous advantages and no real disadvantages.  <\/span><\/p>\n<p class=\"ai-optimize-12\" style=\"text-align: justify;\"><span style=\"font-family: verdana, geneva, sans-serif; font-size: 12pt;\">Entitlement to benefits exists in this model in both countries. At the same time, contributions are not dependent on income and are generally much cheaper than in voluntary statutory health insurance.   <\/span><\/p>\n<p class=\"ai-optimize-13\" style=\"text-align: justify;\"><span style=\"font-family: verdana, geneva, sans-serif; font-size: 12pt;\">As a privately insured person, you also enjoy numerous advantages such as shorter waiting times, access to the best doctors, dentists and clinics and, in addition, 100% cost coverage without a deductible.  <\/span><\/p>\n<p class=\"ai-optimize-14\" style=\"text-align: justify;\"><span style=\"font-family: verdana, geneva, sans-serif; font-size: 12pt;\">Statutory insurance companies cannot keep up with this offer. As a rule, private health insurance is therefore almost always chosen due to the significantly better scope of cover and the lower premiums. <\/span><\/p>\n<p class=\"ai-optimize-15\">[\/vc_column_text][vc_column_text]\n<h4 class=\"ai-optimize-16\"><span style=\"font-family: verdana, geneva, sans-serif; font-size: 12pt;\">Examples:<\/span><\/h4>\n<p class=\"ai-optimize-17\" style=\"text-align: justify;\"><span style=\"font-family: verdana, geneva, sans-serif; font-size: 12pt;\">Male\/female &#8211; 20 years &#8211; monthly premium between \u20ac 143.68 and \u20ac 320.06 depending on tariff<\/span><\/p>\n<p class=\"ai-optimize-18\" style=\"text-align: justify;\"><span style=\"font-family: verdana, geneva, sans-serif; font-size: 12pt;\">Male\/female &#8211; 30 years &#8211; monthly premium between \u20ac 181.61 and \u20ac 405.93 depending on tariff<\/span><\/p>\n<p class=\"ai-optimize-19\" style=\"text-align: justify;\"><span style=\"font-family: verdana, geneva, sans-serif; font-size: 12pt;\">Male\/female &#8211; 40 years &#8211; monthly premium between \u20ac 199.14 and \u20ac 498.86 depending on tariff<br \/>\n<\/span><\/p>\n<p class=\"ai-optimize-20\">[\/vc_column_text][vc_column_text]\n<p class=\"ai-optimize-21\" style=\"text-align: justify;\"><span style=\"font-family: verdana, geneva, sans-serif; font-size: 12pt;\">Get in touch with us. We will be happy to provide you with a non-binding quote or discuss the advantages and disadvantages of the various providers and tariffs in a personal meeting. <\/span><\/p>\n<p class=\"ai-optimize-22\">[\/vc_column_text][vc_row_inner][vc_column_inner][vc_btn title=&#8221;Arrange a free consultation&#8221; style=&#8221;3d&#8221; color=&#8221;info&#8221; link=&#8221;url:https%3A%2F%2Fgrenzgaengerversicherung.at%2Fen%2Fcontact-us|&#8221;][\/vc_column_inner][\/vc_row_inner][vc_row_inner][vc_column_inner][vc_btn title=&#8221;Request a non-binding offer&#8221; style=&#8221;3d&#8221; color=&#8221;info&#8221; link=&#8221;url:https%3A%2F%2Fgrenzgaengerversicherung.at%2Fen%2Frequest-a-quote-for-cross-border-commuter-insurance|&#8221;][\/vc_column_inner][\/vc_row_inner][\/vc_column][vc_column width=&#8221;1\/3&#8243;][vc_column_text]\n<h3 class=\"ai-optimize-23\"><span style=\"font-family: verdana, geneva, sans-serif;\">Advantages:<\/span><\/h3>\n<p class=\"ai-optimize-24\">[\/vc_column_text]<div class=\"aio-icon-component    style_1\"><div id=\"Info-box-wrap-3109\" class=\"aio-icon-box left-icon\" style=\"\"  ><div class=\"aio-icon-left\"><div class=\"ult-just-icon-wrapper  \"><div class=\"align-icon\" style=\"text-align:center;\">\n<div class=\"aio-icon none \"  style=\"color:#333;font-size:32px;display:inline-block;\">\n\t<i class=\"Defaults-check\"><\/i>\n<\/div><\/div><\/div><\/div><div class=\"aio-ibd-block\"><div class=\"aio-icon-description ult-responsive\"  data-ultimate-target='#Info-box-wrap-3109 .aio-icon-description'  data-responsive-json-new='{\"font-size\":\"\",\"line-height\":\"\"}'  style=\"\">\n<p class=\"ai-optimize-25\" style=\"text-align: left;\"><span style=\"font-family: verdana, geneva, sans-serif; font-size: 11pt;\">Comprehensive services available in Austria, Switzerland and Liechtenstein<\/span><\/p>\n<p class=\"ai-optimize-26\"><\/div> <!-- description --><\/div> <!-- aio-ibd-block --><\/div> <!-- aio-icon-box --><\/div> <!-- aio-icon-component --><div class=\"aio-icon-component    style_1\"><div id=\"Info-box-wrap-7260\" class=\"aio-icon-box left-icon\" style=\"\"  ><div class=\"aio-icon-left\"><div class=\"ult-just-icon-wrapper  \"><div class=\"align-icon\" style=\"text-align:center;\">\n<div class=\"aio-icon none \"  style=\"color:#333;font-size:32px;display:inline-block;\">\n\t<i class=\"Defaults-check\"><\/i>\n<\/div><\/div><\/div><\/div><div class=\"aio-ibd-block\"><div class=\"aio-icon-description ult-responsive\"  data-ultimate-target='#Info-box-wrap-7260 .aio-icon-description'  data-responsive-json-new='{\"font-size\":\"\",\"line-height\":\"\"}'  style=\"\">\n<p class=\"ai-optimize-27\" style=\"text-align: left;\"><span style=\"font-family: verdana, geneva, sans-serif; font-size: 11pt;\">Age-dependent contribution calculation<\/span><\/p>\n<p class=\"ai-optimize-28\"><\/div> <!-- description --><\/div> <!-- aio-ibd-block --><\/div> <!-- aio-icon-box --><\/div> <!-- aio-icon-component --><div class=\"aio-icon-component    style_1\"><div id=\"Info-box-wrap-8573\" class=\"aio-icon-box left-icon\" style=\"\"  ><div class=\"aio-icon-left\"><div class=\"ult-just-icon-wrapper  \"><div class=\"align-icon\" style=\"text-align:center;\">\n<div class=\"aio-icon none \"  style=\"color:#333;font-size:32px;display:inline-block;\">\n\t<i class=\"Defaults-check\"><\/i>\n<\/div><\/div><\/div><\/div><div class=\"aio-ibd-block\"><div class=\"aio-icon-description ult-responsive\"  data-ultimate-target='#Info-box-wrap-8573 .aio-icon-description'  data-responsive-json-new='{\"font-size\":\"\",\"line-height\":\"\"}'  style=\"\">\n<p class=\"ai-optimize-29\" style=\"text-align: left;\"><span style=\"font-family: verdana, geneva, sans-serif; font-size: 11pt;\">Very favorable premiums for young people<\/span><\/p>\n<p class=\"ai-optimize-30\"><\/div> <!-- description --><\/div> <!-- aio-ibd-block --><\/div> <!-- aio-icon-box --><\/div> <!-- aio-icon-component --><div class=\"aio-icon-component    style_1\"><div id=\"Info-box-wrap-3895\" class=\"aio-icon-box left-icon\" style=\"\"  ><div class=\"aio-icon-left\"><div class=\"ult-just-icon-wrapper  \"><div class=\"align-icon\" style=\"text-align:center;\">\n<div class=\"aio-icon none \"  style=\"color:#333;font-size:32px;display:inline-block;\">\n\t<i class=\"Defaults-check\"><\/i>\n<\/div><\/div><\/div><\/div><div class=\"aio-ibd-block\"><div class=\"aio-icon-description ult-responsive\"  data-ultimate-target='#Info-box-wrap-3895 .aio-icon-description'  data-responsive-json-new='{\"font-size\":\"\",\"line-height\":\"\"}'  style=\"\">\n<p class=\"ai-optimize-31\" style=\"text-align: left;\"><span style=\"font-family: verdana, geneva, sans-serif; font-size: 11pt;\">100% cost coverage in hospital (also in special class on request)<\/span><\/p>\n<p class=\"ai-optimize-32\"><\/div> <!-- description --><\/div> <!-- aio-ibd-block --><\/div> <!-- aio-icon-box --><\/div> <!-- aio-icon-component --><div class=\"aio-icon-component    style_1\"><div id=\"Info-box-wrap-3690\" class=\"aio-icon-box left-icon\" style=\"\"  ><div class=\"aio-icon-left\"><div class=\"ult-just-icon-wrapper  \"><div class=\"align-icon\" style=\"text-align:center;\">\n<div class=\"aio-icon none \"  style=\"color:#333;font-size:32px;display:inline-block;\">\n\t<i class=\"Defaults-check\"><\/i>\n<\/div><\/div><\/div><\/div><div class=\"aio-ibd-block\"><div class=\"aio-icon-description ult-responsive\"  data-ultimate-target='#Info-box-wrap-3690 .aio-icon-description'  data-responsive-json-new='{\"font-size\":\"\",\"line-height\":\"\"}'  style=\"\">\n<p class=\"ai-optimize-33\" style=\"text-align: left;\"><span style=\"font-family: verdana, geneva, sans-serif; font-size: 11pt;\">100% assumption of costs by the doctor or specialist you trust<\/span><\/p>\n<p class=\"ai-optimize-34\"><\/div> <!-- description --><\/div> <!-- aio-ibd-block --><\/div> <!-- aio-icon-box --><\/div> <!-- aio-icon-component --><div class=\"aio-icon-component    style_1\"><div id=\"Info-box-wrap-5887\" class=\"aio-icon-box left-icon\" style=\"\"  ><div class=\"aio-icon-left\"><div class=\"ult-just-icon-wrapper  \"><div class=\"align-icon\" style=\"text-align:center;\">\n<div class=\"aio-icon none \"  style=\"color:#333;font-size:32px;display:inline-block;\">\n\t<i class=\"Defaults-check\"><\/i>\n<\/div><\/div><\/div><\/div><div class=\"aio-ibd-block\"><div class=\"aio-icon-description ult-responsive\"  data-ultimate-target='#Info-box-wrap-5887 .aio-icon-description'  data-responsive-json-new='{\"font-size\":\"\",\"line-height\":\"\"}'  style=\"\">\n<p class=\"ai-optimize-35\" style=\"text-align: left;\"><span style=\"font-family: verdana, geneva, sans-serif; font-size: 11pt;\">100% cost coverage at the dentist<\/span><\/p>\n<p class=\"ai-optimize-36\"><\/div> <!-- description --><\/div> <!-- aio-ibd-block --><\/div> <!-- aio-icon-box --><\/div> <!-- aio-icon-component --><div class=\"aio-icon-component    style_1\"><div id=\"Info-box-wrap-6165\" class=\"aio-icon-box left-icon\" style=\"\"  ><div class=\"aio-icon-left\"><div class=\"ult-just-icon-wrapper  \"><div class=\"align-icon\" style=\"text-align:center;\">\n<div class=\"aio-icon none \"  style=\"color:#333;font-size:32px;display:inline-block;\">\n\t<i class=\"Defaults-check\"><\/i>\n<\/div><\/div><\/div><\/div><div class=\"aio-ibd-block\"><div class=\"aio-icon-description ult-responsive\"  data-ultimate-target='#Info-box-wrap-6165 .aio-icon-description'  data-responsive-json-new='{\"font-size\":\"\",\"line-height\":\"\"}'  style=\"\">\n<p class=\"ai-optimize-37\" style=\"text-align: left;\"><span style=\"font-family: verdana, geneva, sans-serif; font-size: 11pt;\">Preferential treatment by doctors (e.g. greatly reduced waiting times)<\/span><\/p>\n<p class=\"ai-optimize-38\"><\/div> <!-- description --><\/div> <!-- aio-ibd-block --><\/div> <!-- aio-icon-box --><\/div> <!-- aio-icon-component --><div class=\"aio-icon-component    style_1\"><div id=\"Info-box-wrap-4616\" class=\"aio-icon-box left-icon\" style=\"\"  ><div class=\"aio-icon-left\"><div class=\"ult-just-icon-wrapper  \"><div class=\"align-icon\" style=\"text-align:center;\">\n<div class=\"aio-icon none \"  style=\"color:#333;font-size:32px;display:inline-block;\">\n\t<i class=\"Defaults-check\"><\/i>\n<\/div><\/div><\/div><\/div><div class=\"aio-ibd-block\"><div class=\"aio-icon-description ult-responsive\"  data-ultimate-target='#Info-box-wrap-4616 .aio-icon-description'  data-responsive-json-new='{\"font-size\":\"\",\"line-height\":\"\"}'  style=\"\">\n<p class=\"ai-optimize-39\" style=\"text-align: left;\"><span style=\"font-family: verdana, geneva, sans-serif; font-size: 11pt;\">Access to the best treatment methods<\/span><\/p>\n<p class=\"ai-optimize-40\"><\/div> <!-- description --><\/div> <!-- aio-ibd-block --><\/div> <!-- aio-icon-box --><\/div> <!-- aio-icon-component -->[vc_column_text]\n<h3 class=\"ai-optimize-41\"><span style=\"font-family: verdana, geneva, sans-serif;\">Disadvantage:<\/span><\/h3>\n<p class=\"ai-optimize-42\">[\/vc_column_text]<div class=\"aio-icon-component    style_1\"><div id=\"Info-box-wrap-2343\" class=\"aio-icon-box left-icon\" style=\"\"  ><div class=\"aio-icon-left\"><div class=\"ult-just-icon-wrapper  \"><div class=\"align-icon\" style=\"text-align:center;\">\n<div class=\"aio-icon none \"  style=\"color:#333;font-size:32px;display:inline-block;\">\n\t<i class=\"Defaults-close remove times\"><\/i>\n<\/div><\/div><\/div><\/div><div class=\"aio-ibd-block\"><div class=\"aio-icon-description ult-responsive\"  data-ultimate-target='#Info-box-wrap-2343 .aio-icon-description'  data-responsive-json-new='{\"font-size\":\"\",\"line-height\":\"\"}'  style=\"\">\n<p class=\"ai-optimize-43\" style=\"text-align: left;\"><span style=\"font-family: verdana, geneva, sans-serif; font-size: 11pt;\">Health check &#8211; the insurance company checks whether the insurance cover can be offered<\/span><\/p>\n<p class=\"ai-optimize-44\"><\/div> <!-- description --><\/div> <!-- aio-ibd-block --><\/div> <!-- aio-icon-box --><\/div> <!-- aio-icon-component -->[\/vc_column][\/vc_row]\n<\/div>","protected":false},"excerpt":{"rendered":"<p>[vc_row][vc_column][vc_column_text] Private health insurance for cross-border commuters in Austria [\/vc_column_text][vc_single_image image=&#8221;907&#8243; img_size=&#8221;full&#8221;][\/vc_column][\/vc_row][vc_row][vc_column width=&#8221;2\/3&#8243;][vc_column_text] Details on private cross-border health insurance in Austria [\/vc_column_text][vc_column_text] Private health insurance is the most popular health insurance option for cross-border commuters, as there are numerous advantages and no real disadvantages. Entitlement to benefits<\/p>\n","protected":false},"author":1,"featured_media":0,"parent":1010,"menu_order":0,"comment_status":"closed","ping_status":"closed","template":"page-FullWidth.php","meta":{"_monsterinsights_skip_tracking":false,"_monsterinsights_sitenote_active":false,"_monsterinsights_sitenote_note":"","_monsterinsights_sitenote_category":0,"footnotes":""},"class_list":["post-963","page","type-page","status-publish","hentry"],"yoast_head":"<!-- This site is optimized with the Yoast SEO Premium plugin v25.2 (Yoast SEO v26.8) - https:\/\/yoast.com\/product\/yoast-seo-premium-wordpress\/ -->\n<title>Private health insurance for cross-border commuters in Austria<\/title>\n<meta name=\"description\" content=\"Private cross-border commuter health insurance in Austria (cross-border commuter insurance) | For cross-border commuters Austria - Switzerland \/ Liechtenstein.\" \/>\n<meta name=\"robots\" content=\"index, follow, max-snippet:-1, max-image-preview:large, max-video-preview:-1\" \/>\n<link rel=\"canonical\" href=\"https:\/\/grenzgaengerversicherung.at\/en\/cross-border-commuters-health-insurance\/private-health-insurance-for-cross-border-commuters-in-austria\" \/>\n<meta property=\"og:locale\" content=\"en_US\" \/>\n<meta property=\"og:type\" content=\"article\" \/>\n<meta property=\"og:title\" content=\"Private health insurance for cross-border commuters in Austria\" \/>\n<meta property=\"og:description\" content=\"Private cross-border commuter health insurance in Austria (cross-border commuter insurance) | For cross-border commuters Austria - Switzerland \/ Liechtenstein.\" \/>\n<meta property=\"og:url\" content=\"https:\/\/grenzgaengerversicherung.at\/en\/cross-border-commuters-health-insurance\/private-health-insurance-for-cross-border-commuters-in-austria\" \/>\n<meta property=\"og:site_name\" content=\"Cross-Border Insurance &amp; Service \u2013 by B-Quadrat | Professional advice for cross-borders\" \/>\n<meta property=\"article:publisher\" content=\"https:\/\/www.facebook.com\/BQuadratFinanzberatung\/\" \/>\n<meta property=\"article:modified_time\" content=\"2025-12-18T10:44:23+00:00\" \/>\n<meta name=\"twitter:card\" content=\"summary_large_image\" \/>\n<meta name=\"twitter:label1\" content=\"Est. reading time\" \/>\n\t<meta name=\"twitter:data1\" content=\"2 minutes\" \/>\n<script type=\"application\/ld+json\" class=\"yoast-schema-graph\">{\"@context\":\"https:\/\/schema.org\",\"@graph\":[{\"@type\":\"WebPage\",\"@id\":\"https:\/\/grenzgaengerversicherung.at\/en\/cross-border-commuters-health-insurance\/private-health-insurance-for-cross-border-commuters-in-austria\",\"url\":\"https:\/\/grenzgaengerversicherung.at\/en\/cross-border-commuters-health-insurance\/private-health-insurance-for-cross-border-commuters-in-austria\",\"name\":\"Private health insurance for cross-border commuters in Austria\",\"isPartOf\":{\"@id\":\"https:\/\/grenzgaengerversicherung.at\/en#website\"},\"datePublished\":\"2017-11-05T13:19:19+00:00\",\"dateModified\":\"2025-12-18T10:44:23+00:00\",\"description\":\"Private cross-border commuter health insurance in Austria (cross-border commuter insurance) | For cross-border commuters Austria - Switzerland \/ Liechtenstein.\",\"breadcrumb\":{\"@id\":\"https:\/\/grenzgaengerversicherung.at\/en\/cross-border-commuters-health-insurance\/private-health-insurance-for-cross-border-commuters-in-austria#breadcrumb\"},\"inLanguage\":\"en-US\",\"potentialAction\":[{\"@type\":\"ReadAction\",\"target\":[\"https:\/\/grenzgaengerversicherung.at\/en\/cross-border-commuters-health-insurance\/private-health-insurance-for-cross-border-commuters-in-austria\"]}]},{\"@type\":\"BreadcrumbList\",\"@id\":\"https:\/\/grenzgaengerversicherung.at\/en\/cross-border-commuters-health-insurance\/private-health-insurance-for-cross-border-commuters-in-austria#breadcrumb\",\"itemListElement\":[{\"@type\":\"ListItem\",\"position\":1,\"name\":\"Startseite\",\"item\":\"https:\/\/grenzgaengerversicherung.at\/en\"},{\"@type\":\"ListItem\",\"position\":2,\"name\":\"Cross-border commuters &amp; health insurance\",\"item\":\"https:\/\/grenzgaengerversicherung.at\/en\/cross-border-commuters-health-insurance\"},{\"@type\":\"ListItem\",\"position\":3,\"name\":\"Private health insurance for cross-border commuters in Austria\"}]},{\"@type\":\"WebSite\",\"@id\":\"https:\/\/grenzgaengerversicherung.at\/en#website\",\"url\":\"https:\/\/grenzgaengerversicherung.at\/en\",\"name\":\"Grenzg\u00e4nger - Versicherung & Service von B-Quadrat | Professionelle Beratung f\u00fcr Grenzg\u00e4nger\",\"description\":\"\",\"publisher\":{\"@id\":\"https:\/\/grenzgaengerversicherung.at\/en#organization\"},\"potentialAction\":[{\"@type\":\"SearchAction\",\"target\":{\"@type\":\"EntryPoint\",\"urlTemplate\":\"https:\/\/grenzgaengerversicherung.at\/en?s={search_term_string}\"},\"query-input\":{\"@type\":\"PropertyValueSpecification\",\"valueRequired\":true,\"valueName\":\"search_term_string\"}}],\"inLanguage\":\"en-US\"},{\"@type\":\"Organization\",\"@id\":\"https:\/\/grenzgaengerversicherung.at\/en#organization\",\"name\":\"Cross-Border Insurance & Service \u2013 by B-Quadrat\",\"url\":\"https:\/\/grenzgaengerversicherung.at\/en\",\"logo\":{\"@type\":\"ImageObject\",\"inLanguage\":\"en-US\",\"@id\":\"https:\/\/grenzgaengerversicherung.at\/en#\/schema\/logo\/image\/\",\"url\":\"https:\/\/grenzgaengerversicherung.at\/wp-content\/uploads\/2024\/09\/Logo_Grenzgaengerversicherung_mit-Bquadrat_Logo.png\",\"contentUrl\":\"https:\/\/grenzgaengerversicherung.at\/wp-content\/uploads\/2024\/09\/Logo_Grenzgaengerversicherung_mit-Bquadrat_Logo.png\",\"width\":380,\"height\":141,\"caption\":\"Cross-Border Insurance & Service \u2013 by B-Quadrat\"},\"image\":{\"@id\":\"https:\/\/grenzgaengerversicherung.at\/en#\/schema\/logo\/image\/\"},\"sameAs\":[\"https:\/\/www.facebook.com\/BQuadratFinanzberatung\/\",\"https:\/\/www.linkedin.com\/company\/b-quadrat-finanzberatungs-gmbh\/\"]}]}<\/script>\n<!-- \/ Yoast SEO Premium plugin. -->","yoast_head_json":{"title":"Private health insurance for cross-border commuters in Austria","description":"Private cross-border commuter health insurance in Austria (cross-border commuter insurance) | For cross-border commuters Austria - Switzerland \/ Liechtenstein.","robots":{"index":"index","follow":"follow","max-snippet":"max-snippet:-1","max-image-preview":"max-image-preview:large","max-video-preview":"max-video-preview:-1"},"canonical":"https:\/\/grenzgaengerversicherung.at\/en\/cross-border-commuters-health-insurance\/private-health-insurance-for-cross-border-commuters-in-austria","og_locale":"en_US","og_type":"article","og_title":"Private health insurance for cross-border commuters in Austria","og_description":"Private cross-border commuter health insurance in Austria (cross-border commuter insurance) | For cross-border commuters Austria - Switzerland \/ Liechtenstein.","og_url":"https:\/\/grenzgaengerversicherung.at\/en\/cross-border-commuters-health-insurance\/private-health-insurance-for-cross-border-commuters-in-austria","og_site_name":"Cross-Border Insurance & Service \u2013 by B-Quadrat | Professional advice for cross-borders","article_publisher":"https:\/\/www.facebook.com\/BQuadratFinanzberatung\/","article_modified_time":"2025-12-18T10:44:23+00:00","twitter_card":"summary_large_image","twitter_misc":{"Est. reading time":"2 minutes"},"schema":{"@context":"https:\/\/schema.org","@graph":[{"@type":"WebPage","@id":"https:\/\/grenzgaengerversicherung.at\/en\/cross-border-commuters-health-insurance\/private-health-insurance-for-cross-border-commuters-in-austria","url":"https:\/\/grenzgaengerversicherung.at\/en\/cross-border-commuters-health-insurance\/private-health-insurance-for-cross-border-commuters-in-austria","name":"Private health insurance for cross-border commuters in Austria","isPartOf":{"@id":"https:\/\/grenzgaengerversicherung.at\/en#website"},"datePublished":"2017-11-05T13:19:19+00:00","dateModified":"2025-12-18T10:44:23+00:00","description":"Private cross-border commuter health insurance in Austria (cross-border commuter insurance) | For cross-border commuters Austria - Switzerland \/ Liechtenstein.","breadcrumb":{"@id":"https:\/\/grenzgaengerversicherung.at\/en\/cross-border-commuters-health-insurance\/private-health-insurance-for-cross-border-commuters-in-austria#breadcrumb"},"inLanguage":"en-US","potentialAction":[{"@type":"ReadAction","target":["https:\/\/grenzgaengerversicherung.at\/en\/cross-border-commuters-health-insurance\/private-health-insurance-for-cross-border-commuters-in-austria"]}]},{"@type":"BreadcrumbList","@id":"https:\/\/grenzgaengerversicherung.at\/en\/cross-border-commuters-health-insurance\/private-health-insurance-for-cross-border-commuters-in-austria#breadcrumb","itemListElement":[{"@type":"ListItem","position":1,"name":"Startseite","item":"https:\/\/grenzgaengerversicherung.at\/en"},{"@type":"ListItem","position":2,"name":"Cross-border commuters &amp; health insurance","item":"https:\/\/grenzgaengerversicherung.at\/en\/cross-border-commuters-health-insurance"},{"@type":"ListItem","position":3,"name":"Private health insurance for cross-border commuters in Austria"}]},{"@type":"WebSite","@id":"https:\/\/grenzgaengerversicherung.at\/en#website","url":"https:\/\/grenzgaengerversicherung.at\/en","name":"Grenzg\u00e4nger - Versicherung & Service von B-Quadrat | Professionelle Beratung f\u00fcr Grenzg\u00e4nger","description":"","publisher":{"@id":"https:\/\/grenzgaengerversicherung.at\/en#organization"},"potentialAction":[{"@type":"SearchAction","target":{"@type":"EntryPoint","urlTemplate":"https:\/\/grenzgaengerversicherung.at\/en?s={search_term_string}"},"query-input":{"@type":"PropertyValueSpecification","valueRequired":true,"valueName":"search_term_string"}}],"inLanguage":"en-US"},{"@type":"Organization","@id":"https:\/\/grenzgaengerversicherung.at\/en#organization","name":"Cross-Border Insurance & Service \u2013 by B-Quadrat","url":"https:\/\/grenzgaengerversicherung.at\/en","logo":{"@type":"ImageObject","inLanguage":"en-US","@id":"https:\/\/grenzgaengerversicherung.at\/en#\/schema\/logo\/image\/","url":"https:\/\/grenzgaengerversicherung.at\/wp-content\/uploads\/2024\/09\/Logo_Grenzgaengerversicherung_mit-Bquadrat_Logo.png","contentUrl":"https:\/\/grenzgaengerversicherung.at\/wp-content\/uploads\/2024\/09\/Logo_Grenzgaengerversicherung_mit-Bquadrat_Logo.png","width":380,"height":141,"caption":"Cross-Border Insurance & Service \u2013 by B-Quadrat"},"image":{"@id":"https:\/\/grenzgaengerversicherung.at\/en#\/schema\/logo\/image\/"},"sameAs":["https:\/\/www.facebook.com\/BQuadratFinanzberatung\/","https:\/\/www.linkedin.com\/company\/b-quadrat-finanzberatungs-gmbh\/"]}]}},"_links":{"self":[{"href":"https:\/\/grenzgaengerversicherung.at\/en\/wp-json\/wp\/v2\/pages\/963","targetHints":{"allow":["GET"]}}],"collection":[{"href":"https:\/\/grenzgaengerversicherung.at\/en\/wp-json\/wp\/v2\/pages"}],"about":[{"href":"https:\/\/grenzgaengerversicherung.at\/en\/wp-json\/wp\/v2\/types\/page"}],"author":[{"embeddable":true,"href":"https:\/\/grenzgaengerversicherung.at\/en\/wp-json\/wp\/v2\/users\/1"}],"replies":[{"embeddable":true,"href":"https:\/\/grenzgaengerversicherung.at\/en\/wp-json\/wp\/v2\/comments?post=963"}],"version-history":[{"count":6,"href":"https:\/\/grenzgaengerversicherung.at\/en\/wp-json\/wp\/v2\/pages\/963\/revisions"}],"predecessor-version":[{"id":1092,"href":"https:\/\/grenzgaengerversicherung.at\/en\/wp-json\/wp\/v2\/pages\/963\/revisions\/1092"}],"up":[{"embeddable":true,"href":"https:\/\/grenzgaengerversicherung.at\/en\/wp-json\/wp\/v2\/pages\/1010"}],"wp:attachment":[{"href":"https:\/\/grenzgaengerversicherung.at\/en\/wp-json\/wp\/v2\/media?parent=963"}],"curies":[{"name":"wp","href":"https:\/\/api.w.org\/{rel}","templated":true}]}}