{"id":967,"date":"2017-11-05T10:31:47","date_gmt":"2017-11-05T10:31:47","guid":{"rendered":"https:\/\/grenzgaengerversicherung.at\/statutory-health-insurance-for-cross-border-commuters-in-austria"},"modified":"2025-12-18T10:15:52","modified_gmt":"2025-12-18T10:15:52","slug":"statutory-health-insurance-for-cross-border-commuters-in-austria","status":"publish","type":"page","link":"https:\/\/grenzgaengerversicherung.at\/en\/cross-border-commuters-health-insurance\/statutory-health-insurance-for-cross-border-commuters-in-austria","title":{"rendered":"Statutory health insurance for cross-border commuters in Austria"},"content":{"rendered":"<div class=\"wpb-content-wrapper\">[vc_row][vc_column][vc_column_text]\n<h1><strong><span style=\"font-family: verdana, geneva, sans-serif;\">Statutory health insurance for cross-border commuters in Austria<\/span><\/strong><\/h1>\n[\/vc_column_text][vc_single_image image=&#8221;905&#8243; img_size=&#8221;full&#8221;][\/vc_column][\/vc_row][vc_row][vc_column width=&#8221;2\/3&#8243;][vc_column_text]\n<h2><span style=\"font-family: verdana, geneva, sans-serif;\">Details on statutory health insurance in Austria<\/span><\/h2>\n[\/vc_column_text][vc_column_text css=&#8221;&#8221;]\n<p class=\"ai-optimize-36\" style=\"text-align: justify;\"><span style=\"font-family: verdana, geneva, sans-serif; font-size: 12pt;\">Voluntary statutory insurance with the Austrian Health Insurance Fund can be particularly useful if you either earn a very low income (e.g. as an intern) or if you have a part-time job with a tendency towards lower income and at the same time want to insure family members free of charge. In this case, voluntary statutory health insurance offers cross-border commuters the opportunity to take advantage of \u00d6GK&#8217;s free family insurance. If you are single, have a medium or high income or if comprehensive benefits in both countries are important to you, this option is less interesting.  <\/span><\/p>\n<p class=\"ai-optimize-37\" style=\"text-align: justify;\"><span style=\"font-family: verdana, geneva, sans-serif; font-size: 12pt;\">The benefits provided by statutory health insurance lag massively behind the scope of cover provided by private health insurance. Austrian statutory health insurance usually only covers part of the treatment costs and, unlike private health insurance, only pays according to a clearly defined minimum standard. <\/span><\/p>\n<p class=\"ai-optimize-38\" style=\"text-align: justify;\"><span style=\"font-family: verdana, geneva, sans-serif; font-size: 12pt;\">Contributions are calculated according to income. This generally leads to significantly higher contributions than with private health insurance. The current contribution rate (as of 2026) is 7.55%. The contribution is calculated on the high gross income in Switzerland, which is why most cross-border commuters in the statutory health insurance in Austria pay the maximum amount of currently (as of 2026) \u20ac 565.25 per month.   <\/span><\/p>\n[\/vc_column_text][vc_column_text]\n<h4><span style=\"font-family: verdana, geneva, sans-serif; font-size: 12pt;\">Example:<\/span><\/h4>\n<p style=\"text-align: justify;\"><span style=\"font-family: verdana, geneva, sans-serif; font-size: 12pt;\">A commercial employee earns the equivalent of \u20ac 5,000 gross per month in Switzerland. She receives 14 salaries, is 30 years old, has no children and has voluntary statutory insurance with the \u00d6GK (Austrian Health Insurance Fund) with a contribution rate of 7.55%. Her contribution is therefore around \u20ac 440 per month.  <\/span><\/p>\n[\/vc_column_text][\/vc_column][vc_column width=&#8221;1\/3&#8243;][vc_column_text]\n<h3><span style=\"font-family: verdana, geneva, sans-serif;\">Advantages:<\/span><\/h3>\n[\/vc_column_text]<div class=\"aio-icon-component    style_1\"><div id=\"Info-box-wrap-7187\" class=\"aio-icon-box left-icon\" style=\"\"  ><div class=\"aio-icon-left\"><div class=\"ult-just-icon-wrapper  \"><div class=\"align-icon\" style=\"text-align:center;\">\n<div class=\"aio-icon none \"  style=\"color:#333;font-size:32px;display:inline-block;\">\n\t<i class=\"Defaults-check\"><\/i>\n<\/div><\/div><\/div><\/div><div class=\"aio-ibd-block\"><div class=\"aio-icon-description ult-responsive\"  data-ultimate-target='#Info-box-wrap-7187 .aio-icon-description'  data-responsive-json-new='{\"font-size\":\"\",\"line-height\":\"\"}'  style=\"\">\n<p style=\"text-align: left;\"><span style=\"font-family: verdana, geneva, sans-serif; font-size: 11pt;\">Free co-insurance for family members who are not gainfully employed<\/span><\/p>\n<\/div> <!-- description --><\/div> <!-- aio-ibd-block --><\/div> <!-- aio-icon-box --><\/div> <!-- aio-icon-component --><div class=\"aio-icon-component    style_1\"><div id=\"Info-box-wrap-9073\" class=\"aio-icon-box left-icon\" style=\"\"  ><div class=\"aio-icon-left\"><div class=\"ult-just-icon-wrapper  \"><div class=\"align-icon\" style=\"text-align:center;\">\n<div class=\"aio-icon none \"  style=\"color:#333;font-size:32px;display:inline-block;\">\n\t<i class=\"Defaults-check\"><\/i>\n<\/div><\/div><\/div><\/div><div class=\"aio-ibd-block\"><div class=\"aio-icon-description ult-responsive\"  data-ultimate-target='#Info-box-wrap-9073 .aio-icon-description'  data-responsive-json-new='{\"font-size\":\"\",\"line-height\":\"\"}'  style=\"\">\n<p style=\"text-align: left;\"><span style=\"font-family: verdana, geneva, sans-serif; font-size: 11pt;\">No health check &#8211; everyone receives insurance<\/span><\/p>\n<\/div> <!-- description --><\/div> <!-- aio-ibd-block --><\/div> <!-- aio-icon-box --><\/div> <!-- aio-icon-component -->[vc_column_text]\n<h3><span style=\"font-family: verdana, geneva, sans-serif;\">Disadvantages:<\/span><\/h3>\n[\/vc_column_text]<div class=\"aio-icon-component    style_1\"><div id=\"Info-box-wrap-7915\" class=\"aio-icon-box left-icon\" style=\"\"  ><div class=\"aio-icon-left\"><div class=\"ult-just-icon-wrapper  \"><div class=\"align-icon\" style=\"text-align:center;\">\n<div class=\"aio-icon none \"  style=\"color:#333;font-size:32px;display:inline-block;\">\n\t<i class=\"Defaults-close remove times\"><\/i>\n<\/div><\/div><\/div><\/div><div class=\"aio-ibd-block\"><div class=\"aio-icon-description ult-responsive\"  data-ultimate-target='#Info-box-wrap-7915 .aio-icon-description'  data-responsive-json-new='{\"font-size\":\"\",\"line-height\":\"\"}'  style=\"\">\n<p class=\"ai-optimize-40\" style=\"text-align: left;\"><span style=\"font-family: verdana, geneva, sans-serif; font-size: 11pt;\">Income-related contribution calculation (as at 2026: 7.55% of gross income, max. \u20ac 565.25 per month)<\/span><\/p>\n<\/div> <!-- description --><\/div> <!-- aio-ibd-block --><\/div> <!-- aio-icon-box --><\/div> <!-- aio-icon-component --><div class=\"aio-icon-component    style_1\"><div id=\"Info-box-wrap-3365\" class=\"aio-icon-box left-icon\" style=\"\"  ><div class=\"aio-icon-left\"><div class=\"ult-just-icon-wrapper  \"><div class=\"align-icon\" style=\"text-align:center;\">\n<div class=\"aio-icon none \"  style=\"color:#333;font-size:32px;display:inline-block;\">\n\t<i class=\"Defaults-close remove times\"><\/i>\n<\/div><\/div><\/div><\/div><div class=\"aio-ibd-block\"><div class=\"aio-icon-description ult-responsive\"  data-ultimate-target='#Info-box-wrap-3365 .aio-icon-description'  data-responsive-json-new='{\"font-size\":\"\",\"line-height\":\"\"}'  style=\"\">\n<p style=\"text-align: left;\"><span style=\"font-family: verdana, geneva, sans-serif; font-size: 11pt;\">High co-payments for medical treatment in Switzerland<\/span><\/p>\n<\/div> <!-- description --><\/div> <!-- aio-ibd-block --><\/div> <!-- aio-icon-box --><\/div> <!-- aio-icon-component --><div class=\"aio-icon-component    style_1\"><div id=\"Info-box-wrap-8780\" class=\"aio-icon-box left-icon\" style=\"\"  ><div class=\"aio-icon-left\"><div class=\"ult-just-icon-wrapper  \"><div class=\"align-icon\" style=\"text-align:center;\">\n<div class=\"aio-icon none \"  style=\"color:#333;font-size:32px;display:inline-block;\">\n\t<i class=\"Defaults-close remove times\"><\/i>\n<\/div><\/div><\/div><\/div><div class=\"aio-ibd-block\"><div class=\"aio-icon-description ult-responsive\"  data-ultimate-target='#Info-box-wrap-8780 .aio-icon-description'  data-responsive-json-new='{\"font-size\":\"\",\"line-height\":\"\"}'  style=\"\">\n<p style=\"text-align: left;\"><span style=\"font-family: verdana, geneva, sans-serif; font-size: 11pt;\">High co-payments for specialists in Austria<\/span><\/p>\n<\/div> <!-- description --><\/div> <!-- aio-ibd-block --><\/div> <!-- aio-icon-box --><\/div> <!-- aio-icon-component --><div class=\"aio-icon-component    style_1\"><div id=\"Info-box-wrap-6130\" class=\"aio-icon-box left-icon\" style=\"\"  ><div class=\"aio-icon-left\"><div class=\"ult-just-icon-wrapper  \"><div class=\"align-icon\" style=\"text-align:center;\">\n<div class=\"aio-icon none \"  style=\"color:#333;font-size:32px;display:inline-block;\">\n\t<i class=\"Defaults-close remove times\"><\/i>\n<\/div><\/div><\/div><\/div><div class=\"aio-ibd-block\"><div class=\"aio-icon-description ult-responsive\"  data-ultimate-target='#Info-box-wrap-6130 .aio-icon-description'  data-responsive-json-new='{\"font-size\":\"\",\"line-height\":\"\"}'  style=\"\">\n<p style=\"text-align: left;\"><span style=\"font-family: verdana, geneva, sans-serif; font-size: 11pt;\">Rather low level of benefits, for example for dentures<\/span><\/p>\n<\/div> <!-- description --><\/div> <!-- aio-ibd-block --><\/div> <!-- aio-icon-box --><\/div> <!-- aio-icon-component --><div class=\"aio-icon-component    style_1\"><div id=\"Info-box-wrap-8357\" class=\"aio-icon-box left-icon\" style=\"\"  ><div class=\"aio-icon-left\"><div class=\"ult-just-icon-wrapper  \"><div class=\"align-icon\" style=\"text-align:center;\">\n<div class=\"aio-icon none \"  style=\"color:#333;font-size:32px;display:inline-block;\">\n\t<i class=\"Defaults-close remove times\"><\/i>\n<\/div><\/div><\/div><\/div><div class=\"aio-ibd-block\"><div class=\"aio-icon-description ult-responsive\"  data-ultimate-target='#Info-box-wrap-8357 .aio-icon-description'  data-responsive-json-new='{\"font-size\":\"\",\"line-height\":\"\"}'  style=\"\">\n<p style=\"text-align: left;\"><span style=\"font-family: verdana, geneva, sans-serif; font-size: 11pt;\">A high level of benefits can only be achieved through supplementary tariffs<\/span><\/p>\n<\/div> <!-- description --><\/div> <!-- aio-ibd-block --><\/div> <!-- aio-icon-box --><\/div> <!-- aio-icon-component -->[\/vc_column][\/vc_row][vc_row][vc_column width=&#8221;2\/3&#8243;][\/vc_column][vc_column width=&#8221;1\/3&#8243;][\/vc_column][\/vc_row]\n<\/div>","protected":false},"excerpt":{"rendered":"<p>[vc_row][vc_column][vc_column_text] Statutory health insurance for cross-border commuters in Austria [\/vc_column_text][vc_single_image image=&#8221;905&#8243; img_size=&#8221;full&#8221;][\/vc_column][\/vc_row][vc_row][vc_column width=&#8221;2\/3&#8243;][vc_column_text] Details on statutory health insurance in Austria [\/vc_column_text][vc_column_text css=&#8221;&#8221;] Voluntary statutory insurance with the Austrian Health Insurance Fund can be particularly useful if you either earn a very low income (e.g. as an intern)<\/p>\n","protected":false},"author":1,"featured_media":0,"parent":1010,"menu_order":0,"comment_status":"closed","ping_status":"closed","template":"page-FullWidth.php","meta":{"_monsterinsights_skip_tracking":false,"_monsterinsights_sitenote_active":false,"_monsterinsights_sitenote_note":"","_monsterinsights_sitenote_category":0,"footnotes":""},"class_list":["post-967","page","type-page","status-publish","hentry"],"yoast_head":"<!-- This site is optimized with the Yoast SEO Premium plugin v25.2 (Yoast SEO v26.8) - https:\/\/yoast.com\/product\/yoast-seo-premium-wordpress\/ -->\n<title>Statutory health insurance for cross-border commuters in Austria<\/title>\n<meta name=\"description\" content=\"Details on voluntary statutory health insurance in Austria | Independent information for cross-border commuters | Free advice from experts\" \/>\n<meta name=\"robots\" content=\"index, follow, max-snippet:-1, max-image-preview:large, max-video-preview:-1\" \/>\n<link rel=\"canonical\" href=\"https:\/\/grenzgaengerversicherung.at\/en\/cross-border-commuters-health-insurance\/statutory-health-insurance-for-cross-border-commuters-in-austria\" \/>\n<meta property=\"og:locale\" content=\"en_US\" \/>\n<meta property=\"og:type\" content=\"article\" \/>\n<meta property=\"og:title\" content=\"Statutory health insurance for cross-border commuters in Austria\" \/>\n<meta property=\"og:description\" content=\"Details on voluntary statutory health insurance in Austria | Independent information for cross-border commuters | Free advice from experts\" \/>\n<meta property=\"og:url\" content=\"https:\/\/grenzgaengerversicherung.at\/en\/cross-border-commuters-health-insurance\/statutory-health-insurance-for-cross-border-commuters-in-austria\" \/>\n<meta property=\"og:site_name\" content=\"Cross-Border Insurance &amp; Service \u2013 by B-Quadrat | Professional advice for cross-borders\" \/>\n<meta property=\"article:publisher\" content=\"https:\/\/www.facebook.com\/BQuadratFinanzberatung\/\" \/>\n<meta property=\"article:modified_time\" content=\"2025-12-18T10:15:52+00:00\" \/>\n<meta name=\"twitter:card\" content=\"summary_large_image\" \/>\n<meta name=\"twitter:label1\" content=\"Est. reading time\" \/>\n\t<meta name=\"twitter:data1\" content=\"2 minutes\" \/>\n<script type=\"application\/ld+json\" class=\"yoast-schema-graph\">{\"@context\":\"https:\/\/schema.org\",\"@graph\":[{\"@type\":\"WebPage\",\"@id\":\"https:\/\/grenzgaengerversicherung.at\/en\/cross-border-commuters-health-insurance\/statutory-health-insurance-for-cross-border-commuters-in-austria\",\"url\":\"https:\/\/grenzgaengerversicherung.at\/en\/cross-border-commuters-health-insurance\/statutory-health-insurance-for-cross-border-commuters-in-austria\",\"name\":\"Statutory health insurance for cross-border commuters in Austria\",\"isPartOf\":{\"@id\":\"https:\/\/grenzgaengerversicherung.at\/en#website\"},\"datePublished\":\"2017-11-05T10:31:47+00:00\",\"dateModified\":\"2025-12-18T10:15:52+00:00\",\"description\":\"Details on voluntary statutory health insurance in Austria | Independent information for cross-border commuters | Free advice from experts\",\"breadcrumb\":{\"@id\":\"https:\/\/grenzgaengerversicherung.at\/en\/cross-border-commuters-health-insurance\/statutory-health-insurance-for-cross-border-commuters-in-austria#breadcrumb\"},\"inLanguage\":\"en-US\",\"potentialAction\":[{\"@type\":\"ReadAction\",\"target\":[\"https:\/\/grenzgaengerversicherung.at\/en\/cross-border-commuters-health-insurance\/statutory-health-insurance-for-cross-border-commuters-in-austria\"]}]},{\"@type\":\"BreadcrumbList\",\"@id\":\"https:\/\/grenzgaengerversicherung.at\/en\/cross-border-commuters-health-insurance\/statutory-health-insurance-for-cross-border-commuters-in-austria#breadcrumb\",\"itemListElement\":[{\"@type\":\"ListItem\",\"position\":1,\"name\":\"Startseite\",\"item\":\"https:\/\/grenzgaengerversicherung.at\/en\"},{\"@type\":\"ListItem\",\"position\":2,\"name\":\"Cross-border commuters &amp; health insurance\",\"item\":\"https:\/\/grenzgaengerversicherung.at\/en\/cross-border-commuters-health-insurance\"},{\"@type\":\"ListItem\",\"position\":3,\"name\":\"Statutory health insurance for cross-border commuters in Austria\"}]},{\"@type\":\"WebSite\",\"@id\":\"https:\/\/grenzgaengerversicherung.at\/en#website\",\"url\":\"https:\/\/grenzgaengerversicherung.at\/en\",\"name\":\"Grenzg\u00e4nger - Versicherung & Service von B-Quadrat | Professionelle Beratung f\u00fcr Grenzg\u00e4nger\",\"description\":\"\",\"publisher\":{\"@id\":\"https:\/\/grenzgaengerversicherung.at\/en#organization\"},\"potentialAction\":[{\"@type\":\"SearchAction\",\"target\":{\"@type\":\"EntryPoint\",\"urlTemplate\":\"https:\/\/grenzgaengerversicherung.at\/en?s={search_term_string}\"},\"query-input\":{\"@type\":\"PropertyValueSpecification\",\"valueRequired\":true,\"valueName\":\"search_term_string\"}}],\"inLanguage\":\"en-US\"},{\"@type\":\"Organization\",\"@id\":\"https:\/\/grenzgaengerversicherung.at\/en#organization\",\"name\":\"Cross-Border Insurance & Service \u2013 by B-Quadrat\",\"url\":\"https:\/\/grenzgaengerversicherung.at\/en\",\"logo\":{\"@type\":\"ImageObject\",\"inLanguage\":\"en-US\",\"@id\":\"https:\/\/grenzgaengerversicherung.at\/en#\/schema\/logo\/image\/\",\"url\":\"https:\/\/grenzgaengerversicherung.at\/wp-content\/uploads\/2024\/09\/Logo_Grenzgaengerversicherung_mit-Bquadrat_Logo.png\",\"contentUrl\":\"https:\/\/grenzgaengerversicherung.at\/wp-content\/uploads\/2024\/09\/Logo_Grenzgaengerversicherung_mit-Bquadrat_Logo.png\",\"width\":380,\"height\":141,\"caption\":\"Cross-Border Insurance & Service \u2013 by B-Quadrat\"},\"image\":{\"@id\":\"https:\/\/grenzgaengerversicherung.at\/en#\/schema\/logo\/image\/\"},\"sameAs\":[\"https:\/\/www.facebook.com\/BQuadratFinanzberatung\/\",\"https:\/\/www.linkedin.com\/company\/b-quadrat-finanzberatungs-gmbh\/\"]}]}<\/script>\n<!-- \/ Yoast SEO Premium plugin. -->","yoast_head_json":{"title":"Statutory health insurance for cross-border commuters in Austria","description":"Details on voluntary statutory health insurance in Austria | Independent information for cross-border commuters | Free advice from experts","robots":{"index":"index","follow":"follow","max-snippet":"max-snippet:-1","max-image-preview":"max-image-preview:large","max-video-preview":"max-video-preview:-1"},"canonical":"https:\/\/grenzgaengerversicherung.at\/en\/cross-border-commuters-health-insurance\/statutory-health-insurance-for-cross-border-commuters-in-austria","og_locale":"en_US","og_type":"article","og_title":"Statutory health insurance for cross-border commuters in Austria","og_description":"Details on voluntary statutory health insurance in Austria | Independent information for cross-border commuters | Free advice from experts","og_url":"https:\/\/grenzgaengerversicherung.at\/en\/cross-border-commuters-health-insurance\/statutory-health-insurance-for-cross-border-commuters-in-austria","og_site_name":"Cross-Border Insurance & Service \u2013 by B-Quadrat | Professional advice for cross-borders","article_publisher":"https:\/\/www.facebook.com\/BQuadratFinanzberatung\/","article_modified_time":"2025-12-18T10:15:52+00:00","twitter_card":"summary_large_image","twitter_misc":{"Est. reading time":"2 minutes"},"schema":{"@context":"https:\/\/schema.org","@graph":[{"@type":"WebPage","@id":"https:\/\/grenzgaengerversicherung.at\/en\/cross-border-commuters-health-insurance\/statutory-health-insurance-for-cross-border-commuters-in-austria","url":"https:\/\/grenzgaengerversicherung.at\/en\/cross-border-commuters-health-insurance\/statutory-health-insurance-for-cross-border-commuters-in-austria","name":"Statutory health insurance for cross-border commuters in Austria","isPartOf":{"@id":"https:\/\/grenzgaengerversicherung.at\/en#website"},"datePublished":"2017-11-05T10:31:47+00:00","dateModified":"2025-12-18T10:15:52+00:00","description":"Details on voluntary statutory health insurance in Austria | Independent information for cross-border commuters | Free advice from experts","breadcrumb":{"@id":"https:\/\/grenzgaengerversicherung.at\/en\/cross-border-commuters-health-insurance\/statutory-health-insurance-for-cross-border-commuters-in-austria#breadcrumb"},"inLanguage":"en-US","potentialAction":[{"@type":"ReadAction","target":["https:\/\/grenzgaengerversicherung.at\/en\/cross-border-commuters-health-insurance\/statutory-health-insurance-for-cross-border-commuters-in-austria"]}]},{"@type":"BreadcrumbList","@id":"https:\/\/grenzgaengerversicherung.at\/en\/cross-border-commuters-health-insurance\/statutory-health-insurance-for-cross-border-commuters-in-austria#breadcrumb","itemListElement":[{"@type":"ListItem","position":1,"name":"Startseite","item":"https:\/\/grenzgaengerversicherung.at\/en"},{"@type":"ListItem","position":2,"name":"Cross-border commuters &amp; health insurance","item":"https:\/\/grenzgaengerversicherung.at\/en\/cross-border-commuters-health-insurance"},{"@type":"ListItem","position":3,"name":"Statutory health insurance for cross-border commuters in Austria"}]},{"@type":"WebSite","@id":"https:\/\/grenzgaengerversicherung.at\/en#website","url":"https:\/\/grenzgaengerversicherung.at\/en","name":"Grenzg\u00e4nger - Versicherung & Service von B-Quadrat | Professionelle Beratung f\u00fcr Grenzg\u00e4nger","description":"","publisher":{"@id":"https:\/\/grenzgaengerversicherung.at\/en#organization"},"potentialAction":[{"@type":"SearchAction","target":{"@type":"EntryPoint","urlTemplate":"https:\/\/grenzgaengerversicherung.at\/en?s={search_term_string}"},"query-input":{"@type":"PropertyValueSpecification","valueRequired":true,"valueName":"search_term_string"}}],"inLanguage":"en-US"},{"@type":"Organization","@id":"https:\/\/grenzgaengerversicherung.at\/en#organization","name":"Cross-Border Insurance & Service \u2013 by B-Quadrat","url":"https:\/\/grenzgaengerversicherung.at\/en","logo":{"@type":"ImageObject","inLanguage":"en-US","@id":"https:\/\/grenzgaengerversicherung.at\/en#\/schema\/logo\/image\/","url":"https:\/\/grenzgaengerversicherung.at\/wp-content\/uploads\/2024\/09\/Logo_Grenzgaengerversicherung_mit-Bquadrat_Logo.png","contentUrl":"https:\/\/grenzgaengerversicherung.at\/wp-content\/uploads\/2024\/09\/Logo_Grenzgaengerversicherung_mit-Bquadrat_Logo.png","width":380,"height":141,"caption":"Cross-Border Insurance & Service \u2013 by B-Quadrat"},"image":{"@id":"https:\/\/grenzgaengerversicherung.at\/en#\/schema\/logo\/image\/"},"sameAs":["https:\/\/www.facebook.com\/BQuadratFinanzberatung\/","https:\/\/www.linkedin.com\/company\/b-quadrat-finanzberatungs-gmbh\/"]}]}},"_links":{"self":[{"href":"https:\/\/grenzgaengerversicherung.at\/en\/wp-json\/wp\/v2\/pages\/967","targetHints":{"allow":["GET"]}}],"collection":[{"href":"https:\/\/grenzgaengerversicherung.at\/en\/wp-json\/wp\/v2\/pages"}],"about":[{"href":"https:\/\/grenzgaengerversicherung.at\/en\/wp-json\/wp\/v2\/types\/page"}],"author":[{"embeddable":true,"href":"https:\/\/grenzgaengerversicherung.at\/en\/wp-json\/wp\/v2\/users\/1"}],"replies":[{"embeddable":true,"href":"https:\/\/grenzgaengerversicherung.at\/en\/wp-json\/wp\/v2\/comments?post=967"}],"version-history":[{"count":6,"href":"https:\/\/grenzgaengerversicherung.at\/en\/wp-json\/wp\/v2\/pages\/967\/revisions"}],"predecessor-version":[{"id":1083,"href":"https:\/\/grenzgaengerversicherung.at\/en\/wp-json\/wp\/v2\/pages\/967\/revisions\/1083"}],"up":[{"embeddable":true,"href":"https:\/\/grenzgaengerversicherung.at\/en\/wp-json\/wp\/v2\/pages\/1010"}],"wp:attachment":[{"href":"https:\/\/grenzgaengerversicherung.at\/en\/wp-json\/wp\/v2\/media?parent=967"}],"curies":[{"name":"wp","href":"https:\/\/api.w.org\/{rel}","templated":true}]}}