{"id":968,"date":"2021-07-09T09:47:15","date_gmt":"2021-07-09T09:47:15","guid":{"rendered":"https:\/\/grenzgaengerversicherung.at\/cross-border-commuters-e-card"},"modified":"2025-06-03T16:51:36","modified_gmt":"2025-06-03T16:51:36","slug":"cross-border-commuters-e-card","status":"publish","type":"page","link":"https:\/\/grenzgaengerversicherung.at\/en\/cross-border-commuters-e-card","title":{"rendered":"Cross-border commuters &amp; e-card"},"content":{"rendered":"<div class=\"wpb-content-wrapper\">[vc_row][vc_column][vc_column_text]\n<h1><strong><span style=\"font-family: verdana, geneva, sans-serif;\">Cross-border commuters &amp; e-card<\/span><\/strong><\/h1>\n<p>&nbsp;<\/p>\n<p><span style=\"font-family: verdana, geneva, sans-serif; font-size: 12pt;\">Privately insured cross-border commuters can also apply for an e-card since 2021! Here you will find the most important information about the application process   <\/span><span style=\"font-family: verdana, geneva, sans-serif; font-size: 12pt;\">an e-card for ELGA and ehealth purposes.<\/span>[\/vc_column_text][vc_single_image image=&#8221;922&#8243; img_size=&#8221;full&#8221; alignment=&#8221;center&#8221;][vc_column_text]\n<p style=\"text-align: justify;\"><span style=\"font-family: verdana, geneva, sans-serif; font-size: 12pt;\">The SARS-CoV-2 pandemic has given IT-supported processes in the healthcare sector a new dynamic. The technical procedures of the ELGA with the e-card as an access key form the basis for recording vaccinations in the e-vaccination record (= central vaccination register). The COVID-19 vaccinations entered there will subsequently also be included in the COVID-19-related certificates, together with negative COVID-19 tests, past and present COVID-19 infections and positive antibody tests. The e-vaccination certificate will presumably also form the basis for the \u201cGreen Passport\u201d, which is set to bring significant simplifications in Austria and other EU countries from the end of June (e.g. for travel).     <\/span><\/p>\n<h2><\/h2>\n<h2 style=\"text-align: justify;\"><span style=\"font-family: verdana, geneva, sans-serif; font-size: 12pt;\"><strong>Good to know:<\/strong><\/span><\/h2>\n<p style=\"text-align: justify;\"><span style=\"font-family: verdana, geneva, sans-serif; font-size: 12pt;\">The e-vaccination certificate is currently a database that is only accessible for official queries, for example for statistical evaluations of vaccination coverage rates. It contains at least the same data as the paper vaccination record: Details of the person vaccinated, date of vaccination, trade name of the vaccine, batch name, dose identifier and name of the vaccinating doctor. This vaccination data is not additionally stored on the e-card &#8211; you only need the e-card to be able to identify yourself. You can view your vaccination data via the ELGA portal, just as you can view your medical findings and medication.   <\/span><\/p>\n<h2><\/h2>\n<h2 style=\"text-align: justify;\"><span style=\"font-family: verdana, geneva, sans-serif; font-size: 12pt;\"><strong>How to apply for an e-card:<\/strong><\/span><\/h2>\n<p style=\"text-align: justify;\"><span style=\"font-family: verdana, geneva, sans-serif; font-size: 12pt;\">The application can be <a href=\"https:\/\/www.sozialversicherung.gv.at\/formulare-prod\/formserver_svportal\/start.do?wfjs_enabled=true&amp;vid=95c4b6da25a38bdf&amp;wfjs_orig_req=%2Fstart.do%3Fesvcid%3D10007.820949%26esvendurl%3DaHR0cDovL3d3dy5zb3ppYWx2ZXJzaWNoZXJ1bmcuZ3YuYXQvZm9ybWdlbi9hYnNjaGx1c3MueGh0bWw%252FbGF5b3V0PXdpdGhOYXYmY29udGVudGlkPTEwMDA3LjgyMDk0OSZwb3J0YWw9c3Zwb3J0YWw%253D%26esvlayout%3DwithNav%26esvportal%3Dsvportal%26esvstarturl%3DaHR0cDovL3d3dy5zb3ppYWx2ZXJzaWNoZXJ1bmcuZ3YuYXQvZm9ybWdlbi8%252FbGF5b3V0PXdpdGhOYXYmY29udGVudGlkPTEwMDA3LjgyMDk0OSZwb3J0YWw9c3Zwb3J0YWw%253D%26generalid%3DECARDBEST_FG0017_SVPortal%26hash%3D7188890d4cf8a3e128fcce685789475174f70e53d7c6829acfd2db17d84be51a%26mobileLayout%3Dfalse%26sso_override%3DKEINE&amp;txid=52d75936e09ae3c0630d5081c8a692e4e0aee2cc\" target=\"_blank\" rel=\"noreferrer noopener\"><strong>online<\/strong><\/a> at the Austrian Social Insurance (SV). No cell phone signature is required for the application. <\/span><\/p>\n<p style=\"text-align: justify;\"><span style=\"font-family: verdana, geneva, sans-serif; font-size: 12pt;\">In order to ensure that the vaccination process runs smoothly, EU citizens resident in Austria can also apply for an e-card for ELGA purposes from the Austrian Health Insurance Fund (\u00d6GK) if they do not yet have an e-card.<\/span><\/p>\n<p style=\"text-align: justify;\"><span style=\"font-family: verdana, geneva, sans-serif; font-size: 12pt;\">You can also submit this application for relatives who do not have an e-card.<\/span><\/p>\n<p style=\"text-align: justify;\"><span style=\"font-family: verdana, geneva, sans-serif; font-size: 12pt;\">If you already have an e-card, you do not need to apply again. The existing e-card enables access to ELGA and the e-vaccination certificate. <\/span><\/p>\n[\/vc_column_text][\/vc_column][\/vc_row][vc_row bg_type=&#8221;bg_color&#8221; bg_color_value=&#8221;#000f8a&#8221;][vc_column width=&#8221;2\/3&#8243;][vc_column_text]\n<h2><span style=\"color: #ffffff;\"><strong><span style=\"font-family: verdana, geneva, sans-serif;\">Best cross-border commuter advice incl. net salary calculation <\/span><\/strong><\/span><\/h2>\n<p><span style=\"font-family: verdana, geneva, sans-serif; font-size: 12pt; color: #ffffff;\">&gt;  Free and non-binding advice since 2003<\/span><br \/>\n<span style=\"font-family: verdana, geneva, sans-serif; font-size: 12pt; color: #ffffff;\">&gt;  Net wage calculation &amp; practical tax tips<\/span><br \/>\n <span style=\"font-family: verdana, geneva, sans-serif; font-size: 12pt; color: #ffffff;\">&gt; Best and cheapest health insurance for cross-border commuters<br \/>\n&gt; Help with choosing the right bank account<br \/>\n<\/span><span style=\"font-family: verdana, geneva, sans-serif; font-size: 12pt; color: #000000;\"><span style=\"color: #ffffff;\">&gt; Help with registering with the tax office and much more<\/span><\/span>[\/vc_column_text][\/vc_column][vc_column width=&#8221;1\/3&#8243;][vc_empty_space height=&#8221;90px&#8221;][vc_btn title=&#8221;Arrange a consultation now&#8221; color=&#8221;danger&#8221; link=&#8221;url:https%3A%2F%2Fbook.timify.com%2Fservices%3FaccountId%3D5dd58034ea99b411773abb33%26hideCloseButton%3Dtrue|title:Arrange%20a%20consultation%20now|target:_blank|&#8221;][\/vc_column][\/vc_row][vc_row][vc_column][vc_column_text]<span style=\"font-family: verdana, geneva, sans-serif; font-size: 12pt;\"><strong>Please note<\/strong> that an e-card does not change your private health insurance.<\/span><\/p>\n<p style=\"text-align: justify;\"><span style=\"font-family: verdana, geneva, sans-serif; font-size: 12pt;\">The e-card serves exclusively as a personal key to the electronic healthcare system and the electronic health record (ELGA). There is no health insurance cover through the \u00d6GK and visits to the doctor are therefore not possible with the e-card. <\/span><\/p>\n<p style=\"text-align: justify;\"><span style=\"font-family: verdana, geneva, sans-serif; font-size: 12pt;\">If you (or your family members) are EU citizens and do not have an Austrian driving license, an e-card can only be issued if you or your family members provide a photo. <\/span><span style=\"font-family: verdana, geneva, sans-serif; font-size: 12pt;\">You can find all the relevant information at <a href=\"https:\/\/www.chipkarte.at\/cdscontent\/?contentid=10007.835062&amp;portal=ecardportal\" target=\"_blank\" rel=\"noreferrer noopener\">chipkarte.at<\/a>.<\/span><\/p>\n<p><span style=\"font-family: verdana, geneva, sans-serif; font-size: 12pt;\">The e-card will be sent to your registration address. If you have not received your e-card within 14 days of applying for it, please call the e-card service line on   <\/span><span style=\"font-family: verdana, geneva, sans-serif; font-size: 12pt;\"><a href=\"tel:0501243311\">05 0124 3311<\/a>.<\/span><\/p>\n<p><span style=\"font-family: verdana, geneva, sans-serif; font-size: 12pt;\">If you have any further questions about issuing an e-card or reporting a defect, loss or theft, please contact the e-card service line on <\/span><span style=\"font-family: verdana, geneva, sans-serif; font-size: 12pt;\"><a href=\"tel:0501243311\">05 0124 3311<\/a>.<\/span><\/p>\n<p><span style=\"font-family: verdana, geneva, sans-serif; font-size: 12pt;\">For questions about ELGA and the e-vaccination certificate, please contact the ELGA service line <\/span><span style=\"font-family: verdana, geneva, sans-serif; font-size: 12pt;\"><a href=\"tel:0501244411\">05 0124 4411<\/a>.<\/span><\/p>\n<p style=\"text-align: justify;\"><span style=\"font-family: verdana, geneva, sans-serif; font-size: 12pt;\">Further questions and answers about the e-card for ELGA and ehealth purposes for liberal professions can be found at <a href=\"https:\/\/www.chipkarte.at\/cdscontent\/?contentid=10007.678585&amp;portal=ecardportal\" target=\"_blank\" rel=\"noreferrer noopener\">chipkarte.at.<\/a><\/span><\/p>\n<p><strong><em><span style=\"font-family: verdana, geneva, sans-serif; font-size: 8pt;\">Source:  <\/span><\/em><\/strong><br \/>\n<a href=\"https:\/\/www.uniqa.at\/versicherung\/gesundheit\/ecard-grenzgaenger.html\"><em><span style=\"font-family: verdana, geneva, sans-serif; font-size: 8pt;\">Uniqa Insurance<\/span><\/em><\/a>[\/vc_column_text][\/vc_column][\/vc_row]\n<\/div>","protected":false},"excerpt":{"rendered":"<p>[vc_row][vc_column][vc_column_text] Cross-border commuters &amp; e-card &nbsp; Privately insured cross-border commuters can also apply for an e-card since 2021! Here you will find the most important information about the application process an e-card for ELGA and ehealth purposes.[\/vc_column_text][vc_single_image image=&#8221;922&#8243; img_size=&#8221;full&#8221; alignment=&#8221;center&#8221;][vc_column_text] The SARS-CoV-2 pandemic has given IT-supported processes<\/p>\n","protected":false},"author":1,"featured_media":0,"parent":0,"menu_order":0,"comment_status":"closed","ping_status":"closed","template":"page-FullWidth.php","meta":{"_monsterinsights_skip_tracking":false,"_monsterinsights_sitenote_active":false,"_monsterinsights_sitenote_note":"","_monsterinsights_sitenote_category":0,"footnotes":""},"class_list":["post-968","page","type-page","status-publish","hentry"],"yoast_head":"<!-- This site is optimized with the Yoast SEO Premium plugin v25.2 (Yoast SEO v26.8) - https:\/\/yoast.com\/product\/yoast-seo-premium-wordpress\/ -->\n<title>Cross-border commuters &amp; e-card &#8211; Cross-Border Insurance &amp; Service \u2013 by B-Quadrat | Professional advice for cross-borders<\/title>\n<meta name=\"robots\" content=\"index, follow, max-snippet:-1, max-image-preview:large, max-video-preview:-1\" \/>\n<link rel=\"canonical\" href=\"https:\/\/grenzgaengerversicherung.at\/en\/cross-border-commuters-e-card\" \/>\n<meta property=\"og:locale\" content=\"en_US\" \/>\n<meta property=\"og:type\" content=\"article\" \/>\n<meta property=\"og:title\" content=\"Cross-border commuters &amp; e-card\" \/>\n<meta property=\"og:description\" content=\"[vc_row][vc_column][vc_column_text] Cross-border commuters &amp; e-card &nbsp; Privately insured cross-border commuters can also apply for an e-card since 2021! Here you will find the most important information about the application process an e-card for ELGA and ehealth purposes.[\/vc_column_text][vc_single_image image=&#8221;922&#8243; img_size=&#8221;full&#8221; alignment=&#8221;center&#8221;][vc_column_text] The SARS-CoV-2 pandemic has given IT-supported processes\" \/>\n<meta property=\"og:url\" content=\"https:\/\/grenzgaengerversicherung.at\/en\/cross-border-commuters-e-card\" \/>\n<meta property=\"og:site_name\" content=\"Cross-Border Insurance &amp; Service \u2013 by B-Quadrat | Professional advice for cross-borders\" \/>\n<meta property=\"article:publisher\" content=\"https:\/\/www.facebook.com\/BQuadratFinanzberatung\/\" \/>\n<meta property=\"article:modified_time\" content=\"2025-06-03T16:51:36+00:00\" \/>\n<meta name=\"twitter:card\" content=\"summary_large_image\" \/>\n<meta name=\"twitter:label1\" content=\"Est. reading time\" \/>\n\t<meta name=\"twitter:data1\" content=\"3 minutes\" \/>\n<script type=\"application\/ld+json\" class=\"yoast-schema-graph\">{\"@context\":\"https:\/\/schema.org\",\"@graph\":[{\"@type\":\"WebPage\",\"@id\":\"https:\/\/grenzgaengerversicherung.at\/en\/cross-border-commuters-e-card\",\"url\":\"https:\/\/grenzgaengerversicherung.at\/en\/cross-border-commuters-e-card\",\"name\":\"Cross-border commuters &amp; e-card &#8211; Cross-Border Insurance & Service \u2013 by B-Quadrat | Professional advice for cross-borders\",\"isPartOf\":{\"@id\":\"https:\/\/grenzgaengerversicherung.at\/en#website\"},\"datePublished\":\"2021-07-09T09:47:15+00:00\",\"dateModified\":\"2025-06-03T16:51:36+00:00\",\"breadcrumb\":{\"@id\":\"https:\/\/grenzgaengerversicherung.at\/en\/cross-border-commuters-e-card#breadcrumb\"},\"inLanguage\":\"en-US\",\"potentialAction\":[{\"@type\":\"ReadAction\",\"target\":[\"https:\/\/grenzgaengerversicherung.at\/en\/cross-border-commuters-e-card\"]}]},{\"@type\":\"BreadcrumbList\",\"@id\":\"https:\/\/grenzgaengerversicherung.at\/en\/cross-border-commuters-e-card#breadcrumb\",\"itemListElement\":[{\"@type\":\"ListItem\",\"position\":1,\"name\":\"Startseite\",\"item\":\"https:\/\/grenzgaengerversicherung.at\/en\"},{\"@type\":\"ListItem\",\"position\":2,\"name\":\"Cross-border commuters &amp; e-card\"}]},{\"@type\":\"WebSite\",\"@id\":\"https:\/\/grenzgaengerversicherung.at\/en#website\",\"url\":\"https:\/\/grenzgaengerversicherung.at\/en\",\"name\":\"Grenzg\u00e4nger - Versicherung & Service von B-Quadrat | Professionelle Beratung f\u00fcr Grenzg\u00e4nger\",\"description\":\"\",\"publisher\":{\"@id\":\"https:\/\/grenzgaengerversicherung.at\/en#organization\"},\"potentialAction\":[{\"@type\":\"SearchAction\",\"target\":{\"@type\":\"EntryPoint\",\"urlTemplate\":\"https:\/\/grenzgaengerversicherung.at\/en?s={search_term_string}\"},\"query-input\":{\"@type\":\"PropertyValueSpecification\",\"valueRequired\":true,\"valueName\":\"search_term_string\"}}],\"inLanguage\":\"en-US\"},{\"@type\":\"Organization\",\"@id\":\"https:\/\/grenzgaengerversicherung.at\/en#organization\",\"name\":\"Cross-Border Insurance & Service \u2013 by B-Quadrat\",\"url\":\"https:\/\/grenzgaengerversicherung.at\/en\",\"logo\":{\"@type\":\"ImageObject\",\"inLanguage\":\"en-US\",\"@id\":\"https:\/\/grenzgaengerversicherung.at\/en#\/schema\/logo\/image\/\",\"url\":\"https:\/\/grenzgaengerversicherung.at\/wp-content\/uploads\/2024\/09\/Logo_Grenzgaengerversicherung_mit-Bquadrat_Logo.png\",\"contentUrl\":\"https:\/\/grenzgaengerversicherung.at\/wp-content\/uploads\/2024\/09\/Logo_Grenzgaengerversicherung_mit-Bquadrat_Logo.png\",\"width\":380,\"height\":141,\"caption\":\"Cross-Border Insurance & Service \u2013 by B-Quadrat\"},\"image\":{\"@id\":\"https:\/\/grenzgaengerversicherung.at\/en#\/schema\/logo\/image\/\"},\"sameAs\":[\"https:\/\/www.facebook.com\/BQuadratFinanzberatung\/\",\"https:\/\/www.linkedin.com\/company\/b-quadrat-finanzberatungs-gmbh\/\"]}]}<\/script>\n<!-- \/ Yoast SEO Premium plugin. -->","yoast_head_json":{"title":"Cross-border commuters &amp; e-card &#8211; Cross-Border Insurance & Service \u2013 by B-Quadrat | Professional advice for cross-borders","robots":{"index":"index","follow":"follow","max-snippet":"max-snippet:-1","max-image-preview":"max-image-preview:large","max-video-preview":"max-video-preview:-1"},"canonical":"https:\/\/grenzgaengerversicherung.at\/en\/cross-border-commuters-e-card","og_locale":"en_US","og_type":"article","og_title":"Cross-border commuters &amp; e-card","og_description":"[vc_row][vc_column][vc_column_text] Cross-border commuters &amp; e-card &nbsp; Privately insured cross-border commuters can also apply for an e-card since 2021! Here you will find the most important information about the application process an e-card for ELGA and ehealth purposes.[\/vc_column_text][vc_single_image image=&#8221;922&#8243; img_size=&#8221;full&#8221; alignment=&#8221;center&#8221;][vc_column_text] The SARS-CoV-2 pandemic has given IT-supported processes","og_url":"https:\/\/grenzgaengerversicherung.at\/en\/cross-border-commuters-e-card","og_site_name":"Cross-Border Insurance & Service \u2013 by B-Quadrat | Professional advice for cross-borders","article_publisher":"https:\/\/www.facebook.com\/BQuadratFinanzberatung\/","article_modified_time":"2025-06-03T16:51:36+00:00","twitter_card":"summary_large_image","twitter_misc":{"Est. reading time":"3 minutes"},"schema":{"@context":"https:\/\/schema.org","@graph":[{"@type":"WebPage","@id":"https:\/\/grenzgaengerversicherung.at\/en\/cross-border-commuters-e-card","url":"https:\/\/grenzgaengerversicherung.at\/en\/cross-border-commuters-e-card","name":"Cross-border commuters &amp; e-card &#8211; Cross-Border Insurance & Service \u2013 by B-Quadrat | Professional advice for cross-borders","isPartOf":{"@id":"https:\/\/grenzgaengerversicherung.at\/en#website"},"datePublished":"2021-07-09T09:47:15+00:00","dateModified":"2025-06-03T16:51:36+00:00","breadcrumb":{"@id":"https:\/\/grenzgaengerversicherung.at\/en\/cross-border-commuters-e-card#breadcrumb"},"inLanguage":"en-US","potentialAction":[{"@type":"ReadAction","target":["https:\/\/grenzgaengerversicherung.at\/en\/cross-border-commuters-e-card"]}]},{"@type":"BreadcrumbList","@id":"https:\/\/grenzgaengerversicherung.at\/en\/cross-border-commuters-e-card#breadcrumb","itemListElement":[{"@type":"ListItem","position":1,"name":"Startseite","item":"https:\/\/grenzgaengerversicherung.at\/en"},{"@type":"ListItem","position":2,"name":"Cross-border commuters &amp; e-card"}]},{"@type":"WebSite","@id":"https:\/\/grenzgaengerversicherung.at\/en#website","url":"https:\/\/grenzgaengerversicherung.at\/en","name":"Grenzg\u00e4nger - Versicherung & Service von B-Quadrat | Professionelle Beratung f\u00fcr Grenzg\u00e4nger","description":"","publisher":{"@id":"https:\/\/grenzgaengerversicherung.at\/en#organization"},"potentialAction":[{"@type":"SearchAction","target":{"@type":"EntryPoint","urlTemplate":"https:\/\/grenzgaengerversicherung.at\/en?s={search_term_string}"},"query-input":{"@type":"PropertyValueSpecification","valueRequired":true,"valueName":"search_term_string"}}],"inLanguage":"en-US"},{"@type":"Organization","@id":"https:\/\/grenzgaengerversicherung.at\/en#organization","name":"Cross-Border Insurance & Service \u2013 by B-Quadrat","url":"https:\/\/grenzgaengerversicherung.at\/en","logo":{"@type":"ImageObject","inLanguage":"en-US","@id":"https:\/\/grenzgaengerversicherung.at\/en#\/schema\/logo\/image\/","url":"https:\/\/grenzgaengerversicherung.at\/wp-content\/uploads\/2024\/09\/Logo_Grenzgaengerversicherung_mit-Bquadrat_Logo.png","contentUrl":"https:\/\/grenzgaengerversicherung.at\/wp-content\/uploads\/2024\/09\/Logo_Grenzgaengerversicherung_mit-Bquadrat_Logo.png","width":380,"height":141,"caption":"Cross-Border Insurance & Service \u2013 by B-Quadrat"},"image":{"@id":"https:\/\/grenzgaengerversicherung.at\/en#\/schema\/logo\/image\/"},"sameAs":["https:\/\/www.facebook.com\/BQuadratFinanzberatung\/","https:\/\/www.linkedin.com\/company\/b-quadrat-finanzberatungs-gmbh\/"]}]}},"_links":{"self":[{"href":"https:\/\/grenzgaengerversicherung.at\/en\/wp-json\/wp\/v2\/pages\/968","targetHints":{"allow":["GET"]}}],"collection":[{"href":"https:\/\/grenzgaengerversicherung.at\/en\/wp-json\/wp\/v2\/pages"}],"about":[{"href":"https:\/\/grenzgaengerversicherung.at\/en\/wp-json\/wp\/v2\/types\/page"}],"author":[{"embeddable":true,"href":"https:\/\/grenzgaengerversicherung.at\/en\/wp-json\/wp\/v2\/users\/1"}],"replies":[{"embeddable":true,"href":"https:\/\/grenzgaengerversicherung.at\/en\/wp-json\/wp\/v2\/comments?post=968"}],"version-history":[{"count":4,"href":"https:\/\/grenzgaengerversicherung.at\/en\/wp-json\/wp\/v2\/pages\/968\/revisions"}],"predecessor-version":[{"id":1060,"href":"https:\/\/grenzgaengerversicherung.at\/en\/wp-json\/wp\/v2\/pages\/968\/revisions\/1060"}],"wp:attachment":[{"href":"https:\/\/grenzgaengerversicherung.at\/en\/wp-json\/wp\/v2\/media?parent=968"}],"curies":[{"name":"wp","href":"https:\/\/api.w.org\/{rel}","templated":true}]}}