{"id":979,"date":"2017-10-15T10:08:01","date_gmt":"2017-10-15T10:08:01","guid":{"rendered":"https:\/\/grenzgaengerversicherung.at\/cross-border-commuters-service"},"modified":"2025-06-03T16:51:42","modified_gmt":"2025-06-03T16:51:42","slug":"cross-border-commuters-service","status":"publish","type":"page","link":"https:\/\/grenzgaengerversicherung.at\/en\/cross-border-commuters-service","title":{"rendered":"Cross-border commuters &amp; service"},"content":{"rendered":"<div class=\"wpb-content-wrapper\">[vc_row][vc_column][vc_column_text]\n<h1><strong><span style=\"font-family: verdana, geneva, sans-serif;\">Cross-border commuters &amp; service<\/span><\/strong><\/h1>\n[\/vc_column_text][vc_single_image image=&#8221;901&#8243; img_size=&#8221;full&#8221;][vc_column_text]\n<h2><span style=\"font-family: verdana, geneva, sans-serif;\">An excerpt from our service for cross-border commuters from Austria to Switzerland \/ Liechtenstein<\/span><\/h2>\n[\/vc_column_text]<div class=\"aio-icon-component    style_1\"><div id=\"Info-box-wrap-9406\" class=\"aio-icon-box left-icon\" style=\"\"  ><div class=\"aio-icon-left\"><div class=\"ult-just-icon-wrapper  \"><div class=\"align-icon\" style=\"text-align:center;\">\n<div class=\"aio-icon none \"  style=\"color:#333;font-size:32px;display:inline-block;\">\n\t<i class=\"Defaults-check-circle-o\"><\/i>\n<\/div><\/div><\/div><\/div><div class=\"aio-ibd-block\"><div class=\"aio-icon-description ult-responsive\"  data-ultimate-target='#Info-box-wrap-9406 .aio-icon-description'  data-responsive-json-new='{\"font-size\":\"\",\"line-height\":\"\"}'  style=\"\"><span style=\"font-family: verdana, geneva, sans-serif; font-size: 12pt;\">Independent insurance and tariff comparison of all providers<\/span><\/div> <!-- description --><\/div> <!-- aio-ibd-block --><\/div> <!-- aio-icon-box --><\/div> <!-- aio-icon-component --><div class=\"aio-icon-component    style_1\"><div id=\"Info-box-wrap-2742\" class=\"aio-icon-box left-icon\" style=\"\"  ><div class=\"aio-icon-left\"><div class=\"ult-just-icon-wrapper  \"><div class=\"align-icon\" style=\"text-align:center;\">\n<div class=\"aio-icon none \"  style=\"color:#333;font-size:32px;display:inline-block;\">\n\t<i class=\"Defaults-check-circle-o\"><\/i>\n<\/div><\/div><\/div><\/div><div class=\"aio-ibd-block\"><div class=\"aio-icon-description ult-responsive\"  data-ultimate-target='#Info-box-wrap-2742 .aio-icon-description'  data-responsive-json-new='{\"font-size\":\"\",\"line-height\":\"\"}'  style=\"\"><span style=\"font-family: verdana, geneva, sans-serif; font-size: 12pt;\">Competent and professional advice &#8211; cross-border commuter advice since 2003<\/span><\/div> <!-- description --><\/div> <!-- aio-ibd-block --><\/div> <!-- aio-icon-box --><\/div> <!-- aio-icon-component --><div class=\"aio-icon-component    style_1\"><div id=\"Info-box-wrap-6801\" class=\"aio-icon-box left-icon\" style=\"\"  ><div class=\"aio-icon-left\"><div class=\"ult-just-icon-wrapper  \"><div class=\"align-icon\" style=\"text-align:center;\">\n<div class=\"aio-icon none \"  style=\"color:#333;font-size:32px;display:inline-block;\">\n\t<i class=\"Defaults-check-circle-o\"><\/i>\n<\/div><\/div><\/div><\/div><div class=\"aio-ibd-block\"><div class=\"aio-icon-description ult-responsive\"  data-ultimate-target='#Info-box-wrap-6801 .aio-icon-description'  data-responsive-json-new='{\"font-size\":\"\",\"line-height\":\"\"}'  style=\"\"><span style=\"font-family: verdana, geneva, sans-serif; font-size: 12pt;\">Always a personal contact person, no call center<\/span><\/div> <!-- description --><\/div> <!-- aio-ibd-block --><\/div> <!-- aio-icon-box --><\/div> <!-- aio-icon-component --><div class=\"aio-icon-component    style_1\"><div id=\"Info-box-wrap-9521\" class=\"aio-icon-box left-icon\" style=\"\"  ><div class=\"aio-icon-left\"><div class=\"ult-just-icon-wrapper  \"><div class=\"align-icon\" style=\"text-align:center;\">\n<div class=\"aio-icon none \"  style=\"color:#333;font-size:32px;display:inline-block;\">\n\t<i class=\"Defaults-check-circle-o\"><\/i>\n<\/div><\/div><\/div><\/div><div class=\"aio-ibd-block\"><div class=\"aio-icon-description ult-responsive\"  data-ultimate-target='#Info-box-wrap-9521 .aio-icon-description'  data-responsive-json-new='{\"font-size\":\"\",\"line-height\":\"\"}'  style=\"\"><span style=\"font-family: verdana, geneva, sans-serif; font-size: 12pt;\">Free and non-binding advice<\/span><\/div> <!-- description --><\/div> <!-- aio-ibd-block --><\/div> <!-- aio-icon-box --><\/div> <!-- aio-icon-component --><div class=\"aio-icon-component    style_1\"><div id=\"Info-box-wrap-1111\" class=\"aio-icon-box left-icon\" style=\"\"  ><div class=\"aio-icon-left\"><div class=\"ult-just-icon-wrapper  \"><div class=\"align-icon\" style=\"text-align:center;\">\n<div class=\"aio-icon none \"  style=\"color:#333;font-size:32px;display:inline-block;\">\n\t<i class=\"Defaults-check-circle-o\"><\/i>\n<\/div><\/div><\/div><\/div><div class=\"aio-ibd-block\"><div class=\"aio-icon-description ult-responsive\"  data-ultimate-target='#Info-box-wrap-1111 .aio-icon-description'  data-responsive-json-new='{\"font-size\":\"\",\"line-height\":\"\"}'  style=\"\"><span style=\"font-family: verdana, geneva, sans-serif; font-size: 12pt;\">Independent of individual insurance companies<\/span><\/div> <!-- description --><\/div> <!-- aio-ibd-block --><\/div> <!-- aio-icon-box --><\/div> <!-- aio-icon-component --><div class=\"aio-icon-component    style_1\"><div id=\"Info-box-wrap-7828\" class=\"aio-icon-box left-icon\" style=\"\"  ><div class=\"aio-icon-left\"><div class=\"ult-just-icon-wrapper  \"><div class=\"align-icon\" style=\"text-align:center;\">\n<div class=\"aio-icon none \"  style=\"color:#333;font-size:32px;display:inline-block;\">\n\t<i class=\"Defaults-check-circle-o\"><\/i>\n<\/div><\/div><\/div><\/div><div class=\"aio-ibd-block\"><div class=\"aio-icon-description ult-responsive\"  data-ultimate-target='#Info-box-wrap-7828 .aio-icon-description'  data-responsive-json-new='{\"font-size\":\"\",\"line-height\":\"\"}'  style=\"\"><span style=\"font-family: verdana, geneva, sans-serif; font-size: 12pt;\">Direct help from experts in the event of damage<\/span><\/div> <!-- description --><\/div> <!-- aio-ibd-block --><\/div> <!-- aio-icon-box --><\/div> <!-- aio-icon-component --><div class=\"aio-icon-component    style_1\"><div id=\"Info-box-wrap-9275\" class=\"aio-icon-box left-icon\" style=\"\"  ><div class=\"aio-icon-left\"><div class=\"ult-just-icon-wrapper  \"><div class=\"align-icon\" style=\"text-align:center;\">\n<div class=\"aio-icon none \"  style=\"color:#333;font-size:32px;display:inline-block;\">\n\t<i class=\"Defaults-check-circle-o\"><\/i>\n<\/div><\/div><\/div><\/div><div class=\"aio-ibd-block\"><div class=\"aio-icon-description ult-responsive\"  data-ultimate-target='#Info-box-wrap-9275 .aio-icon-description'  data-responsive-json-new='{\"font-size\":\"\",\"line-height\":\"\"}'  style=\"\"><span style=\"font-family: verdana, geneva, sans-serif; font-size: 12pt;\">Practical tax tips for new cross-border commuters<\/span><\/div> <!-- description --><\/div> <!-- aio-ibd-block --><\/div> <!-- aio-icon-box --><\/div> <!-- aio-icon-component --><div class=\"aio-icon-component    style_1\"><div id=\"Info-box-wrap-4889\" class=\"aio-icon-box left-icon\" style=\"\"  ><div class=\"aio-icon-left\"><div class=\"ult-just-icon-wrapper  \"><div class=\"align-icon\" style=\"text-align:center;\">\n<div class=\"aio-icon none \"  style=\"color:#333;font-size:32px;display:inline-block;\">\n\t<i class=\"Defaults-check-circle-o\"><\/i>\n<\/div><\/div><\/div><\/div><div class=\"aio-ibd-block\"><div class=\"aio-icon-description ult-responsive\"  data-ultimate-target='#Info-box-wrap-4889 .aio-icon-description'  data-responsive-json-new='{\"font-size\":\"\",\"line-height\":\"\"}'  style=\"\"><span style=\"font-family: verdana, geneva, sans-serif; font-size: 12pt;\">Free net wage calculation<\/span><\/div> <!-- description --><\/div> <!-- aio-ibd-block --><\/div> <!-- aio-icon-box --><\/div> <!-- aio-icon-component --><div class=\"aio-icon-component    style_1\"><div id=\"Info-box-wrap-1745\" class=\"aio-icon-box left-icon\" style=\"\"  ><div class=\"aio-icon-left\"><div class=\"ult-just-icon-wrapper  \"><div class=\"align-icon\" style=\"text-align:center;\">\n<div class=\"aio-icon none \"  style=\"color:#333;font-size:32px;display:inline-block;\">\n\t<i class=\"Defaults-check-circle-o\"><\/i>\n<\/div><\/div><\/div><\/div><div class=\"aio-ibd-block\"><div class=\"aio-icon-description ult-responsive\"  data-ultimate-target='#Info-box-wrap-1745 .aio-icon-description'  data-responsive-json-new='{\"font-size\":\"\",\"line-height\":\"\"}'  style=\"\"><span style=\"font-family: verdana, geneva, sans-serif; font-size: 12pt;\">Help with your tax return<\/span><\/div> <!-- description --><\/div> <!-- aio-ibd-block --><\/div> <!-- aio-icon-box --><\/div> <!-- aio-icon-component --><div class=\"aio-icon-component    style_1\"><div id=\"Info-box-wrap-9991\" class=\"aio-icon-box left-icon\" style=\"\"  ><div class=\"aio-icon-left\"><div class=\"ult-just-icon-wrapper  \"><div class=\"align-icon\" style=\"text-align:center;\">\n<div class=\"aio-icon none \"  style=\"color:#333;font-size:32px;display:inline-block;\">\n\t<i class=\"Defaults-check-circle-o\"><\/i>\n<\/div><\/div><\/div><\/div><div class=\"aio-ibd-block\"><div class=\"aio-icon-description ult-responsive\"  data-ultimate-target='#Info-box-wrap-9991 .aio-icon-description'  data-responsive-json-new='{\"font-size\":\"\",\"line-height\":\"\"}'  style=\"\"><span style=\"font-family: verdana, geneva, sans-serif; font-size: 12pt;\">Help with registering with the tax office<\/span><\/div> <!-- description --><\/div> <!-- aio-ibd-block --><\/div> <!-- aio-icon-box --><\/div> <!-- aio-icon-component --><div class=\"aio-icon-component    style_1\"><div id=\"Info-box-wrap-6282\" class=\"aio-icon-box left-icon\" style=\"\"  ><div class=\"aio-icon-left\"><div class=\"ult-just-icon-wrapper  \"><div class=\"align-icon\" style=\"text-align:center;\">\n<div class=\"aio-icon none \"  style=\"color:#333;font-size:32px;display:inline-block;\">\n\t<i class=\"Defaults-check-circle-o\"><\/i>\n<\/div><\/div><\/div><\/div><div class=\"aio-ibd-block\"><div class=\"aio-icon-description ult-responsive\"  data-ultimate-target='#Info-box-wrap-6282 .aio-icon-description'  data-responsive-json-new='{\"font-size\":\"\",\"line-height\":\"\"}'  style=\"\"><span style=\"font-family: verdana, geneva, sans-serif; font-size: 12pt;\">Help with choosing the right bank account<\/span><\/div> <!-- description --><\/div> <!-- aio-ibd-block --><\/div> <!-- aio-icon-box --><\/div> <!-- aio-icon-component --><div class=\"aio-icon-component    style_1\"><div id=\"Info-box-wrap-4168\" class=\"aio-icon-box left-icon\" style=\"\"  ><div class=\"aio-icon-left\"><div class=\"ult-just-icon-wrapper  \"><div class=\"align-icon\" style=\"text-align:center;\">\n<div class=\"aio-icon none \"  style=\"color:#333;font-size:32px;display:inline-block;\">\n\t<i class=\"Defaults-check-circle-o\"><\/i>\n<\/div><\/div><\/div><\/div><div class=\"aio-ibd-block\"><div class=\"aio-icon-description ult-responsive\"  data-ultimate-target='#Info-box-wrap-4168 .aio-icon-description'  data-responsive-json-new='{\"font-size\":\"\",\"line-height\":\"\"}'  style=\"\"><span style=\"font-family: verdana, geneva, sans-serif; font-size: 12pt;\">Free initial consultation with a tax consultant and\/or lawyer from our network<\/span><\/div> <!-- description --><\/div> <!-- aio-ibd-block --><\/div> <!-- aio-icon-box --><\/div> <!-- aio-icon-component -->[\/vc_column][\/vc_row][vc_row][vc_column][vc_btn title=&#8221;Make a free appointment now!&#8221; style=&#8221;3d&#8221; color=&#8221;info&#8221; link=&#8221;url:https%3A%2F%2Fgrenzgaengerversicherung.at%2Fkontakt|title:Make%20an%20appointment|&#8221;][\/vc_column][\/vc_row][vc_row][vc_column][vc_btn title=&#8221;Request a non-binding quote now!&#8221; style=&#8221;3d&#8221; color=&#8221;info&#8221; link=&#8221;url:https%3A%2F%2Fgrenzgaengerversicherung.at%2Fangebot-grenzgaengerversicherung-anfordern|title:Request%20a%20quote|&#8221;][\/vc_column][\/vc_row]\n<\/div>","protected":false},"excerpt":{"rendered":"<p>[vc_row][vc_column][vc_column_text] Cross-border commuters &amp; service [\/vc_column_text][vc_single_image image=&#8221;901&#8243; img_size=&#8221;full&#8221;][vc_column_text] An excerpt from our service for cross-border commuters from Austria to Switzerland \/ Liechtenstein [\/vc_column_text][\/vc_column][\/vc_row][vc_row][vc_column][vc_btn title=&#8221;Make a free appointment now!&#8221; style=&#8221;3d&#8221; color=&#8221;info&#8221; link=&#8221;url:https%3A%2F%2Fgrenzgaengerversicherung.at%2Fkontakt|title:Make%20an%20appointment|&#8221;][\/vc_column][\/vc_row][vc_row][vc_column][vc_btn title=&#8221;Request a non-binding quote now!&#8221; style=&#8221;3d&#8221; color=&#8221;info&#8221; link=&#8221;url:https%3A%2F%2Fgrenzgaengerversicherung.at%2Fangebot-grenzgaengerversicherung-anfordern|title:Request%20a%20quote|&#8221;][\/vc_column][\/vc_row]<\/p>\n","protected":false},"author":1,"featured_media":0,"parent":0,"menu_order":0,"comment_status":"closed","ping_status":"closed","template":"page-FullWidth.php","meta":{"_monsterinsights_skip_tracking":false,"_monsterinsights_sitenote_active":false,"_monsterinsights_sitenote_note":"","_monsterinsights_sitenote_category":0,"footnotes":""},"class_list":["post-979","page","type-page","status-publish","hentry"],"yoast_head":"<!-- This site is optimized with the Yoast SEO Premium plugin v25.2 (Yoast SEO v26.8) - https:\/\/yoast.com\/product\/yoast-seo-premium-wordpress\/ -->\n<title>Cross-border commuters &amp; service &#8211; Cross-Border Insurance &amp; Service \u2013 by B-Quadrat | Professional advice for cross-borders<\/title>\n<meta name=\"description\" content=\"Our service for you since 2003: Independent insurance and tariff comparison of all Austrian providers for cross-border commuter insurance.\" \/>\n<meta name=\"robots\" content=\"index, follow, max-snippet:-1, max-image-preview:large, max-video-preview:-1\" \/>\n<link rel=\"canonical\" href=\"https:\/\/grenzgaengerversicherung.at\/en\/cross-border-commuters-service\" \/>\n<meta property=\"og:locale\" content=\"en_US\" \/>\n<meta property=\"og:type\" content=\"article\" \/>\n<meta property=\"og:title\" content=\"Cross-border commuters &amp; service\" \/>\n<meta property=\"og:description\" content=\"Our service for you since 2003: Independent insurance and tariff comparison of all Austrian providers for cross-border commuter insurance.\" \/>\n<meta property=\"og:url\" content=\"https:\/\/grenzgaengerversicherung.at\/en\/cross-border-commuters-service\" \/>\n<meta property=\"og:site_name\" content=\"Cross-Border Insurance &amp; Service \u2013 by B-Quadrat | Professional advice for cross-borders\" \/>\n<meta property=\"article:publisher\" content=\"https:\/\/www.facebook.com\/BQuadratFinanzberatung\/\" \/>\n<meta property=\"article:modified_time\" content=\"2025-06-03T16:51:42+00:00\" \/>\n<meta name=\"twitter:card\" content=\"summary_large_image\" \/>\n<meta name=\"twitter:label1\" content=\"Est. reading time\" \/>\n\t<meta name=\"twitter:data1\" content=\"1 minute\" \/>\n<script type=\"application\/ld+json\" class=\"yoast-schema-graph\">{\"@context\":\"https:\/\/schema.org\",\"@graph\":[{\"@type\":\"WebPage\",\"@id\":\"https:\/\/grenzgaengerversicherung.at\/en\/cross-border-commuters-service\",\"url\":\"https:\/\/grenzgaengerversicherung.at\/en\/cross-border-commuters-service\",\"name\":\"Cross-border commuters &amp; service &#8211; Cross-Border Insurance & Service \u2013 by B-Quadrat | Professional advice for cross-borders\",\"isPartOf\":{\"@id\":\"https:\/\/grenzgaengerversicherung.at\/en#website\"},\"datePublished\":\"2017-10-15T10:08:01+00:00\",\"dateModified\":\"2025-06-03T16:51:42+00:00\",\"description\":\"Our service for you since 2003: Independent insurance and tariff comparison of all Austrian providers for cross-border commuter insurance.\",\"breadcrumb\":{\"@id\":\"https:\/\/grenzgaengerversicherung.at\/en\/cross-border-commuters-service#breadcrumb\"},\"inLanguage\":\"en-US\",\"potentialAction\":[{\"@type\":\"ReadAction\",\"target\":[\"https:\/\/grenzgaengerversicherung.at\/en\/cross-border-commuters-service\"]}]},{\"@type\":\"BreadcrumbList\",\"@id\":\"https:\/\/grenzgaengerversicherung.at\/en\/cross-border-commuters-service#breadcrumb\",\"itemListElement\":[{\"@type\":\"ListItem\",\"position\":1,\"name\":\"Startseite\",\"item\":\"https:\/\/grenzgaengerversicherung.at\/en\"},{\"@type\":\"ListItem\",\"position\":2,\"name\":\"Cross-border commuters &amp; service\"}]},{\"@type\":\"WebSite\",\"@id\":\"https:\/\/grenzgaengerversicherung.at\/en#website\",\"url\":\"https:\/\/grenzgaengerversicherung.at\/en\",\"name\":\"Grenzg\u00e4nger - Versicherung & Service von B-Quadrat | Professionelle Beratung f\u00fcr Grenzg\u00e4nger\",\"description\":\"\",\"publisher\":{\"@id\":\"https:\/\/grenzgaengerversicherung.at\/en#organization\"},\"potentialAction\":[{\"@type\":\"SearchAction\",\"target\":{\"@type\":\"EntryPoint\",\"urlTemplate\":\"https:\/\/grenzgaengerversicherung.at\/en?s={search_term_string}\"},\"query-input\":{\"@type\":\"PropertyValueSpecification\",\"valueRequired\":true,\"valueName\":\"search_term_string\"}}],\"inLanguage\":\"en-US\"},{\"@type\":\"Organization\",\"@id\":\"https:\/\/grenzgaengerversicherung.at\/en#organization\",\"name\":\"Cross-Border Insurance & Service \u2013 by B-Quadrat\",\"url\":\"https:\/\/grenzgaengerversicherung.at\/en\",\"logo\":{\"@type\":\"ImageObject\",\"inLanguage\":\"en-US\",\"@id\":\"https:\/\/grenzgaengerversicherung.at\/en#\/schema\/logo\/image\/\",\"url\":\"https:\/\/grenzgaengerversicherung.at\/wp-content\/uploads\/2024\/09\/Logo_Grenzgaengerversicherung_mit-Bquadrat_Logo.png\",\"contentUrl\":\"https:\/\/grenzgaengerversicherung.at\/wp-content\/uploads\/2024\/09\/Logo_Grenzgaengerversicherung_mit-Bquadrat_Logo.png\",\"width\":380,\"height\":141,\"caption\":\"Cross-Border Insurance & Service \u2013 by B-Quadrat\"},\"image\":{\"@id\":\"https:\/\/grenzgaengerversicherung.at\/en#\/schema\/logo\/image\/\"},\"sameAs\":[\"https:\/\/www.facebook.com\/BQuadratFinanzberatung\/\",\"https:\/\/www.linkedin.com\/company\/b-quadrat-finanzberatungs-gmbh\/\"]}]}<\/script>\n<!-- \/ Yoast SEO Premium plugin. -->","yoast_head_json":{"title":"Cross-border commuters &amp; service &#8211; Cross-Border Insurance & Service \u2013 by B-Quadrat | Professional advice for cross-borders","description":"Our service for you since 2003: Independent insurance and tariff comparison of all Austrian providers for cross-border commuter insurance.","robots":{"index":"index","follow":"follow","max-snippet":"max-snippet:-1","max-image-preview":"max-image-preview:large","max-video-preview":"max-video-preview:-1"},"canonical":"https:\/\/grenzgaengerversicherung.at\/en\/cross-border-commuters-service","og_locale":"en_US","og_type":"article","og_title":"Cross-border commuters &amp; service","og_description":"Our service for you since 2003: Independent insurance and tariff comparison of all Austrian providers for cross-border commuter insurance.","og_url":"https:\/\/grenzgaengerversicherung.at\/en\/cross-border-commuters-service","og_site_name":"Cross-Border Insurance & Service \u2013 by B-Quadrat | Professional advice for cross-borders","article_publisher":"https:\/\/www.facebook.com\/BQuadratFinanzberatung\/","article_modified_time":"2025-06-03T16:51:42+00:00","twitter_card":"summary_large_image","twitter_misc":{"Est. reading time":"1 minute"},"schema":{"@context":"https:\/\/schema.org","@graph":[{"@type":"WebPage","@id":"https:\/\/grenzgaengerversicherung.at\/en\/cross-border-commuters-service","url":"https:\/\/grenzgaengerversicherung.at\/en\/cross-border-commuters-service","name":"Cross-border commuters &amp; service &#8211; Cross-Border Insurance & Service \u2013 by B-Quadrat | Professional advice for cross-borders","isPartOf":{"@id":"https:\/\/grenzgaengerversicherung.at\/en#website"},"datePublished":"2017-10-15T10:08:01+00:00","dateModified":"2025-06-03T16:51:42+00:00","description":"Our service for you since 2003: Independent insurance and tariff comparison of all Austrian providers for cross-border commuter insurance.","breadcrumb":{"@id":"https:\/\/grenzgaengerversicherung.at\/en\/cross-border-commuters-service#breadcrumb"},"inLanguage":"en-US","potentialAction":[{"@type":"ReadAction","target":["https:\/\/grenzgaengerversicherung.at\/en\/cross-border-commuters-service"]}]},{"@type":"BreadcrumbList","@id":"https:\/\/grenzgaengerversicherung.at\/en\/cross-border-commuters-service#breadcrumb","itemListElement":[{"@type":"ListItem","position":1,"name":"Startseite","item":"https:\/\/grenzgaengerversicherung.at\/en"},{"@type":"ListItem","position":2,"name":"Cross-border commuters &amp; service"}]},{"@type":"WebSite","@id":"https:\/\/grenzgaengerversicherung.at\/en#website","url":"https:\/\/grenzgaengerversicherung.at\/en","name":"Grenzg\u00e4nger - Versicherung & Service von B-Quadrat | Professionelle Beratung f\u00fcr Grenzg\u00e4nger","description":"","publisher":{"@id":"https:\/\/grenzgaengerversicherung.at\/en#organization"},"potentialAction":[{"@type":"SearchAction","target":{"@type":"EntryPoint","urlTemplate":"https:\/\/grenzgaengerversicherung.at\/en?s={search_term_string}"},"query-input":{"@type":"PropertyValueSpecification","valueRequired":true,"valueName":"search_term_string"}}],"inLanguage":"en-US"},{"@type":"Organization","@id":"https:\/\/grenzgaengerversicherung.at\/en#organization","name":"Cross-Border Insurance & Service \u2013 by B-Quadrat","url":"https:\/\/grenzgaengerversicherung.at\/en","logo":{"@type":"ImageObject","inLanguage":"en-US","@id":"https:\/\/grenzgaengerversicherung.at\/en#\/schema\/logo\/image\/","url":"https:\/\/grenzgaengerversicherung.at\/wp-content\/uploads\/2024\/09\/Logo_Grenzgaengerversicherung_mit-Bquadrat_Logo.png","contentUrl":"https:\/\/grenzgaengerversicherung.at\/wp-content\/uploads\/2024\/09\/Logo_Grenzgaengerversicherung_mit-Bquadrat_Logo.png","width":380,"height":141,"caption":"Cross-Border Insurance & Service \u2013 by B-Quadrat"},"image":{"@id":"https:\/\/grenzgaengerversicherung.at\/en#\/schema\/logo\/image\/"},"sameAs":["https:\/\/www.facebook.com\/BQuadratFinanzberatung\/","https:\/\/www.linkedin.com\/company\/b-quadrat-finanzberatungs-gmbh\/"]}]}},"_links":{"self":[{"href":"https:\/\/grenzgaengerversicherung.at\/en\/wp-json\/wp\/v2\/pages\/979","targetHints":{"allow":["GET"]}}],"collection":[{"href":"https:\/\/grenzgaengerversicherung.at\/en\/wp-json\/wp\/v2\/pages"}],"about":[{"href":"https:\/\/grenzgaengerversicherung.at\/en\/wp-json\/wp\/v2\/types\/page"}],"author":[{"embeddable":true,"href":"https:\/\/grenzgaengerversicherung.at\/en\/wp-json\/wp\/v2\/users\/1"}],"replies":[{"embeddable":true,"href":"https:\/\/grenzgaengerversicherung.at\/en\/wp-json\/wp\/v2\/comments?post=979"}],"version-history":[{"count":3,"href":"https:\/\/grenzgaengerversicherung.at\/en\/wp-json\/wp\/v2\/pages\/979\/revisions"}],"predecessor-version":[{"id":987,"href":"https:\/\/grenzgaengerversicherung.at\/en\/wp-json\/wp\/v2\/pages\/979\/revisions\/987"}],"wp:attachment":[{"href":"https:\/\/grenzgaengerversicherung.at\/en\/wp-json\/wp\/v2\/media?parent=979"}],"curies":[{"name":"wp","href":"https:\/\/api.w.org\/{rel}","templated":true}]}}