{"id":983,"date":"2017-10-14T10:26:06","date_gmt":"2017-10-14T10:26:06","guid":{"rendered":"https:\/\/grenzgaengerversicherung.at\/contact-us"},"modified":"2025-06-03T16:51:42","modified_gmt":"2025-06-03T16:51:42","slug":"contact-us","status":"publish","type":"page","link":"https:\/\/grenzgaengerversicherung.at\/en\/contact-us","title":{"rendered":"Contact us"},"content":{"rendered":"<div class=\"wpb-content-wrapper\">[vc_row][vc_column][vc_column_text]\n<h1><strong><span style=\"font-family: verdana, geneva, sans-serif;\">Contact us<\/span><\/strong><\/h1>\n[\/vc_column_text][vc_single_image image=&#8221;904&#8243; img_size=&#8221;full&#8221;][vc_column_text]\n<h2><span style=\"font-family: verdana, geneva, sans-serif;\">Contact us without obligation<\/span><\/h2>\n[\/vc_column_text][vc_column_text css=&#8221;&#8221;]\n<p style=\"text-align: justify;\"><span style=\"font-family: verdana, geneva, sans-serif; font-size: 12pt;\">Give us a call, send us an e-mail or book a free consultation online right now. Your personal expert in cross-border commuter matters is just a click away. Benefit from our expertise and free advice and save yourself the hassle of time-consuming research. We are here for you!   <\/span><\/p>\n[\/vc_column_text][\/vc_column][\/vc_row][vc_section][vc_row][vc_column width=&#8221;1\/3&#8243;][vc_widget_sidebar sidebar_id=&#8221;sidebar-17&#8243;][\/vc_column][vc_column width=&#8221;2\/3&#8243;][vc_row_inner][vc_column_inner width=&#8221;1\/2&#8243;][vc_column_text css=&#8221;&#8221;]<span style=\"font-family: verdana, geneva, sans-serif; font-size: 12pt;\"><strong>Contact details:<\/strong><\/span><\/p>\n<p><span style=\"font-family: verdana, geneva, sans-serif;\">B-Quadrat Finanzberatungs GmbH<\/span><br \/>\n<span style=\"font-family: verdana, geneva, sans-serif;\">Sulphur 91 \/ House B  <\/span><br \/>\n<span style=\"font-family: verdana, geneva, sans-serif;\">  6850 Dornbirn<\/span><\/p>\n<p><span style=\"font-family: verdana, geneva, sans-serif;\">Tel: <a href=\"tel:%20+435572398770\">+43 5572 398770 <\/a>                   <\/span><br \/>\n <span style=\"font-family: verdana, geneva, sans-serif;\"> Fax: +43 5572 398771<br \/>\nMail: <\/span><span style=\"font-family: verdana, geneva, sans-serif;\"><a href=\"mailto:grenzgaenger@b-quadrat.at\">grenzgaenger@b-quadrat.at<\/a><\/span>[\/vc_column_text]<div class=\" ubtn-ctn-left \"><a class=\"ubtn-link ult-adjust-bottom-margin ubtn-left ubtn-custom \" href=\"https:\/\/wa.me\/436609203626\" title=\"B-Quadrat Whatsapp\" target=\"_blank\" rel=\"noopener\" ><button type=\"button\" id=\"ubtn-9465\"  class=\"ubtn ult-adjust-bottom-margin ult-responsive ubtn-custom ubtn-no-hover-bg  none  ubtn-sep-icon ubtn-sep-icon-at-left  ubtn-left   tooltip-69e20f9c08497\"  data-hover=\"#ffffff\" data-border-color=\"\" data-bg=\"#81d742\" data-hover-bg=\"#81d742\" data-border-hover=\"\" data-shadow-hover=\"\" data-shadow-click=\"none\" data-shadow=\"\" data-shd-shadow=\"\"  data-ultimate-target='#ubtn-9465'  data-responsive-json-new='{\"font-size\":\"\",\"line-height\":\"\"}'  style=\"font-weight:normal;width:240px;min-height:40px;padding:px px;border:none;background: #81d742;color: #000000;\"><span class=\"ubtn-data ubtn-icon\"><i class=\"Defaults-whatsapp\" style=\"font-size:30px;color:;\"><\/i><\/span><span class=\"ubtn-hover\" style=\"background-color:#81d742\"><\/span><span class=\"ubtn-data ubtn-text \" >+43 660 9203626<\/span><\/button><\/a><\/div>[\/vc_column_inner][vc_column_inner width=&#8221;1\/2&#8243;][vc_column_text css=&#8221;&#8221;]<span style=\"font-family: verdana, geneva, sans-serif; font-size: 12pt;\"><strong>Office hours: <\/strong><\/span><\/p>\n<p><span style=\"font-family: verdana, geneva, sans-serif;\"><span style=\"color: #000000;\">Monday &#8211; Thursday<\/span><br \/>\n08:30 &#8211; 12:00 \/ 13:00 &#8211; 17:00<\/span><\/p>\n<p><span style=\"font-family: verdana, geneva, sans-serif;\"><span style=\"color: #000000;\">Friday<\/span><br \/>\n08:30 &#8211; 12:00<\/span>[\/vc_column_text][vc_empty_space][vc_btn title=&#8221;Make an appointment online!&#8221; color=&#8221;primary&#8221; size=&#8221;lg&#8221; link=&#8221;url:https%3A%2F%2Fbook.timify.com%2F%3FaccountId%3D5dd58034ea99b411773abb33%26hideCloseButton%3Dtrue|&#8221;][\/vc_column_inner][\/vc_row_inner][vc_column_text css=&#8221;&#8221;]<span style=\"color: #000f8a; font-size: 12pt;\"><strong><span style=\"font-family: verdana, geneva, sans-serif;\">For cross-border commuters, we are of course also happy to arrange appointments outside normal office hours!<\/span><\/strong><\/span>[\/vc_column_text][vc_column_text css=&#8221;&#8221;]<style>@media (max-width:480px){#cff-iframe-1{min-height:747px;}}@media (max-width:768px){#cff-iframe-1{min-height:788px;}}@media (max-width:1024px){#cff-iframe-1{min-height:560px;}}@media (min-width:1024px){#cff-iframe-1{min-height:545px;}}<\/style><script data-category=\"functional\" type=\"text\/javascript\">window.addEventListener(\"message\", function(e) {\n\t\t\t\t\t\t\tif (\"data\" in e && typeof e.data == \"object\" && ! Array.isArray(e.data) && \"cff_height\" in e.data && \"cff_iframe\" in e.data) {\n\t\t\t\t\t\t\t\ttry{\n\t\t\t\t\t\t\t\t\tlet el = document.getElementById(e.data.cff_iframe);\n\t\t\t\t\t\t\t\t\tel.style.height = e.data.cff_height + \"px\";\n\t\t\t\t\t\t\t\t\tel.style.minHeight=\"auto\";\n\t\t\t\t\t\t\t\t\tif( \"parent\" in window ) parent.postMessage({sentinel: \"amp\",type:\"embed-size\",height: e.data.cff_height+25}, \"*\");\n\t\t\t\t\t\t\t\t} catch(err){}\n\t\t\t\t\t\t\t}\n\t\t\t\t\t\t}, false);\n\t\t\t\t\t\twindow.addEventListener(\"load\", function() {\n\t\t\t\t\t\t\tlet el = document.getElementById(\"cff-iframe-1\");\n\t\t\t\t\t\t\tif(el && el.hasAttribute(\"data-cff-src\")) el.setAttribute(\"src\", el.getAttribute(\"data-cff-src\"));\n\t\t\t\t\t\t});<\/script><iframe  id=\"cff-iframe-1\" title=\"Calculated Fields Form 1\" src=\"\/\/grenzgaengerversicherung.at\/en\/?cff-form=6&amp;cff_iframe=cff-iframe-1\" style=\"border:none;width:100%;overflow-y:hidden;\" onload=\"try{this.width=this.contentWindow.document.body.scrollWidth;this.height=this.contentWindow.document.body.scrollHeight+40;this.style.minHeight='auto';}catch(err){}\" scrolling=\"no\"><\/iframe>[\/vc_column_text][\/vc_column][\/vc_row][\/vc_section]\n<\/div>","protected":false},"excerpt":{"rendered":"<p>[vc_row][vc_column][vc_column_text] Contact us [\/vc_column_text][vc_single_image image=&#8221;904&#8243; img_size=&#8221;full&#8221;][vc_column_text] Contact us without obligation [\/vc_column_text][vc_column_text css=&#8221;&#8221;] Give us a call, send us an e-mail or book a free consultation online right now. Your personal expert in cross-border commuter matters is just a click away. Benefit from our expertise and free advice<\/p>\n","protected":false},"author":1,"featured_media":0,"parent":0,"menu_order":0,"comment_status":"closed","ping_status":"closed","template":"page-FullWidth.php","meta":{"_monsterinsights_skip_tracking":false,"_monsterinsights_sitenote_active":false,"_monsterinsights_sitenote_note":"","_monsterinsights_sitenote_category":0,"footnotes":""},"class_list":["post-983","page","type-page","status-publish","hentry"],"yoast_head":"<!-- This site is optimized with the Yoast SEO Premium plugin v25.2 (Yoast SEO v26.8) - https:\/\/yoast.com\/product\/yoast-seo-premium-wordpress\/ -->\n<title>Cross-border commuters - Insurance &amp; Service | Contact us<\/title>\n<meta name=\"description\" content=\"Free &amp; non-binding cross-border commuter advice | THE expert in Vorarlberg since 2003 | Get in touch with us and save yourself tedious research\" \/>\n<meta name=\"robots\" content=\"index, follow, max-snippet:-1, max-image-preview:large, max-video-preview:-1\" \/>\n<link rel=\"canonical\" href=\"https:\/\/grenzgaengerversicherung.at\/en\/contact-us\" \/>\n<meta property=\"og:locale\" content=\"en_US\" \/>\n<meta property=\"og:type\" content=\"article\" \/>\n<meta property=\"og:title\" content=\"Contact us\" \/>\n<meta property=\"og:description\" content=\"Free &amp; non-binding cross-border commuter advice | THE expert in Vorarlberg since 2003 | Get in touch with us and save yourself tedious research\" \/>\n<meta property=\"og:url\" content=\"https:\/\/grenzgaengerversicherung.at\/en\/contact-us\" \/>\n<meta property=\"og:site_name\" content=\"Cross-Border Insurance &amp; Service \u2013 by B-Quadrat | Professional advice for cross-borders\" \/>\n<meta property=\"article:publisher\" content=\"https:\/\/www.facebook.com\/BQuadratFinanzberatung\/\" \/>\n<meta property=\"article:modified_time\" content=\"2025-06-03T16:51:42+00:00\" \/>\n<meta property=\"og:image\" content=\"https:\/\/grenzgaengerversicherung.at\/wp-content\/uploads\/2017\/11\/Sekret\u00e4rin_Notizen_Breit_M-e1509633201776.jpg\" \/>\n<meta name=\"twitter:card\" content=\"summary_large_image\" \/>\n<meta name=\"twitter:label1\" content=\"Est. reading time\" \/>\n\t<meta name=\"twitter:data1\" content=\"1 minute\" \/>\n<script type=\"application\/ld+json\" class=\"yoast-schema-graph\">{\"@context\":\"https:\/\/schema.org\",\"@graph\":[{\"@type\":\"WebPage\",\"@id\":\"https:\/\/grenzgaengerversicherung.at\/en\/contact-us\",\"url\":\"https:\/\/grenzgaengerversicherung.at\/en\/contact-us\",\"name\":\"Cross-border commuters - Insurance & Service | Contact us\",\"isPartOf\":{\"@id\":\"https:\/\/grenzgaengerversicherung.at\/en#website\"},\"datePublished\":\"2017-10-14T10:26:06+00:00\",\"dateModified\":\"2025-06-03T16:51:42+00:00\",\"description\":\"Free & non-binding cross-border commuter advice | THE expert in Vorarlberg since 2003 | Get in touch with us and save yourself tedious research\",\"breadcrumb\":{\"@id\":\"https:\/\/grenzgaengerversicherung.at\/en\/contact-us#breadcrumb\"},\"inLanguage\":\"en-US\",\"potentialAction\":[{\"@type\":\"ReadAction\",\"target\":[\"https:\/\/grenzgaengerversicherung.at\/en\/contact-us\"]}]},{\"@type\":\"BreadcrumbList\",\"@id\":\"https:\/\/grenzgaengerversicherung.at\/en\/contact-us#breadcrumb\",\"itemListElement\":[{\"@type\":\"ListItem\",\"position\":1,\"name\":\"Startseite\",\"item\":\"https:\/\/grenzgaengerversicherung.at\/en\"},{\"@type\":\"ListItem\",\"position\":2,\"name\":\"Contact us\"}]},{\"@type\":\"WebSite\",\"@id\":\"https:\/\/grenzgaengerversicherung.at\/en#website\",\"url\":\"https:\/\/grenzgaengerversicherung.at\/en\",\"name\":\"Grenzg\u00e4nger - Versicherung & Service von B-Quadrat | Professionelle Beratung f\u00fcr Grenzg\u00e4nger\",\"description\":\"\",\"publisher\":{\"@id\":\"https:\/\/grenzgaengerversicherung.at\/en#organization\"},\"potentialAction\":[{\"@type\":\"SearchAction\",\"target\":{\"@type\":\"EntryPoint\",\"urlTemplate\":\"https:\/\/grenzgaengerversicherung.at\/en?s={search_term_string}\"},\"query-input\":{\"@type\":\"PropertyValueSpecification\",\"valueRequired\":true,\"valueName\":\"search_term_string\"}}],\"inLanguage\":\"en-US\"},{\"@type\":\"Organization\",\"@id\":\"https:\/\/grenzgaengerversicherung.at\/en#organization\",\"name\":\"Cross-Border Insurance & Service \u2013 by B-Quadrat\",\"url\":\"https:\/\/grenzgaengerversicherung.at\/en\",\"logo\":{\"@type\":\"ImageObject\",\"inLanguage\":\"en-US\",\"@id\":\"https:\/\/grenzgaengerversicherung.at\/en#\/schema\/logo\/image\/\",\"url\":\"https:\/\/grenzgaengerversicherung.at\/wp-content\/uploads\/2024\/09\/Logo_Grenzgaengerversicherung_mit-Bquadrat_Logo.png\",\"contentUrl\":\"https:\/\/grenzgaengerversicherung.at\/wp-content\/uploads\/2024\/09\/Logo_Grenzgaengerversicherung_mit-Bquadrat_Logo.png\",\"width\":380,\"height\":141,\"caption\":\"Cross-Border Insurance & Service \u2013 by B-Quadrat\"},\"image\":{\"@id\":\"https:\/\/grenzgaengerversicherung.at\/en#\/schema\/logo\/image\/\"},\"sameAs\":[\"https:\/\/www.facebook.com\/BQuadratFinanzberatung\/\",\"https:\/\/www.linkedin.com\/company\/b-quadrat-finanzberatungs-gmbh\/\"]}]}<\/script>\n<!-- \/ Yoast SEO Premium plugin. -->","yoast_head_json":{"title":"Cross-border commuters - Insurance & Service | Contact us","description":"Free & non-binding cross-border commuter advice | THE expert in Vorarlberg since 2003 | Get in touch with us and save yourself tedious research","robots":{"index":"index","follow":"follow","max-snippet":"max-snippet:-1","max-image-preview":"max-image-preview:large","max-video-preview":"max-video-preview:-1"},"canonical":"https:\/\/grenzgaengerversicherung.at\/en\/contact-us","og_locale":"en_US","og_type":"article","og_title":"Contact us","og_description":"Free & non-binding cross-border commuter advice | THE expert in Vorarlberg since 2003 | Get in touch with us and save yourself tedious research","og_url":"https:\/\/grenzgaengerversicherung.at\/en\/contact-us","og_site_name":"Cross-Border Insurance & Service \u2013 by B-Quadrat | Professional advice for cross-borders","article_publisher":"https:\/\/www.facebook.com\/BQuadratFinanzberatung\/","article_modified_time":"2025-06-03T16:51:42+00:00","og_image":[{"url":"https:\/\/grenzgaengerversicherung.at\/wp-content\/uploads\/2017\/11\/Sekret\u00e4rin_Notizen_Breit_M-e1509633201776.jpg","type":"","width":"","height":""}],"twitter_card":"summary_large_image","twitter_misc":{"Est. reading time":"1 minute"},"schema":{"@context":"https:\/\/schema.org","@graph":[{"@type":"WebPage","@id":"https:\/\/grenzgaengerversicherung.at\/en\/contact-us","url":"https:\/\/grenzgaengerversicherung.at\/en\/contact-us","name":"Cross-border commuters - Insurance & Service | Contact us","isPartOf":{"@id":"https:\/\/grenzgaengerversicherung.at\/en#website"},"datePublished":"2017-10-14T10:26:06+00:00","dateModified":"2025-06-03T16:51:42+00:00","description":"Free & non-binding cross-border commuter advice | THE expert in Vorarlberg since 2003 | Get in touch with us and save yourself tedious research","breadcrumb":{"@id":"https:\/\/grenzgaengerversicherung.at\/en\/contact-us#breadcrumb"},"inLanguage":"en-US","potentialAction":[{"@type":"ReadAction","target":["https:\/\/grenzgaengerversicherung.at\/en\/contact-us"]}]},{"@type":"BreadcrumbList","@id":"https:\/\/grenzgaengerversicherung.at\/en\/contact-us#breadcrumb","itemListElement":[{"@type":"ListItem","position":1,"name":"Startseite","item":"https:\/\/grenzgaengerversicherung.at\/en"},{"@type":"ListItem","position":2,"name":"Contact us"}]},{"@type":"WebSite","@id":"https:\/\/grenzgaengerversicherung.at\/en#website","url":"https:\/\/grenzgaengerversicherung.at\/en","name":"Grenzg\u00e4nger - Versicherung & Service von B-Quadrat | Professionelle Beratung f\u00fcr Grenzg\u00e4nger","description":"","publisher":{"@id":"https:\/\/grenzgaengerversicherung.at\/en#organization"},"potentialAction":[{"@type":"SearchAction","target":{"@type":"EntryPoint","urlTemplate":"https:\/\/grenzgaengerversicherung.at\/en?s={search_term_string}"},"query-input":{"@type":"PropertyValueSpecification","valueRequired":true,"valueName":"search_term_string"}}],"inLanguage":"en-US"},{"@type":"Organization","@id":"https:\/\/grenzgaengerversicherung.at\/en#organization","name":"Cross-Border Insurance & Service \u2013 by B-Quadrat","url":"https:\/\/grenzgaengerversicherung.at\/en","logo":{"@type":"ImageObject","inLanguage":"en-US","@id":"https:\/\/grenzgaengerversicherung.at\/en#\/schema\/logo\/image\/","url":"https:\/\/grenzgaengerversicherung.at\/wp-content\/uploads\/2024\/09\/Logo_Grenzgaengerversicherung_mit-Bquadrat_Logo.png","contentUrl":"https:\/\/grenzgaengerversicherung.at\/wp-content\/uploads\/2024\/09\/Logo_Grenzgaengerversicherung_mit-Bquadrat_Logo.png","width":380,"height":141,"caption":"Cross-Border Insurance & Service \u2013 by B-Quadrat"},"image":{"@id":"https:\/\/grenzgaengerversicherung.at\/en#\/schema\/logo\/image\/"},"sameAs":["https:\/\/www.facebook.com\/BQuadratFinanzberatung\/","https:\/\/www.linkedin.com\/company\/b-quadrat-finanzberatungs-gmbh\/"]}]}},"_links":{"self":[{"href":"https:\/\/grenzgaengerversicherung.at\/en\/wp-json\/wp\/v2\/pages\/983","targetHints":{"allow":["GET"]}}],"collection":[{"href":"https:\/\/grenzgaengerversicherung.at\/en\/wp-json\/wp\/v2\/pages"}],"about":[{"href":"https:\/\/grenzgaengerversicherung.at\/en\/wp-json\/wp\/v2\/types\/page"}],"author":[{"embeddable":true,"href":"https:\/\/grenzgaengerversicherung.at\/en\/wp-json\/wp\/v2\/users\/1"}],"replies":[{"embeddable":true,"href":"https:\/\/grenzgaengerversicherung.at\/en\/wp-json\/wp\/v2\/comments?post=983"}],"version-history":[{"count":3,"href":"https:\/\/grenzgaengerversicherung.at\/en\/wp-json\/wp\/v2\/pages\/983\/revisions"}],"predecessor-version":[{"id":990,"href":"https:\/\/grenzgaengerversicherung.at\/en\/wp-json\/wp\/v2\/pages\/983\/revisions\/990"}],"wp:attachment":[{"href":"https:\/\/grenzgaengerversicherung.at\/en\/wp-json\/wp\/v2\/media?parent=983"}],"curies":[{"name":"wp","href":"https:\/\/api.w.org\/{rel}","templated":true}]}}