{"id":991,"date":"2017-10-15T09:17:02","date_gmt":"2017-10-15T09:17:02","guid":{"rendered":"https:\/\/grenzgaengerversicherung.at\/about-us"},"modified":"2026-03-03T13:30:37","modified_gmt":"2026-03-03T13:30:37","slug":"about-us","status":"publish","type":"page","link":"https:\/\/grenzgaengerversicherung.at\/en\/about-us","title":{"rendered":"About us"},"content":{"rendered":"<div class=\"wpb-content-wrapper\"><p class=\"ai-optimize-52 ai-optimize-introduction\">[vc_row][vc_column][vc_row_inner][vc_column_inner][vc_column_text]\n<h1 class=\"ai-optimize-53\"><strong><span style=\"font-family: verdana, geneva, sans-serif;\">About us<\/span><\/strong><\/h1>\n<p class=\"ai-optimize-54\">[\/vc_column_text][\/vc_column_inner][\/vc_row_inner][vc_column_text]\n<p class=\"ai-optimize-55\" style=\"text-align: justify;\"><span style=\"font-family: verdana, geneva, sans-serif; font-size: 12pt;\">Since 2003, we have been providing you with free information and advice on all topics concerning cross-border commuters, such as health insurance for cross-border commuters, choosing the right bank account, helping you with a net salary calculation, registering with the Austrian tax office, practical tax tips and much more.<\/span><\/p>\n<p class=\"ai-optimize-56\" style=\"text-align: justify;\"><span style=\"font-family: verdana, geneva, sans-serif; font-size: 12pt;\">We work with all Austrian providers and are the leading independent insurance broker and advisor for cross-border commuters in Vorarlberg.<\/span><\/p>\n<p class=\"ai-optimize-57\" style=\"text-align: justify;\"><span style=\"font-family: verdana, geneva, sans-serif; font-size: 12pt;\">You will not incur any costs for our service (independent cross-border commuter advice \/ independent cross-border commuter information), as we are able to offer free advice thanks to the support of our partners.<\/span><\/p>\n<p class=\"ai-optimize-58\" style=\"text-align: justify;\"><span style=\"font-family: verdana, geneva, sans-serif; font-size: 12pt;\">You will find us in Dornbirn, the heart of Vorarlberg, which is very easy to reach from anywhere in Vorarlberg, but also from Switzerland, Liechtenstein and Germany.  <\/span><\/p>\n<p class=\"ai-optimize-59\" style=\"text-align: justify;\"><span style=\"font-family: verdana, geneva, sans-serif; font-size: 12pt;\">Make an appointment, send us an e-mail or give us a call and benefit from our expertise in cross-border commuter matters. We look forward to hearing from you and answering your questions! <\/span><\/p>\n<p class=\"ai-optimize-60\">[\/vc_column_text][\/vc_column][\/vc_row][vc_row][vc_column][\/vc_column][\/vc_row][vc_row][vc_column width=&#8221;1\/2&#8243;][vc_single_image image=&#8221;924&#8243; img_size=&#8221;300&#215;250&#8243; alignment=&#8221;center&#8221;][vc_column_text]\n<p class=\"ai-optimize-61\" style=\"text-align: left;\"><span style=\"font-family: verdana, geneva, sans-serif;\"><span style=\"font-size: 12pt;\"><a href=\"https:\/\/www.b-quadrat.at\/uber-b-quadrat\/unserteam\/martinhaeusler\/\" target=\"_blank\" rel=\"noopener\">Martin H\u00e4usler<\/a><\/span><br \/>\nManaging Director &amp; Client Advisor<\/span><\/p>\n<p class=\"ai-optimize-62\">[\/vc_column_text][\/vc_column][vc_column width=&#8221;1\/2&#8243;][vc_single_image image=&#8221;942&#8243; img_size=&#8221;200&#215;240&#8243; alignment=&#8221;center&#8221; css=&#8221;&#8221;][vc_column_text]<span style=\"font-family: verdana, geneva, sans-serif;\"><span style=\"font-size: 12pt;\"><a href=\"https:\/\/www.b-quadrat.at\/uber-b-quadrat\/unserteam\/roman-tinkhauser\/\" target=\"_blank\" rel=\"noopener\">Roman Tinkhauser<\/a><\/span><br \/>\nCustomer consultant<\/span>[\/vc_column_text][\/vc_column][\/vc_row][vc_row][vc_column width=&#8221;1\/2&#8243;][vc_single_image image=&#8221;926&#8243; img_size=&#8221;210&#215;240&#8243; css=&#8221;&#8221;][vc_column_text]<span style=\"font-family: verdana, geneva, sans-serif;\"><span style=\"font-size: 12pt;\"><a href=\"https:\/\/www.b-quadrat.at\/uber-b-quadrat\/unserteam\/sabrina-immler\/\" target=\"_blank\" rel=\"noopener\">Sabrina Immler<\/a><\/span><br \/>\nBackoffice &amp; Customer Consultant<\/span>[\/vc_column_text][\/vc_column][vc_column width=&#8221;1\/2&#8243;][vc_single_image image=&#8221;946&#8243; img_size=&#8221;200&#215;240&#8243; alignment=&#8221;center&#8221; css=&#8221;&#8221;][vc_column_text css=&#8221;&#8221;]<span style=\"font-family: verdana, geneva, sans-serif;\"><span style=\"font-size: 12pt;\"><a href=\"https:\/\/www.b-quadrat.at\/uber-b-quadrat\/unserteam\/rene-van-beurden\/\" target=\"_blank\" rel=\"noopener\">Ren\u00e9 van Beurden<\/a><\/span><br \/>\nClaims handler &amp; customer advisor<\/span>[\/vc_column_text][\/vc_column][\/vc_row][vc_row][vc_column width=&#8221;1\/2&#8243;][vc_single_image image=&#8221;935&#8243; img_size=&#8221;300&#215;225&#8243;][vc_column_text]<span style=\"font-family: verdana, geneva, sans-serif; font-size: 12pt;\"><a href=\"https:\/\/www.b-quadrat.at\/uber-b-quadrat\/unserteam\/adrijana-nikolic\/\" target=\"_blank\" rel=\"noopener\">Adrijana Nikolic<\/a><\/span><br \/>\n<span style=\"font-family: verdana, geneva, sans-serif;\">back office<\/span>[\/vc_column_text][\/vc_column][vc_column width=&#8221;1\/2&#8243;][vc_single_image image=&#8221;934&#8243; img_size=&#8221;300&#215;225&#8243; css=&#8221;&#8221;][vc_column_text]<span style=\"font-size: 12pt; font-family: verdana, geneva, sans-serif;\"><a href=\"https:\/\/www.b-quadrat.at\/uber-b-quadrat\/unserteam\/stephanie-haeusler\/\" target=\"_blank\" rel=\"noopener\">Stephanie H\u00e4usler, BA<\/a><\/span><br \/>\n<span style=\"font-family: verdana, geneva, sans-serif;\">Back Office<\/span>[\/vc_column_text][\/vc_column][\/vc_row][vc_row][vc_column width=&#8221;1\/2&#8243;][vc_single_image image=&#8221;1096&#8243; img_size=&#8221;300&#215;225&#8243; css=&#8221;&#8221;][vc_column_text css=&#8221;&#8221;]\n<p class=\"ai-optimize-50\"><span style=\"font-family: verdana, geneva, sans-serif; font-size: 12pt;\"><a href=\"https:\/\/www.b-quadrat.at\/uber-b-quadrat\/unserteam\/elias-aidi\/\" target=\"_blank\" rel=\"noopener\">Elias Aidi<\/a><\/span><br \/>\n<span style=\"font-family: verdana, geneva, sans-serif;\">Apprentice<\/span><\/p>\n<p class=\"ai-optimize-63\">[\/vc_column_text][\/vc_column][vc_column width=&#8221;1\/2&#8243;][\/vc_column][\/vc_row]\n<\/div>","protected":false},"excerpt":{"rendered":"<p>[vc_row][vc_column][vc_row_inner][vc_column_inner][vc_column_text] About us [\/vc_column_text][\/vc_column_inner][\/vc_row_inner][vc_column_text] Since 2003, we have been providing you with free information and advice on all topics concerning cross-border commuters, such as health insurance for cross-border commuters, choosing the right bank account, helping you with a net salary calculation, registering with the Austrian tax office,<\/p>\n","protected":false},"author":1,"featured_media":0,"parent":0,"menu_order":0,"comment_status":"closed","ping_status":"closed","template":"","meta":{"_monsterinsights_skip_tracking":false,"_monsterinsights_sitenote_active":false,"_monsterinsights_sitenote_note":"","_monsterinsights_sitenote_category":0,"footnotes":""},"class_list":["post-991","page","type-page","status-publish","hentry"],"yoast_head":"<!-- This site is optimized with the Yoast SEO Premium plugin v25.2 (Yoast SEO v26.8) - https:\/\/yoast.com\/product\/yoast-seo-premium-wordpress\/ -->\n<title>Grenzg\u00e4nger - Insurance &amp; Service | the expert in Vorarlberg<\/title>\n<meta name=\"description\" content=\"Cross-border commuters - Insurance &amp; Service | Free advice &amp; information for cross-border commuters | The independent expert for cross-border commuters in Vorarlberg since 2003\" \/>\n<meta name=\"robots\" content=\"index, follow, max-snippet:-1, max-image-preview:large, max-video-preview:-1\" \/>\n<link rel=\"canonical\" href=\"https:\/\/grenzgaengerversicherung.at\/en\/about-us\" \/>\n<meta property=\"og:locale\" content=\"en_US\" \/>\n<meta property=\"og:type\" content=\"article\" \/>\n<meta property=\"og:title\" content=\"About us\" \/>\n<meta property=\"og:description\" content=\"Cross-border commuters - Insurance &amp; Service | Free advice &amp; information for cross-border commuters | The independent expert for cross-border commuters in Vorarlberg since 2003\" \/>\n<meta property=\"og:url\" content=\"https:\/\/grenzgaengerversicherung.at\/en\/about-us\" \/>\n<meta property=\"og:site_name\" content=\"Cross-Border Insurance &amp; Service \u2013 by B-Quadrat | Professional advice for cross-borders\" \/>\n<meta property=\"article:publisher\" content=\"https:\/\/www.facebook.com\/BQuadratFinanzberatung\/\" \/>\n<meta property=\"article:modified_time\" content=\"2026-03-03T13:30:37+00:00\" \/>\n<meta name=\"twitter:card\" content=\"summary_large_image\" \/>\n<meta name=\"twitter:label1\" content=\"Est. reading time\" \/>\n\t<meta name=\"twitter:data1\" content=\"2 minutes\" \/>\n<script type=\"application\/ld+json\" class=\"yoast-schema-graph\">{\"@context\":\"https:\/\/schema.org\",\"@graph\":[{\"@type\":\"WebPage\",\"@id\":\"https:\/\/grenzgaengerversicherung.at\/en\/about-us\",\"url\":\"https:\/\/grenzgaengerversicherung.at\/en\/about-us\",\"name\":\"Grenzg\u00e4nger - Insurance & Service | the expert in Vorarlberg\",\"isPartOf\":{\"@id\":\"https:\/\/grenzgaengerversicherung.at\/en#website\"},\"datePublished\":\"2017-10-15T09:17:02+00:00\",\"dateModified\":\"2026-03-03T13:30:37+00:00\",\"description\":\"Cross-border commuters - Insurance & Service | Free advice & information for cross-border commuters | The independent expert for cross-border commuters in Vorarlberg since 2003\",\"breadcrumb\":{\"@id\":\"https:\/\/grenzgaengerversicherung.at\/en\/about-us#breadcrumb\"},\"inLanguage\":\"en-US\",\"potentialAction\":[{\"@type\":\"ReadAction\",\"target\":[\"https:\/\/grenzgaengerversicherung.at\/en\/about-us\"]}]},{\"@type\":\"BreadcrumbList\",\"@id\":\"https:\/\/grenzgaengerversicherung.at\/en\/about-us#breadcrumb\",\"itemListElement\":[{\"@type\":\"ListItem\",\"position\":1,\"name\":\"Startseite\",\"item\":\"https:\/\/grenzgaengerversicherung.at\/en\"},{\"@type\":\"ListItem\",\"position\":2,\"name\":\"About us\"}]},{\"@type\":\"WebSite\",\"@id\":\"https:\/\/grenzgaengerversicherung.at\/en#website\",\"url\":\"https:\/\/grenzgaengerversicherung.at\/en\",\"name\":\"Grenzg\u00e4nger - Versicherung & Service von B-Quadrat | Professionelle Beratung f\u00fcr Grenzg\u00e4nger\",\"description\":\"\",\"publisher\":{\"@id\":\"https:\/\/grenzgaengerversicherung.at\/en#organization\"},\"potentialAction\":[{\"@type\":\"SearchAction\",\"target\":{\"@type\":\"EntryPoint\",\"urlTemplate\":\"https:\/\/grenzgaengerversicherung.at\/en?s={search_term_string}\"},\"query-input\":{\"@type\":\"PropertyValueSpecification\",\"valueRequired\":true,\"valueName\":\"search_term_string\"}}],\"inLanguage\":\"en-US\"},{\"@type\":\"Organization\",\"@id\":\"https:\/\/grenzgaengerversicherung.at\/en#organization\",\"name\":\"Cross-Border Insurance & Service \u2013 by B-Quadrat\",\"url\":\"https:\/\/grenzgaengerversicherung.at\/en\",\"logo\":{\"@type\":\"ImageObject\",\"inLanguage\":\"en-US\",\"@id\":\"https:\/\/grenzgaengerversicherung.at\/en#\/schema\/logo\/image\/\",\"url\":\"https:\/\/grenzgaengerversicherung.at\/wp-content\/uploads\/2024\/09\/Logo_Grenzgaengerversicherung_mit-Bquadrat_Logo.png\",\"contentUrl\":\"https:\/\/grenzgaengerversicherung.at\/wp-content\/uploads\/2024\/09\/Logo_Grenzgaengerversicherung_mit-Bquadrat_Logo.png\",\"width\":380,\"height\":141,\"caption\":\"Cross-Border Insurance & Service \u2013 by B-Quadrat\"},\"image\":{\"@id\":\"https:\/\/grenzgaengerversicherung.at\/en#\/schema\/logo\/image\/\"},\"sameAs\":[\"https:\/\/www.facebook.com\/BQuadratFinanzberatung\/\",\"https:\/\/www.linkedin.com\/company\/b-quadrat-finanzberatungs-gmbh\/\"]}]}<\/script>\n<!-- \/ Yoast SEO Premium plugin. -->","yoast_head_json":{"title":"Grenzg\u00e4nger - Insurance & Service | the expert in Vorarlberg","description":"Cross-border commuters - Insurance & Service | Free advice & information for cross-border commuters | The independent expert for cross-border commuters in Vorarlberg since 2003","robots":{"index":"index","follow":"follow","max-snippet":"max-snippet:-1","max-image-preview":"max-image-preview:large","max-video-preview":"max-video-preview:-1"},"canonical":"https:\/\/grenzgaengerversicherung.at\/en\/about-us","og_locale":"en_US","og_type":"article","og_title":"About us","og_description":"Cross-border commuters - Insurance & Service | Free advice & information for cross-border commuters | The independent expert for cross-border commuters in Vorarlberg since 2003","og_url":"https:\/\/grenzgaengerversicherung.at\/en\/about-us","og_site_name":"Cross-Border Insurance & Service \u2013 by B-Quadrat | Professional advice for cross-borders","article_publisher":"https:\/\/www.facebook.com\/BQuadratFinanzberatung\/","article_modified_time":"2026-03-03T13:30:37+00:00","twitter_card":"summary_large_image","twitter_misc":{"Est. reading time":"2 minutes"},"schema":{"@context":"https:\/\/schema.org","@graph":[{"@type":"WebPage","@id":"https:\/\/grenzgaengerversicherung.at\/en\/about-us","url":"https:\/\/grenzgaengerversicherung.at\/en\/about-us","name":"Grenzg\u00e4nger - Insurance & Service | the expert in Vorarlberg","isPartOf":{"@id":"https:\/\/grenzgaengerversicherung.at\/en#website"},"datePublished":"2017-10-15T09:17:02+00:00","dateModified":"2026-03-03T13:30:37+00:00","description":"Cross-border commuters - Insurance & Service | Free advice & information for cross-border commuters | The independent expert for cross-border commuters in Vorarlberg since 2003","breadcrumb":{"@id":"https:\/\/grenzgaengerversicherung.at\/en\/about-us#breadcrumb"},"inLanguage":"en-US","potentialAction":[{"@type":"ReadAction","target":["https:\/\/grenzgaengerversicherung.at\/en\/about-us"]}]},{"@type":"BreadcrumbList","@id":"https:\/\/grenzgaengerversicherung.at\/en\/about-us#breadcrumb","itemListElement":[{"@type":"ListItem","position":1,"name":"Startseite","item":"https:\/\/grenzgaengerversicherung.at\/en"},{"@type":"ListItem","position":2,"name":"About us"}]},{"@type":"WebSite","@id":"https:\/\/grenzgaengerversicherung.at\/en#website","url":"https:\/\/grenzgaengerversicherung.at\/en","name":"Grenzg\u00e4nger - Versicherung & Service von B-Quadrat | Professionelle Beratung f\u00fcr Grenzg\u00e4nger","description":"","publisher":{"@id":"https:\/\/grenzgaengerversicherung.at\/en#organization"},"potentialAction":[{"@type":"SearchAction","target":{"@type":"EntryPoint","urlTemplate":"https:\/\/grenzgaengerversicherung.at\/en?s={search_term_string}"},"query-input":{"@type":"PropertyValueSpecification","valueRequired":true,"valueName":"search_term_string"}}],"inLanguage":"en-US"},{"@type":"Organization","@id":"https:\/\/grenzgaengerversicherung.at\/en#organization","name":"Cross-Border Insurance & Service \u2013 by B-Quadrat","url":"https:\/\/grenzgaengerversicherung.at\/en","logo":{"@type":"ImageObject","inLanguage":"en-US","@id":"https:\/\/grenzgaengerversicherung.at\/en#\/schema\/logo\/image\/","url":"https:\/\/grenzgaengerversicherung.at\/wp-content\/uploads\/2024\/09\/Logo_Grenzgaengerversicherung_mit-Bquadrat_Logo.png","contentUrl":"https:\/\/grenzgaengerversicherung.at\/wp-content\/uploads\/2024\/09\/Logo_Grenzgaengerversicherung_mit-Bquadrat_Logo.png","width":380,"height":141,"caption":"Cross-Border Insurance & Service \u2013 by B-Quadrat"},"image":{"@id":"https:\/\/grenzgaengerversicherung.at\/en#\/schema\/logo\/image\/"},"sameAs":["https:\/\/www.facebook.com\/BQuadratFinanzberatung\/","https:\/\/www.linkedin.com\/company\/b-quadrat-finanzberatungs-gmbh\/"]}]}},"_links":{"self":[{"href":"https:\/\/grenzgaengerversicherung.at\/en\/wp-json\/wp\/v2\/pages\/991","targetHints":{"allow":["GET"]}}],"collection":[{"href":"https:\/\/grenzgaengerversicherung.at\/en\/wp-json\/wp\/v2\/pages"}],"about":[{"href":"https:\/\/grenzgaengerversicherung.at\/en\/wp-json\/wp\/v2\/types\/page"}],"author":[{"embeddable":true,"href":"https:\/\/grenzgaengerversicherung.at\/en\/wp-json\/wp\/v2\/users\/1"}],"replies":[{"embeddable":true,"href":"https:\/\/grenzgaengerversicherung.at\/en\/wp-json\/wp\/v2\/comments?post=991"}],"version-history":[{"count":6,"href":"https:\/\/grenzgaengerversicherung.at\/en\/wp-json\/wp\/v2\/pages\/991\/revisions"}],"predecessor-version":[{"id":1102,"href":"https:\/\/grenzgaengerversicherung.at\/en\/wp-json\/wp\/v2\/pages\/991\/revisions\/1102"}],"wp:attachment":[{"href":"https:\/\/grenzgaengerversicherung.at\/en\/wp-json\/wp\/v2\/media?parent=991"}],"curies":[{"name":"wp","href":"https:\/\/api.w.org\/{rel}","templated":true}]}}